{"id":227421,"date":"2017-02-16T09:16:01","date_gmt":"2017-02-16T08:16:01","guid":{"rendered":"https:\/\/abc-office.eu\/?page_id=227421"},"modified":"2025-10-28T11:19:01","modified_gmt":"2025-10-28T10:19:01","slug":"nemovitosti","status":"publish","type":"page","link":"https:\/\/abc-office.eu\/cs\/nemovitosti\/","title":{"rendered":"Nemovitosti"},"content":{"rendered":"<h2 data-start=\"90\" data-end=\"107\"><strong data-start=\"90\" data-end=\"105\">Nemovitosti<\/strong><\/h2>\n<p style=\"text-align: justify;\">Na\u0161e realitn\u00ed agentura, <strong>ABC Translation<\/strong>, za\u010dala v roce 2017 zakoupen\u00edm bytu o velikosti 7+1 ve \u0160v\u00fdcarsku s c\u00edlem vybudovat mezin\u00e1rodn\u00ed studentskou rezidenci. D\u00edky bl\u00edzkosti univerzity v Lausanne a EPFL (\u00c9cole Polytechnique F\u00e9d\u00e9rale de Lausanne) se rezidence stala \u00fasp\u011bchem hned od sv\u00e9ho otev\u0159en\u00ed v z\u00e1\u0159\u00ed 2017. \u010cty\u0159i pokoje byly pronajaty b\u011bhem n\u011bkolika dn\u00ed a na\u0161e realitn\u00ed odd\u011blen\u00ed tak vzniklo.<\/p>\n<p style=\"text-align: justify;\" data-start=\"474\" data-end=\"633\">Od t\u00e9to prvn\u00ed zku\u0161enosti jsme se nad\u00e1le rozr\u016fstali a nyn\u00ed jsme schopni zajistit n\u00e1kup, prodej, pron\u00e1jem i spr\u00e1vu va\u0161\u00ed nemovitosti ve \u0160v\u00fdcarsku i v zahrani\u010d\u00ed.<\/p>\n<h3 data-start=\"635\" data-end=\"647\"><strong data-start=\"635\" data-end=\"645\">N\u00e1kup:<\/strong><\/h3>\n<p style=\"text-align: justify;\" data-start=\"649\" data-end=\"1032\">Koup\u011b nemovitosti je mimo\u0159\u00e1dn\u011b d\u016fle\u017eit\u00e9 rozhodnut\u00ed, kter\u00e9 ovlivn\u00ed va\u0161i budoucnost na n\u011bkolik let. Takov\u00e9 rozhodnut\u00ed by nem\u011blo b\u00fdt u\u010din\u011bno lehkov\u00e1\u017en\u011b. Proto je d\u016fle\u017eit\u00e9 vybrat si spr\u00e1vn\u00e9ho partnera, kter\u00fd v\u00e1m porad\u00ed v n\u011bkolika kl\u00ed\u010dov\u00fdch bodech, jako je stav nemovitosti, v\u00fdpo\u010det hypot\u00e9ky a dlouhodob\u00e1 \u017eivotaschopnost investice. Dobr\u00e1 anal\u00fdza situace zajist\u00ed zdrav\u00fd a bezpe\u010dn\u00fd n\u00e1kup.<\/p>\n<h3 data-start=\"1034\" data-end=\"1047\"><strong data-start=\"1034\" data-end=\"1045\">Prodej:<\/strong><\/h3>\n<p style=\"text-align: justify;\" data-start=\"1049\" data-end=\"1476\">Realitn\u00ed trh ve \u0160v\u00fdcarsku se neust\u00e1le rozv\u00edj\u00ed a ceny trvale rostou. Dostali jsme se do rozhoduj\u00edc\u00edho okam\u017eiku, kdy nab\u00eddka p\u0159evy\u0161uje popt\u00e1vku, a nyn\u00ed je st\u00e1le obt\u00ed\u017en\u011bj\u0161\u00ed nemovitost prodat vzhledem k mno\u017estv\u00ed nab\u00edzen\u00fdch byt\u016f a dom\u016f. Osloven\u00edm odborn\u00edka si zajist\u00edte vy\u0161\u0161\u00ed \u0161anci prodat va\u0161i nemovitost v krat\u0161\u00ed dob\u011b a za po\u017eadovanou cenu. Vyu\u017eijte na\u0161\u00ed s\u00edt\u011b po cel\u00e9m \u0160v\u00fdcarsku i mezin\u00e1rodn\u011b, abyste zv\u00fd\u0161ili sv\u00e9 \u0161ance na \u00fasp\u011bch.<\/p>\n<h3 data-start=\"1478\" data-end=\"1493\"><strong data-start=\"1478\" data-end=\"1491\">Pron\u00e1jem:<\/strong><\/h3>\n<p style=\"text-align: justify;\" data-start=\"1495\" data-end=\"1906\">Pronajmout svou nemovitost se m\u016f\u017ee zd\u00e1t snadn\u00e9, ale existuje n\u011bkolik \u00faskal\u00ed, kter\u00fdm je t\u0159eba se vyhnout, kdy\u017e chcete pronajmout byt, d\u016fm nebo dokonce pokoj. P\u0159ed zva\u017eov\u00e1n\u00edm potenci\u00e1ln\u00edho n\u00e1jemce mus\u00ed b\u00fdt p\u0159ipraven kompletn\u00ed spis, nap\u0159\u00edklad s v\u00fdpisem ze soudn\u00edch spor\u016f a posledn\u00edmi t\u0159emi v\u00fdplatn\u00edmi p\u00e1skami. Pot\u00e9 mus\u00ed b\u00fdt slo\u017eena kauce bu\u010f bankovn\u00edm p\u0159evodem, nebo prost\u0159ednictv\u00edm n\u00e1jemn\u00ed z\u00e1ruky s poji\u0161\u0165ovnou.<\/p>\n<h3 data-start=\"1908\" data-end=\"1935\"><strong data-start=\"1908\" data-end=\"1933\">Studentsk\u00e9 ubytov\u00e1n\u00ed:<\/strong><\/h3>\n<p style=\"text-align: justify;\">M\u00e1me k dispozici n\u011bkolik studentsk\u00fdch ubytov\u00e1n\u00ed na kr\u00e1tkodob\u00e9 i dlouhodob\u00e9 obdob\u00ed. V\u011bt\u0161ina na\u0161ich ubytovac\u00edch kapacit se nach\u00e1z\u00ed v bl\u00edzkosti univerzity v Lausanne, EPFL, ECAL a EHL. Nej\u017e\u00e1dan\u011bj\u0161\u00ed jsou sd\u00edlen\u00e9 pokoje a garzonky. Je t\u0159eba pl\u00e1novat dop\u0159edu, abyste si byli jisti, \u017ee budete m\u00edt ubytov\u00e1n\u00ed na za\u010d\u00e1tku \u0161koln\u00edho roku.<\/p>\n<h3 data-start=\"2264\" data-end=\"2299\"><strong data-start=\"2264\" data-end=\"2297\">Lovec byt\u016f (realitn\u00ed slu\u017eby):<\/strong><\/h3>\n<p style=\"text-align: justify;\" data-start=\"2301\" data-end=\"2572\">M\u00e1te pot\u00ed\u017ee naj\u00edt ubytov\u00e1n\u00ed podle sv\u00fdch krit\u00e9ri\u00ed nebo probl\u00e9my s nalezen\u00edm n\u00e1jemn\u00edho bytu? Na\u0161i \u201elovci byt\u016f\u201c jsou v\u00e1m k dispozici, aby v\u00e1m pomohli naj\u00edt nemovitost co nejrychleji. D\u00edky na\u0161\u00ed s\u00edti a profesionalit\u011b v\u00e1m najdeme bydlen\u00ed co nejd\u0159\u00edve a podle va\u0161ich po\u017eadavk\u016f.<\/p>\n<h3 data-start=\"2574\" data-end=\"2593\"><strong data-start=\"2574\" data-end=\"2591\">Home Staging:<\/strong><\/h3>\n<p style=\"text-align: justify;\" data-start=\"2595\" data-end=\"2889\">M\u00e1te probl\u00e9my s prodejem va\u0161\u00ed nemovitosti? V tom p\u0159\u00edpad\u011b se m\u016f\u017eete obr\u00e1tit na n\u00e1\u0161 t\u00fdm Home Staging, kter\u00fd se specializuje na zatraktivn\u011bn\u00ed byt\u016f a dom\u016f s c\u00edlem usnadnit jejich prodej. Tento syst\u00e9m se osv\u011bd\u010dil u nemovitost\u00ed, kter\u00e9 pot\u0159ebuj\u00ed rychlou renovaci nebo n\u011bkolik \u00faprav, aby se odli\u0161ily.<\/p>\n<h3 data-start=\"2891\" data-end=\"2922\"><strong data-start=\"2891\" data-end=\"2920\">Odhad ceny (nemovitosti):<\/strong><\/h3>\n<p style=\"text-align: justify;\">Spr\u00e1vn\u00e9 ocen\u011bn\u00ed nemovitosti ve srovn\u00e1n\u00ed s tr\u017en\u00ed cenou je kl\u00ed\u010dov\u00e9 pro \u00fasp\u011b\u0161n\u00fd prodej za spr\u00e1vnou cenu. D\u00edky krit\u00e9ri\u00edm, jako je rok v\u00fdstavby a poloha, budeme schopni odhadnout va\u0161i nemovitost co nejbl\u00ed\u017ee jej\u00ed skute\u010dn\u00e9 hodnot\u011b na sou\u010dasn\u00e9m realitn\u00edm <a href=\"https:\/\/abc-office.eu\/cs\/\"><u>trhu<\/u><\/a>.<\/p>\n<p data-start=\"2924\" data-end=\"3178\"><a href=\"https:\/\/www.instagram.com\/dr_immo\/?hl=fr\"><img loading=\"lazy\" decoding=\"async\" class=\"aligncenter wp-image-109\" src=\"https:\/\/abc-office.ch\/wp-content\/uploads\/2018\/06\/Dr_Immo.jpg\" alt=\"Nemovitosti\" width=\"222\" height=\"222\" \/><\/a><\/p>\n","protected":false},"excerpt":{"rendered":"<p>Nemovitosti Na\u0161e realitn\u00ed agentura, ABC Translation, za\u010dala v roce 2017 zakoupen\u00edm bytu o velikosti 7+1 ve \u0160v\u00fdcarsku s c\u00edlem vybudovat mezin\u00e1rodn\u00ed studentskou rezidenci. D\u00edky bl\u00edzkosti univerzity v Lausanne a EPFL (\u00c9cole Polytechnique F\u00e9d\u00e9rale de Lausanne) se rezidence stala \u00fasp\u011bchem hned od sv\u00e9ho otev\u0159en\u00ed v z\u00e1\u0159\u00ed 2017. \u010cty\u0159i pokoje byly pronajaty b\u011bhem n\u011bkolika dn\u00ed a na\u0161e&#8230;<\/p>\n","protected":false},"author":1,"featured_media":226923,"parent":0,"menu_order":0,"comment_status":"closed","ping_status":"closed","template":"","meta":{"sfsi_plus_gutenberg_text_before_share":"","sfsi_plus_gutenberg_show_text_before_share":"","sfsi_plus_gutenberg_icon_type":"","sfsi_plus_gutenberg_icon_alignemt":"","sfsi_plus_gutenburg_max_per_row":"","footnotes":""},"class_list":["post-227421","page","type-page","status-publish","has-post-thumbnail","hentry"],"yoast_head":"<!-- This site is optimized with the Yoast SEO plugin v23.8 - https:\/\/yoast.com\/wordpress\/plugins\/seo\/ -->\n<title>Nemovitosti | ABC Translation | Koup\u011b | Prodej | Pron\u00e1jem<\/title>\n<meta name=\"description\" content=\"ABC Translation | Nemovitosti | Koup\u011b | Prodej | Pron\u00e1jem | Podn\u00e1jem | Studentsk\u00e9 ubytov\u00e1n\u00ed | Home Staging | Realitn\u00ed kancel\u00e1\u0159 v Evropsk\u00e9\" \/>\n<meta name=\"robots\" content=\"index, follow, max-snippet:-1, max-image-preview:large, max-video-preview:-1\" \/>\n<link rel=\"canonical\" href=\"https:\/\/abc-office.eu\/cs\/nemovitosti\/\" \/>\n<meta property=\"og:locale\" content=\"cs_CZ\" \/>\n<meta property=\"og:type\" content=\"article\" \/>\n<meta property=\"og:title\" content=\"Nemovitosti | ABC Translation | Koup\u011b | Prodej | Pron\u00e1jem\" \/>\n<meta property=\"og:description\" content=\"ABC Translation | Nemovitosti | Koup\u011b | Prodej | Pron\u00e1jem | Podn\u00e1jem | Studentsk\u00e9 ubytov\u00e1n\u00ed | Home Staging | Realitn\u00ed kancel\u00e1\u0159 v Evropsk\u00e9\" \/>\n<meta property=\"og:url\" content=\"https:\/\/abc-office.eu\/cs\/nemovitosti\/\" \/>\n<meta property=\"og:site_name\" content=\"ABC Translation\" \/>\n<meta property=\"article:modified_time\" content=\"2025-10-28T10:19:01+00:00\" \/>\n<meta property=\"og:image\" content=\"https:\/\/abc-office.eu\/wp-content\/uploads\/2025\/10\/Immo-768x513-4.jpg\" \/>\n\t<meta property=\"og:image:width\" content=\"768\" \/>\n\t<meta property=\"og:image:height\" content=\"513\" \/>\n\t<meta property=\"og:image:type\" content=\"image\/jpeg\" \/>\n<meta name=\"twitter:card\" content=\"summary_large_image\" \/>\n<meta name=\"twitter:label1\" content=\"Odhadovan\u00e1 doba \u010dten\u00ed\" \/>\n\t<meta name=\"twitter:data1\" content=\"3 minuty\" \/>\n<script type=\"application\/ld+json\" class=\"yoast-schema-graph\">{\"@context\":\"https:\/\/schema.org\",\"@graph\":[{\"@type\":\"WebPage\",\"@id\":\"https:\/\/abc-office.eu\/cs\/nemovitosti\/\",\"url\":\"https:\/\/abc-office.eu\/cs\/nemovitosti\/\",\"name\":\"Nemovitosti | ABC Translation | Koup\u011b | Prodej | Pron\u00e1jem\",\"isPartOf\":{\"@id\":\"https:\/\/abc-office.eu\/cs\/#website\"},\"primaryImageOfPage\":{\"@id\":\"https:\/\/abc-office.eu\/cs\/nemovitosti\/#primaryimage\"},\"image\":{\"@id\":\"https:\/\/abc-office.eu\/cs\/nemovitosti\/#primaryimage\"},\"thumbnailUrl\":\"https:\/\/abc-office.eu\/wp-content\/uploads\/2025\/10\/Immo-768x513-4.jpg\",\"datePublished\":\"2017-02-16T08:16:01+00:00\",\"dateModified\":\"2025-10-28T10:19:01+00:00\",\"description\":\"ABC Translation | Nemovitosti | Koup\u011b | Prodej | Pron\u00e1jem | Podn\u00e1jem | Studentsk\u00e9 ubytov\u00e1n\u00ed | Home Staging | Realitn\u00ed kancel\u00e1\u0159 v Evropsk\u00e9\",\"breadcrumb\":{\"@id\":\"https:\/\/abc-office.eu\/cs\/nemovitosti\/#breadcrumb\"},\"inLanguage\":\"cs\",\"potentialAction\":[{\"@type\":\"ReadAction\",\"target\":[\"https:\/\/abc-office.eu\/cs\/nemovitosti\/\"]}]},{\"@type\":\"ImageObject\",\"inLanguage\":\"cs\",\"@id\":\"https:\/\/abc-office.eu\/cs\/nemovitosti\/#primaryimage\",\"url\":\"https:\/\/abc-office.eu\/wp-content\/uploads\/2025\/10\/Immo-768x513-4.jpg\",\"contentUrl\":\"https:\/\/abc-office.eu\/wp-content\/uploads\/2025\/10\/Immo-768x513-4.jpg\",\"width\":768,\"height\":513},{\"@type\":\"BreadcrumbList\",\"@id\":\"https:\/\/abc-office.eu\/cs\/nemovitosti\/#breadcrumb\",\"itemListElement\":[{\"@type\":\"ListItem\",\"position\":1,\"name\":\"Accueil\",\"item\":\"https:\/\/abc-office.eu\/cs\/\"},{\"@type\":\"ListItem\",\"position\":2,\"name\":\"Nemovitosti\"}]},{\"@type\":\"WebSite\",\"@id\":\"https:\/\/abc-office.eu\/cs\/#website\",\"url\":\"https:\/\/abc-office.eu\/cs\/\",\"name\":\"ABC Translation\",\"description\":\"info@abc-office.eu\",\"potentialAction\":[{\"@type\":\"SearchAction\",\"target\":{\"@type\":\"EntryPoint\",\"urlTemplate\":\"https:\/\/abc-office.eu\/cs\/?s={search_term_string}\"},\"query-input\":{\"@type\":\"PropertyValueSpecification\",\"valueRequired\":true,\"valueName\":\"search_term_string\"}}],\"inLanguage\":\"cs\"}]}<\/script>\n<!-- \/ Yoast SEO plugin. -->","yoast_head_json":{"title":"Nemovitosti | ABC Translation | Koup\u011b | Prodej | Pron\u00e1jem","description":"ABC Translation | Nemovitosti | Koup\u011b | Prodej | Pron\u00e1jem | Podn\u00e1jem | Studentsk\u00e9 ubytov\u00e1n\u00ed | Home Staging | Realitn\u00ed kancel\u00e1\u0159 v Evropsk\u00e9","robots":{"index":"index","follow":"follow","max-snippet":"max-snippet:-1","max-image-preview":"max-image-preview:large","max-video-preview":"max-video-preview:-1"},"canonical":"https:\/\/abc-office.eu\/cs\/nemovitosti\/","og_locale":"cs_CZ","og_type":"article","og_title":"Nemovitosti | ABC Translation | Koup\u011b | Prodej | Pron\u00e1jem","og_description":"ABC Translation | Nemovitosti | Koup\u011b | Prodej | Pron\u00e1jem | Podn\u00e1jem | Studentsk\u00e9 ubytov\u00e1n\u00ed | Home Staging | Realitn\u00ed kancel\u00e1\u0159 v Evropsk\u00e9","og_url":"https:\/\/abc-office.eu\/cs\/nemovitosti\/","og_site_name":"ABC Translation","article_modified_time":"2025-10-28T10:19:01+00:00","og_image":[{"width":768,"height":513,"url":"https:\/\/abc-office.eu\/wp-content\/uploads\/2025\/10\/Immo-768x513-4.jpg","type":"image\/jpeg"}],"twitter_card":"summary_large_image","twitter_misc":{"Odhadovan\u00e1 doba \u010dten\u00ed":"3 minuty"},"schema":{"@context":"https:\/\/schema.org","@graph":[{"@type":"WebPage","@id":"https:\/\/abc-office.eu\/cs\/nemovitosti\/","url":"https:\/\/abc-office.eu\/cs\/nemovitosti\/","name":"Nemovitosti | ABC Translation | Koup\u011b | Prodej | Pron\u00e1jem","isPartOf":{"@id":"https:\/\/abc-office.eu\/cs\/#website"},"primaryImageOfPage":{"@id":"https:\/\/abc-office.eu\/cs\/nemovitosti\/#primaryimage"},"image":{"@id":"https:\/\/abc-office.eu\/cs\/nemovitosti\/#primaryimage"},"thumbnailUrl":"https:\/\/abc-office.eu\/wp-content\/uploads\/2025\/10\/Immo-768x513-4.jpg","datePublished":"2017-02-16T08:16:01+00:00","dateModified":"2025-10-28T10:19:01+00:00","description":"ABC Translation | Nemovitosti | Koup\u011b | Prodej | Pron\u00e1jem | Podn\u00e1jem | Studentsk\u00e9 ubytov\u00e1n\u00ed | Home Staging | Realitn\u00ed kancel\u00e1\u0159 v Evropsk\u00e9","breadcrumb":{"@id":"https:\/\/abc-office.eu\/cs\/nemovitosti\/#breadcrumb"},"inLanguage":"cs","potentialAction":[{"@type":"ReadAction","target":["https:\/\/abc-office.eu\/cs\/nemovitosti\/"]}]},{"@type":"ImageObject","inLanguage":"cs","@id":"https:\/\/abc-office.eu\/cs\/nemovitosti\/#primaryimage","url":"https:\/\/abc-office.eu\/wp-content\/uploads\/2025\/10\/Immo-768x513-4.jpg","contentUrl":"https:\/\/abc-office.eu\/wp-content\/uploads\/2025\/10\/Immo-768x513-4.jpg","width":768,"height":513},{"@type":"BreadcrumbList","@id":"https:\/\/abc-office.eu\/cs\/nemovitosti\/#breadcrumb","itemListElement":[{"@type":"ListItem","position":1,"name":"Accueil","item":"https:\/\/abc-office.eu\/cs\/"},{"@type":"ListItem","position":2,"name":"Nemovitosti"}]},{"@type":"WebSite","@id":"https:\/\/abc-office.eu\/cs\/#website","url":"https:\/\/abc-office.eu\/cs\/","name":"ABC Translation","description":"info@abc-office.eu","potentialAction":[{"@type":"SearchAction","target":{"@type":"EntryPoint","urlTemplate":"https:\/\/abc-office.eu\/cs\/?s={search_term_string}"},"query-input":{"@type":"PropertyValueSpecification","valueRequired":true,"valueName":"search_term_string"}}],"inLanguage":"cs"}]}},"_links":{"self":[{"href":"https:\/\/abc-office.eu\/cs\/wp-json\/wp\/v2\/pages\/227421","targetHints":{"allow":["GET"]}}],"collection":[{"href":"https:\/\/abc-office.eu\/cs\/wp-json\/wp\/v2\/pages"}],"about":[{"href":"https:\/\/abc-office.eu\/cs\/wp-json\/wp\/v2\/types\/page"}],"author":[{"embeddable":true,"href":"https:\/\/abc-office.eu\/cs\/wp-json\/wp\/v2\/users\/1"}],"replies":[{"embeddable":true,"href":"https:\/\/abc-office.eu\/cs\/wp-json\/wp\/v2\/comments?post=227421"}],"version-history":[{"count":3,"href":"https:\/\/abc-office.eu\/cs\/wp-json\/wp\/v2\/pages\/227421\/revisions"}],"predecessor-version":[{"id":232050,"href":"https:\/\/abc-office.eu\/cs\/wp-json\/wp\/v2\/pages\/227421\/revisions\/232050"}],"wp:featuredmedia":[{"embeddable":true,"href":"https:\/\/abc-office.eu\/cs\/wp-json\/wp\/v2\/media\/226923"}],"wp:attachment":[{"href":"https:\/\/abc-office.eu\/cs\/wp-json\/wp\/v2\/media?parent=227421"}],"curies":[{"name":"wp","href":"https:\/\/api.w.org\/{rel}","templated":true}]}}