{"id":227415,"date":"2017-02-16T09:17:00","date_gmt":"2017-02-16T08:17:00","guid":{"rendered":"https:\/\/abc-office.eu\/?page_id=227415"},"modified":"2025-10-28T13:28:38","modified_gmt":"2025-10-28T12:28:38","slug":"preklady","status":"publish","type":"page","link":"https:\/\/abc-office.eu\/cs\/preklady\/","title":{"rendered":"P\u0159eklady"},"content":{"rendered":"<h2 data-start=\"92\" data-end=\"106\"><strong data-start=\"92\" data-end=\"104\">P\u0159eklady<\/strong><\/h2>\n<p style=\"text-align: justify;\">Na\u0161e agentura, <strong>ABC Translation<\/strong>, se ji\u017e mnoho let specializuje na oblast p\u0159eklad\u016f a tlumo\u010den\u00ed. Dok\u00e1\u017eeme v\u00e1m poskytnout v\u0161echny slu\u017eby v t\u00e9to oblasti \u2013 a\u0165 u\u017e se jedn\u00e1 o \u00fa\u0159edn\u00ed p\u0159eklad, jednoduch\u00fd p\u0159eklad nebo tlumo\u010den\u00ed (na\u017eivo).<\/p>\n<p style=\"text-align: justify;\" data-start=\"353\" data-end=\"761\">S t\u00fdmem v\u00edce ne\u017e 800 p\u0159ekladatel\u016f a tlumo\u010dn\u00edk\u016f um\u00edme zvl\u00e1dnout jak\u00fdkoliv typ projektu v mimo\u0159\u00e1dn\u011b kr\u00e1tk\u00fdch lh\u016ft\u00e1ch. Kvalita a rychlost reakce jsou na\u0161imi hesly pro v\u00fdsledky, kter\u00e9 v\u017edy spl\u0148uj\u00ed o\u010dek\u00e1v\u00e1n\u00ed na\u0161ich z\u00e1kazn\u00edk\u016f. P\u016fsob\u00edme v Evropsk\u00e9 unii a ve Spojen\u00e9m kr\u00e1lovstv\u00ed. D\u00edky t\u00e9to p\u0159\u00edtomnosti a na\u0161\u00ed flexibilit\u011b jsme se mohli rozv\u00edjet a nyn\u00ed nab\u00edz\u00edme p\u0159ekladatelsk\u00e9 slu\u017eby ve v\u00edce ne\u017e 60 r\u016fzn\u00fdch jazyc\u00edch.<\/p>\n<h3><strong>\u00da\u0159edn\u00ed p\u0159eklad:<\/strong><\/h3>\n<p style=\"text-align: justify;\">Specializujeme se na \u00fa\u0159edn\u00ed p\u0159eklady, abychom v\u00e1m usnadnili pobyt po p\u0159\u00edjezdu do EU nebo do Spojen\u00e9ho kr\u00e1lovstv\u00ed, p\u0159\u00edpadn\u011b p\u0159i cest\u00e1ch do zahrani\u010d\u00ed. P\u0159eklady jsou obvykle legalizov\u00e1ny u na\u0161eho not\u00e1\u0159e a pot\u00e9 s apostilou nebo legalizac\u00ed podle platn\u00fdch \u00famluv. Dodac\u00ed lh\u016fty na\u0161ich z\u00e1kazn\u00edk\u016f jsou \u010dasto velmi kr\u00e1tk\u00e9.<\/p>\n<p style=\"text-align: justify;\">Proto jsme zavedli syst\u00e9m, kter\u00fd umo\u017e\u0148uje p\u0159eklady, legalizaci a opat\u0159en\u00ed apostilou v rekordn\u00edm \u010dase. Nap\u0159\u00edklad na zpracov\u00e1n\u00ed dokumentu o m\u00e9n\u011b ne\u017e p\u011bti stran\u00e1ch pot\u0159ebujeme dva dny, abychom provedli v\u0161echny kroky. Tyto p\u0159eklady pak mohou b\u00fdt v p\u0159\u00edpad\u011b pot\u0159eby legalizov\u00e1ny konzul\u00e1tem c\u00edlov\u00e9 zem\u011b.<\/p>\n<p style=\"text-align: justify;\">Ofici\u00e1ln\u00ed p\u0159eklad pro uzn\u00e1n\u00ed va\u0161ich zahrani\u010dn\u00edch diplom\u016f v EU a\/nebo ve Spojen\u00e9m kr\u00e1lovstv\u00ed je rovn\u011b\u017e sou\u010d\u00e1st\u00ed na\u0161\u00ed nab\u00eddky slu\u017eeb. Op\u011bt p\u0159elo\u017e\u00edme dokumenty a pot\u00e9 je nech\u00e1me legalizovat u not\u00e1\u0159e, aby mohly b\u00fdt p\u0159ijaty p\u0159\u00edslu\u0161n\u00fdmi org\u00e1ny pro uzn\u00e1v\u00e1n\u00ed.<\/p>\n<p style=\"text-align: justify;\">Va\u0161e slo\u017eka tak bude kompletn\u00ed pro anal\u00fdzu uzn\u00e1vac\u00edmi org\u00e1ny.<\/p>\n<h3 data-start=\"1755\" data-end=\"1768\"><strong data-start=\"1755\" data-end=\"1766\">Jazyky:<\/strong><\/h3>\n<p style=\"text-align: justify;\" data-start=\"1770\" data-end=\"2831\">Afrik\u00e1n\u0161tina | Alb\u00e1n\u0161tina | N\u011bm\u010dina | Americk\u00e1 angli\u010dtina | Amhar\u0161tina | Angli\u010dtina | Arab\u0161tina | Arm\u00e9n\u0161tina | Aymara | \u00c1zerb\u00e1jd\u017e\u00e1n\u0161tina | Baski\u010dtina | Bengal\u0161tina | B\u011bloru\u0161tina | Barmsk\u00fd jazyk | Bosensk\u00fd jazyk | Brazilsk\u00e1 portugal\u0161tina | Bulhar\u0161tina | Kantonsk\u00e1 \u010d\u00edn\u0161tina | Katal\u00e1n\u0161tina | Sinh\u00e1l\u0161tina | \u010c\u00edn\u0161tina | Zjednodu\u0161en\u00e1 \u010d\u00edn\u0161tina | Tradi\u010dn\u00ed \u010d\u00edn\u0161tina | Korej\u0161tina | Chorvat\u0161tina | D\u00e1n\u0161tina | Dar\u00ed | \u0160pan\u011bl\u0161tina | Eston\u0161tina | Ewe | F\u00e1rs\u00ed | Fin\u0161tina | Gruz\u00edn\u0161tina | \u0158e\u010dtina | Guaran\u00ed | Hebrej\u0161tina | Hind\u0161tina | Ma\u010far\u0161tina | Indon\u00e9\u0161tina | Ital\u0161tina | Japon\u0161tina | Kaza\u0161tina | Khmer\u0161tina | Kyrgyz\u0161tina | Kurd\u0161tina | Lao\u0161tina | Loty\u0161tina | Lingala | Litev\u0161tina | Makedon\u0161tina | Malaj\u0161tina | Malayalam | Mandar\u00edn\u0161tina | Moldav\u0161tina | Mongol\u0161tina | \u010cernohor\u0161tina | Nizozem\u0161tina | Nor\u0161tina | Urdu | Uzbe\u010dtina | Pa\u0161t\u0161tina | Pa\u0148d\u017e\u00e1b\u0161tina | Per\u0161tina | Fula | Pol\u0161tina | Portugal\u0161tina | Ke\u010du\u00e1n\u0161tina | Rumun\u0161tina | Ru\u0161tina | Srb\u0161tina | Sloven\u0161tina | Slovin\u0161tina | \u0160v\u00e9d\u0161tina | Tamil\u0161tina | \u010ce\u0161tina | Thaj\u0161tina | Ture\u010dtina | Turkmen\u0161tina | Ukrajin\u0161tina | Vietnam\u0161tina<\/p>\n<h3 data-start=\"2833\" data-end=\"2849\"><strong data-start=\"2833\" data-end=\"2847\">Dokumenty:<\/strong><\/h3>\n<p style=\"text-align: justify;\">Rodn\u00fd list | Oddac\u00ed list | Osv\u011bd\u010den\u00ed o rodinn\u00e9m stavu | Potvrzen\u00ed | Patent | V\u00fdpis z rejst\u0159\u00edku trest\u016f | Certifik\u00e1t | Vysv\u011bd\u010den\u00ed o pr\u00e1vn\u00ed zp\u016fsobilosti k uzav\u0159en\u00ed man\u017eelstv\u00ed | \u00damrtn\u00ed list | Osv\u011bd\u010den\u00ed o rodin\u011b | Potvrzen\u00ed o zam\u011bstn\u00e1n\u00ed | Da\u0148ov\u00e9 p\u0159izn\u00e1n\u00ed | Diplom | Pas | \u0158idi\u010dsk\u00fd pr\u016fkaz | Z\u00e1v\u011b\u0165 | V\u00edzum | Smlouva | Navrh na rozvod | Man\u017eelsk\u00e1 smlouva | Rozsudek | \u0158\u00edzen\u00ed | Pln\u00e1 moc | Protokol<\/p>\n<p style=\"text-align: justify;\" data-start=\"3214\" data-end=\"3257\">Pro jin\u00fd jazyk n\u00e1s nev\u00e1hejte <a href=\"https:\/\/abc-office.eu\/cs\/\">kontaktovat<\/a>.<\/p>\n<p data-start=\"3214\" data-end=\"3257\"><img loading=\"lazy\" decoding=\"async\" class=\"aligncenter wp-image-26 size-medium\" src=\"https:\/\/abc-office.ch\/wp-content\/uploads\/2018\/06\/imageedit_1_6241191614-300x300.gif\" alt=\"P\u0159eklady\" width=\"300\" height=\"300\" \/><\/p>\n","protected":false},"excerpt":{"rendered":"<p>P\u0159eklady Na\u0161e agentura, ABC Translation, se ji\u017e mnoho let specializuje na oblast p\u0159eklad\u016f a tlumo\u010den\u00ed. Dok\u00e1\u017eeme v\u00e1m poskytnout v\u0161echny slu\u017eby v t\u00e9to oblasti \u2013 a\u0165 u\u017e se jedn\u00e1 o \u00fa\u0159edn\u00ed p\u0159eklad, jednoduch\u00fd p\u0159eklad nebo tlumo\u010den\u00ed (na\u017eivo). S t\u00fdmem v\u00edce ne\u017e 800 p\u0159ekladatel\u016f a tlumo\u010dn\u00edk\u016f um\u00edme zvl\u00e1dnout jak\u00fdkoliv typ projektu v mimo\u0159\u00e1dn\u011b kr\u00e1tk\u00fdch lh\u016ft\u00e1ch. Kvalita a&#8230;<\/p>\n","protected":false},"author":1,"featured_media":226887,"parent":0,"menu_order":0,"comment_status":"closed","ping_status":"closed","template":"","meta":{"sfsi_plus_gutenberg_text_before_share":"","sfsi_plus_gutenberg_show_text_before_share":"","sfsi_plus_gutenberg_icon_type":"","sfsi_plus_gutenberg_icon_alignemt":"","sfsi_plus_gutenburg_max_per_row":"","footnotes":""},"class_list":["post-227415","page","type-page","status-publish","has-post-thumbnail","hentry"],"yoast_head":"<!-- This site is optimized with the Yoast SEO plugin v23.8 - https:\/\/yoast.com\/wordpress\/plugins\/seo\/ -->\n<title>P\u0159eklady | Ofici\u00e1ln\u00ed p\u0159eklad | Profesion\u00e1ln\u00ed p\u0159eklady vysok\u00e9 kvality<\/title>\n<meta name=\"description\" content=\"P\u0159eklady pro va\u0161e administrativn\u00ed \u0159\u00edzen\u00ed | Certifikovan\u00e9 a ofici\u00e1ln\u00ed p\u0159eklady | Uzn\u00e1van\u00e9 v\u0161emi institucemi v EU i v zahrani\u010d\u00ed\" \/>\n<meta name=\"robots\" content=\"index, follow, max-snippet:-1, max-image-preview:large, max-video-preview:-1\" \/>\n<link rel=\"canonical\" href=\"https:\/\/abc-office.eu\/cs\/preklady\/\" \/>\n<meta property=\"og:locale\" content=\"cs_CZ\" \/>\n<meta property=\"og:type\" content=\"article\" \/>\n<meta property=\"og:title\" content=\"P\u0159eklady | Ofici\u00e1ln\u00ed p\u0159eklad | Profesion\u00e1ln\u00ed p\u0159eklady vysok\u00e9 kvality\" \/>\n<meta property=\"og:description\" content=\"P\u0159eklady pro va\u0161e administrativn\u00ed \u0159\u00edzen\u00ed | Certifikovan\u00e9 a ofici\u00e1ln\u00ed p\u0159eklady | Uzn\u00e1van\u00e9 v\u0161emi institucemi v EU i v zahrani\u010d\u00ed\" \/>\n<meta property=\"og:url\" content=\"https:\/\/abc-office.eu\/cs\/preklady\/\" \/>\n<meta property=\"og:site_name\" content=\"ABC Translation\" \/>\n<meta property=\"article:modified_time\" content=\"2025-10-28T12:28:38+00:00\" \/>\n<meta property=\"og:image\" content=\"https:\/\/abc-office.eu\/wp-content\/uploads\/2025\/10\/Traduction-3.jpg\" \/>\n\t<meta property=\"og:image:width\" content=\"650\" \/>\n\t<meta property=\"og:image:height\" content=\"400\" \/>\n\t<meta property=\"og:image:type\" content=\"image\/jpeg\" \/>\n<meta name=\"twitter:card\" content=\"summary_large_image\" \/>\n<meta name=\"twitter:label1\" content=\"Odhadovan\u00e1 doba \u010dten\u00ed\" \/>\n\t<meta name=\"twitter:data1\" content=\"3 minuty\" \/>\n<script type=\"application\/ld+json\" class=\"yoast-schema-graph\">{\"@context\":\"https:\/\/schema.org\",\"@graph\":[{\"@type\":\"WebPage\",\"@id\":\"https:\/\/abc-office.eu\/cs\/preklady\/\",\"url\":\"https:\/\/abc-office.eu\/cs\/preklady\/\",\"name\":\"P\u0159eklady | Ofici\u00e1ln\u00ed p\u0159eklad | Profesion\u00e1ln\u00ed p\u0159eklady vysok\u00e9 kvality\",\"isPartOf\":{\"@id\":\"https:\/\/abc-office.eu\/cs\/#website\"},\"primaryImageOfPage\":{\"@id\":\"https:\/\/abc-office.eu\/cs\/preklady\/#primaryimage\"},\"image\":{\"@id\":\"https:\/\/abc-office.eu\/cs\/preklady\/#primaryimage\"},\"thumbnailUrl\":\"https:\/\/abc-office.eu\/wp-content\/uploads\/2025\/10\/Traduction-3.jpg\",\"datePublished\":\"2017-02-16T08:17:00+00:00\",\"dateModified\":\"2025-10-28T12:28:38+00:00\",\"description\":\"P\u0159eklady pro va\u0161e administrativn\u00ed \u0159\u00edzen\u00ed | Certifikovan\u00e9 a ofici\u00e1ln\u00ed p\u0159eklady | Uzn\u00e1van\u00e9 v\u0161emi institucemi v EU i v zahrani\u010d\u00ed\",\"breadcrumb\":{\"@id\":\"https:\/\/abc-office.eu\/cs\/preklady\/#breadcrumb\"},\"inLanguage\":\"cs\",\"potentialAction\":[{\"@type\":\"ReadAction\",\"target\":[\"https:\/\/abc-office.eu\/cs\/preklady\/\"]}]},{\"@type\":\"ImageObject\",\"inLanguage\":\"cs\",\"@id\":\"https:\/\/abc-office.eu\/cs\/preklady\/#primaryimage\",\"url\":\"https:\/\/abc-office.eu\/wp-content\/uploads\/2025\/10\/Traduction-3.jpg\",\"contentUrl\":\"https:\/\/abc-office.eu\/wp-content\/uploads\/2025\/10\/Traduction-3.jpg\",\"width\":650,\"height\":400},{\"@type\":\"BreadcrumbList\",\"@id\":\"https:\/\/abc-office.eu\/cs\/preklady\/#breadcrumb\",\"itemListElement\":[{\"@type\":\"ListItem\",\"position\":1,\"name\":\"Accueil\",\"item\":\"https:\/\/abc-office.eu\/cs\/\"},{\"@type\":\"ListItem\",\"position\":2,\"name\":\"P\u0159eklady\"}]},{\"@type\":\"WebSite\",\"@id\":\"https:\/\/abc-office.eu\/cs\/#website\",\"url\":\"https:\/\/abc-office.eu\/cs\/\",\"name\":\"ABC Translation\",\"description\":\"info@abc-office.eu\",\"potentialAction\":[{\"@type\":\"SearchAction\",\"target\":{\"@type\":\"EntryPoint\",\"urlTemplate\":\"https:\/\/abc-office.eu\/cs\/?s={search_term_string}\"},\"query-input\":{\"@type\":\"PropertyValueSpecification\",\"valueRequired\":true,\"valueName\":\"search_term_string\"}}],\"inLanguage\":\"cs\"}]}<\/script>\n<!-- \/ Yoast SEO plugin. -->","yoast_head_json":{"title":"P\u0159eklady | Ofici\u00e1ln\u00ed p\u0159eklad | Profesion\u00e1ln\u00ed p\u0159eklady vysok\u00e9 kvality","description":"P\u0159eklady pro va\u0161e administrativn\u00ed \u0159\u00edzen\u00ed | Certifikovan\u00e9 a ofici\u00e1ln\u00ed p\u0159eklady | Uzn\u00e1van\u00e9 v\u0161emi institucemi v EU i v zahrani\u010d\u00ed","robots":{"index":"index","follow":"follow","max-snippet":"max-snippet:-1","max-image-preview":"max-image-preview:large","max-video-preview":"max-video-preview:-1"},"canonical":"https:\/\/abc-office.eu\/cs\/preklady\/","og_locale":"cs_CZ","og_type":"article","og_title":"P\u0159eklady | Ofici\u00e1ln\u00ed p\u0159eklad | Profesion\u00e1ln\u00ed p\u0159eklady vysok\u00e9 kvality","og_description":"P\u0159eklady pro va\u0161e administrativn\u00ed \u0159\u00edzen\u00ed | Certifikovan\u00e9 a ofici\u00e1ln\u00ed p\u0159eklady | Uzn\u00e1van\u00e9 v\u0161emi institucemi v EU i v zahrani\u010d\u00ed","og_url":"https:\/\/abc-office.eu\/cs\/preklady\/","og_site_name":"ABC Translation","article_modified_time":"2025-10-28T12:28:38+00:00","og_image":[{"width":650,"height":400,"url":"https:\/\/abc-office.eu\/wp-content\/uploads\/2025\/10\/Traduction-3.jpg","type":"image\/jpeg"}],"twitter_card":"summary_large_image","twitter_misc":{"Odhadovan\u00e1 doba \u010dten\u00ed":"3 minuty"},"schema":{"@context":"https:\/\/schema.org","@graph":[{"@type":"WebPage","@id":"https:\/\/abc-office.eu\/cs\/preklady\/","url":"https:\/\/abc-office.eu\/cs\/preklady\/","name":"P\u0159eklady | Ofici\u00e1ln\u00ed p\u0159eklad | Profesion\u00e1ln\u00ed p\u0159eklady vysok\u00e9 kvality","isPartOf":{"@id":"https:\/\/abc-office.eu\/cs\/#website"},"primaryImageOfPage":{"@id":"https:\/\/abc-office.eu\/cs\/preklady\/#primaryimage"},"image":{"@id":"https:\/\/abc-office.eu\/cs\/preklady\/#primaryimage"},"thumbnailUrl":"https:\/\/abc-office.eu\/wp-content\/uploads\/2025\/10\/Traduction-3.jpg","datePublished":"2017-02-16T08:17:00+00:00","dateModified":"2025-10-28T12:28:38+00:00","description":"P\u0159eklady pro va\u0161e administrativn\u00ed \u0159\u00edzen\u00ed | Certifikovan\u00e9 a ofici\u00e1ln\u00ed p\u0159eklady | Uzn\u00e1van\u00e9 v\u0161emi institucemi v EU i v zahrani\u010d\u00ed","breadcrumb":{"@id":"https:\/\/abc-office.eu\/cs\/preklady\/#breadcrumb"},"inLanguage":"cs","potentialAction":[{"@type":"ReadAction","target":["https:\/\/abc-office.eu\/cs\/preklady\/"]}]},{"@type":"ImageObject","inLanguage":"cs","@id":"https:\/\/abc-office.eu\/cs\/preklady\/#primaryimage","url":"https:\/\/abc-office.eu\/wp-content\/uploads\/2025\/10\/Traduction-3.jpg","contentUrl":"https:\/\/abc-office.eu\/wp-content\/uploads\/2025\/10\/Traduction-3.jpg","width":650,"height":400},{"@type":"BreadcrumbList","@id":"https:\/\/abc-office.eu\/cs\/preklady\/#breadcrumb","itemListElement":[{"@type":"ListItem","position":1,"name":"Accueil","item":"https:\/\/abc-office.eu\/cs\/"},{"@type":"ListItem","position":2,"name":"P\u0159eklady"}]},{"@type":"WebSite","@id":"https:\/\/abc-office.eu\/cs\/#website","url":"https:\/\/abc-office.eu\/cs\/","name":"ABC Translation","description":"info@abc-office.eu","potentialAction":[{"@type":"SearchAction","target":{"@type":"EntryPoint","urlTemplate":"https:\/\/abc-office.eu\/cs\/?s={search_term_string}"},"query-input":{"@type":"PropertyValueSpecification","valueRequired":true,"valueName":"search_term_string"}}],"inLanguage":"cs"}]}},"_links":{"self":[{"href":"https:\/\/abc-office.eu\/cs\/wp-json\/wp\/v2\/pages\/227415","targetHints":{"allow":["GET"]}}],"collection":[{"href":"https:\/\/abc-office.eu\/cs\/wp-json\/wp\/v2\/pages"}],"about":[{"href":"https:\/\/abc-office.eu\/cs\/wp-json\/wp\/v2\/types\/page"}],"author":[{"embeddable":true,"href":"https:\/\/abc-office.eu\/cs\/wp-json\/wp\/v2\/users\/1"}],"replies":[{"embeddable":true,"href":"https:\/\/abc-office.eu\/cs\/wp-json\/wp\/v2\/comments?post=227415"}],"version-history":[{"count":4,"href":"https:\/\/abc-office.eu\/cs\/wp-json\/wp\/v2\/pages\/227415\/revisions"}],"predecessor-version":[{"id":232067,"href":"https:\/\/abc-office.eu\/cs\/wp-json\/wp\/v2\/pages\/227415\/revisions\/232067"}],"wp:featuredmedia":[{"embeddable":true,"href":"https:\/\/abc-office.eu\/cs\/wp-json\/wp\/v2\/media\/226887"}],"wp:attachment":[{"href":"https:\/\/abc-office.eu\/cs\/wp-json\/wp\/v2\/media?parent=227415"}],"curies":[{"name":"wp","href":"https:\/\/api.w.org\/{rel}","templated":true}]}}