{"id":227411,"date":"2017-02-16T09:13:19","date_gmt":"2017-02-16T08:13:19","guid":{"rendered":"https:\/\/abc-office.eu\/?page_id=227411"},"modified":"2025-10-28T10:57:50","modified_gmt":"2025-10-28T09:57:50","slug":"domu","status":"publish","type":"page","link":"https:\/\/abc-office.eu\/cs\/","title":{"rendered":"Dom\u016f"},"content":{"rendered":"<h2 data-start=\"80\" data-end=\"101\"><strong data-start=\"80\" data-end=\"99\">ABC Translation<\/strong><\/h2>\n<p style=\"text-align: justify;\" data-start=\"103\" data-end=\"538\">ABC Translation se specializuje na n\u011bkolik oblast\u00ed, jako jsou p\u0159eklady, nemovitosti, legalizace, pr\u00e1vo a relokace. S t\u00fdmem v\u00edce ne\u017e 500 zam\u011bstnanc\u016f po cel\u00e9m sv\u011bt\u011b je ABC Translation l\u00eddrem v t\u011bchto oborech a d\u00edky sv\u00e9mu velk\u00e9mu t\u00fdmu kvalifikovan\u00fdch odborn\u00edk\u016f m\u016f\u017ee jednat velmi rychle. Spole\u010dnost zastupuje 55 r\u016fzn\u00fdch n\u00e1rodnost\u00ed a m\u00e1 kontakty ve v\u00edce ne\u017e 85 zem\u00edch. Vyu\u017eila globalizace k tomu, aby p\u0159il\u00e1kala st\u00e1le n\u00e1ro\u010dn\u011bj\u0161\u00ed klientelu.<\/p>\n<h3 data-start=\"540\" data-end=\"572\"><strong data-start=\"540\" data-end=\"570\">ABC Translation v \u010d\u00edslech:<\/strong><\/h3>\n<ul>\n<li data-start=\"576\" data-end=\"608\">500 zam\u011bstnanc\u016f po cel\u00e9m sv\u011bt\u011b<\/li>\n<li data-start=\"611\" data-end=\"632\">60 mluven\u00fdch jazyk\u016f<\/li>\n<li data-start=\"635\" data-end=\"656\">4000 projekt\u016f ro\u010dn\u011b<\/li>\n<li data-start=\"659\" data-end=\"687\">P\u0159es 10 let zku\u0161enost\u00ed<\/li>\n<li data-start=\"690\" data-end=\"735\">P\u0159es 1000 pravideln\u00fdch firemn\u00edch z\u00e1kazn\u00edk\u016f<\/li>\n<li>V\u00edce ne\u017e 2000 soukrom\u00fdch z\u00e1kazn\u00edk\u016f ro\u010dn\u011b<\/li>\n<\/ul>\n<p style=\"text-align: justify;\">Spolupracujeme s n\u011bkolika not\u00e1\u0159sk\u00fdmi kancel\u00e1\u0159emi, abychom mohli co nejrychleji legalizovat r\u016fzn\u00e9 dokumenty. U dokument\u016f ur\u010den\u00fdch pro zahrani\u010d\u00ed spolupracujeme s ambas\u00e1dami, konzul\u00e1ty a kancl\u00e9\u0159stv\u00ed. Toto propojen\u00ed r\u016fzn\u00fdch subjekt\u016f n\u00e1s \u010din\u00ed velmi flexibiln\u00ed, abychom mohli p\u0159elo\u017eit a legalizovat va\u0161e dokumenty v rekordn\u00edm \u010dase. Krom\u011b toho na\u0161i cyklokur\u00fd\u0159i zaji\u0161\u0165uj\u00ed doru\u010den\u00ed dokument\u016f do r\u016fzn\u00fdch kancel\u00e1\u0159\u00ed abychom \u0161et\u0159ili \u017eivotn\u00ed prost\u0159ed\u00ed. Pro kone\u010dn\u00e9 odesl\u00e1n\u00ed v Evrop\u011b i po cel\u00e9m sv\u011bt\u011b pak vyu\u017e\u00edv\u00e1me evropsk\u00e9 po\u0161tovn\u00ed slu\u017eby a DHL.<\/p>\n<p style=\"text-align: justify;\">Kvalita a rychlost na\u0161ich slu\u017eeb se b\u011bhem let uk\u00e1zaly jako rozhoduj\u00edc\u00ed. V t\u00e9to oblasti je kl\u00ed\u010dem k \u00fasp\u011bchu rychl\u00e1 reakce. Na\u0161e infrastruktura byla nastavena tak, abychom dok\u00e1zali reagovat rychleji na po\u017eadavky z\u00e1kazn\u00edk\u016f. Pro rychl\u00e9 spojen\u00ed n\u00e1s m\u016f\u017eete kontaktovat telefonicky nebo e-mailem. M\u016f\u017eete tak\u00e9 pou\u017e\u00edt kontaktn\u00ed formul\u00e1\u0159 vpravo na t\u00e9to str\u00e1nce, zejm\u00e9na pro zas\u00edl\u00e1n\u00ed dokument\u016f. Obvykle zas\u00edl\u00e1me cenovou nab\u00eddku 10 a\u017e 20 minut po obdr\u017een\u00ed soubor\u016f, s celkovou cenu a p\u0159edpokl\u00e1dan\u00fd \u010das zpracov\u00e1n\u00ed projektu.<\/p>\n<p style=\"text-align: justify;\" data-start=\"1847\" data-end=\"1925\">Cel\u00fd n\u00e1\u0161 t\u00fdm v\u00e1m z\u016fst\u00e1v\u00e1 pln\u011b k dispozici a t\u011b\u0161\u00edme se na budouc\u00ed spolupr\u00e1ci.<\/p>\n<p data-start=\"1847\" data-end=\"1925\"><img loading=\"lazy\" decoding=\"async\" class=\"aligncenter wp-image-298\" src=\"https:\/\/abc-office.ch\/wp-content\/uploads\/2020\/03\/bim91-1024x682.jpg\" alt=\"ABC Translation\" width=\"668\" height=\"445\" \/><\/p>\n","protected":false},"excerpt":{"rendered":"<p>ABC Translation ABC Translation se specializuje na n\u011bkolik oblast\u00ed, jako jsou p\u0159eklady, nemovitosti, legalizace, pr\u00e1vo a relokace. S t\u00fdmem v\u00edce ne\u017e 500 zam\u011bstnanc\u016f po cel\u00e9m sv\u011bt\u011b je ABC Translation l\u00eddrem v t\u011bchto oborech a d\u00edky sv\u00e9mu velk\u00e9mu t\u00fdmu kvalifikovan\u00fdch odborn\u00edk\u016f m\u016f\u017ee jednat velmi rychle. Spole\u010dnost zastupuje 55 r\u016fzn\u00fdch n\u00e1rodnost\u00ed a m\u00e1 kontakty ve v\u00edce ne\u017e&#8230;<\/p>\n","protected":false},"author":1,"featured_media":226869,"parent":0,"menu_order":0,"comment_status":"closed","ping_status":"closed","template":"","meta":{"sfsi_plus_gutenberg_text_before_share":"","sfsi_plus_gutenberg_show_text_before_share":"","sfsi_plus_gutenberg_icon_type":"","sfsi_plus_gutenberg_icon_alignemt":"","sfsi_plus_gutenburg_max_per_row":"","footnotes":""},"class_list":["post-227411","page","type-page","status-publish","has-post-thumbnail","hentry"],"yoast_head":"<!-- This site is optimized with the Yoast SEO plugin v23.8 - https:\/\/yoast.com\/wordpress\/plugins\/seo\/ -->\n<title>ABC Translation | P\u0159eklady | Legalizace | Nemovitosti | Expatrianti<\/title>\n<meta name=\"description\" content=\"ABC Translation | Legalizace | Nemovitosti | Expatrianti | Tlumo\u010den\u00ed | Not\u00e1\u0159 | Advok\u00e1tn\u00ed kancel\u00e1\u0159 | Relokace osob | Spole\u010dnost\" \/>\n<meta name=\"robots\" content=\"index, follow, max-snippet:-1, max-image-preview:large, max-video-preview:-1\" \/>\n<link rel=\"canonical\" href=\"https:\/\/abc-office.eu\/cs\/\" \/>\n<meta property=\"og:locale\" content=\"cs_CZ\" \/>\n<meta property=\"og:type\" content=\"article\" \/>\n<meta property=\"og:title\" content=\"ABC Translation | P\u0159eklady | Legalizace | Nemovitosti | Expatrianti\" \/>\n<meta property=\"og:description\" content=\"ABC Translation | Legalizace | Nemovitosti | Expatrianti | Tlumo\u010den\u00ed | Not\u00e1\u0159 | Advok\u00e1tn\u00ed kancel\u00e1\u0159 | Relokace osob | Spole\u010dnost\" \/>\n<meta property=\"og:url\" content=\"https:\/\/abc-office.eu\/cs\/\" \/>\n<meta property=\"og:site_name\" content=\"ABC Translation\" \/>\n<meta property=\"article:modified_time\" content=\"2025-10-28T09:57:50+00:00\" \/>\n<meta property=\"og:image\" content=\"https:\/\/abc-office.eu\/wp-content\/uploads\/2025\/10\/6190976a-768x433-4.jpg\" \/>\n\t<meta property=\"og:image:width\" content=\"768\" \/>\n\t<meta property=\"og:image:height\" content=\"433\" \/>\n\t<meta property=\"og:image:type\" content=\"image\/jpeg\" \/>\n<meta name=\"twitter:card\" content=\"summary_large_image\" \/>\n<meta name=\"twitter:label1\" content=\"Odhadovan\u00e1 doba \u010dten\u00ed\" \/>\n\t<meta name=\"twitter:data1\" content=\"2 minuty\" \/>\n<script type=\"application\/ld+json\" class=\"yoast-schema-graph\">{\"@context\":\"https:\/\/schema.org\",\"@graph\":[{\"@type\":\"WebPage\",\"@id\":\"https:\/\/abc-office.eu\/cs\/\",\"url\":\"https:\/\/abc-office.eu\/cs\/\",\"name\":\"ABC Translation | P\u0159eklady | Legalizace | Nemovitosti | Expatrianti\",\"isPartOf\":{\"@id\":\"https:\/\/abc-office.eu\/cs\/#website\"},\"primaryImageOfPage\":{\"@id\":\"https:\/\/abc-office.eu\/cs\/#primaryimage\"},\"image\":{\"@id\":\"https:\/\/abc-office.eu\/cs\/#primaryimage\"},\"thumbnailUrl\":\"https:\/\/abc-office.eu\/wp-content\/uploads\/2025\/10\/6190976a-768x433-4.jpg\",\"datePublished\":\"2017-02-16T08:13:19+00:00\",\"dateModified\":\"2025-10-28T09:57:50+00:00\",\"description\":\"ABC Translation | Legalizace | Nemovitosti | Expatrianti | Tlumo\u010den\u00ed | Not\u00e1\u0159 | Advok\u00e1tn\u00ed kancel\u00e1\u0159 | Relokace osob | Spole\u010dnost\",\"breadcrumb\":{\"@id\":\"https:\/\/abc-office.eu\/cs\/#breadcrumb\"},\"inLanguage\":\"cs\",\"potentialAction\":[{\"@type\":\"ReadAction\",\"target\":[\"https:\/\/abc-office.eu\/cs\/\"]}]},{\"@type\":\"ImageObject\",\"inLanguage\":\"cs\",\"@id\":\"https:\/\/abc-office.eu\/cs\/#primaryimage\",\"url\":\"https:\/\/abc-office.eu\/wp-content\/uploads\/2025\/10\/6190976a-768x433-4.jpg\",\"contentUrl\":\"https:\/\/abc-office.eu\/wp-content\/uploads\/2025\/10\/6190976a-768x433-4.jpg\",\"width\":768,\"height\":433},{\"@type\":\"BreadcrumbList\",\"@id\":\"https:\/\/abc-office.eu\/cs\/#breadcrumb\",\"itemListElement\":[{\"@type\":\"ListItem\",\"position\":1,\"name\":\"Accueil\",\"item\":\"https:\/\/abc-office.eu\/cs\/\"},{\"@type\":\"ListItem\",\"position\":2,\"name\":\"Dom\u016f\"}]},{\"@type\":\"WebSite\",\"@id\":\"https:\/\/abc-office.eu\/cs\/#website\",\"url\":\"https:\/\/abc-office.eu\/cs\/\",\"name\":\"ABC Translation\",\"description\":\"info@abc-office.eu\",\"potentialAction\":[{\"@type\":\"SearchAction\",\"target\":{\"@type\":\"EntryPoint\",\"urlTemplate\":\"https:\/\/abc-office.eu\/cs\/?s={search_term_string}\"},\"query-input\":{\"@type\":\"PropertyValueSpecification\",\"valueRequired\":true,\"valueName\":\"search_term_string\"}}],\"inLanguage\":\"cs\"}]}<\/script>\n<!-- \/ Yoast SEO plugin. -->","yoast_head_json":{"title":"ABC Translation | P\u0159eklady | Legalizace | Nemovitosti | Expatrianti","description":"ABC Translation | Legalizace | Nemovitosti | Expatrianti | Tlumo\u010den\u00ed | Not\u00e1\u0159 | Advok\u00e1tn\u00ed kancel\u00e1\u0159 | Relokace osob | Spole\u010dnost","robots":{"index":"index","follow":"follow","max-snippet":"max-snippet:-1","max-image-preview":"max-image-preview:large","max-video-preview":"max-video-preview:-1"},"canonical":"https:\/\/abc-office.eu\/cs\/","og_locale":"cs_CZ","og_type":"article","og_title":"ABC Translation | P\u0159eklady | Legalizace | Nemovitosti | Expatrianti","og_description":"ABC Translation | Legalizace | Nemovitosti | Expatrianti | Tlumo\u010den\u00ed | Not\u00e1\u0159 | Advok\u00e1tn\u00ed kancel\u00e1\u0159 | Relokace osob | Spole\u010dnost","og_url":"https:\/\/abc-office.eu\/cs\/","og_site_name":"ABC Translation","article_modified_time":"2025-10-28T09:57:50+00:00","og_image":[{"width":768,"height":433,"url":"https:\/\/abc-office.eu\/wp-content\/uploads\/2025\/10\/6190976a-768x433-4.jpg","type":"image\/jpeg"}],"twitter_card":"summary_large_image","twitter_misc":{"Odhadovan\u00e1 doba \u010dten\u00ed":"2 minuty"},"schema":{"@context":"https:\/\/schema.org","@graph":[{"@type":"WebPage","@id":"https:\/\/abc-office.eu\/cs\/","url":"https:\/\/abc-office.eu\/cs\/","name":"ABC Translation | P\u0159eklady | Legalizace | Nemovitosti | Expatrianti","isPartOf":{"@id":"https:\/\/abc-office.eu\/cs\/#website"},"primaryImageOfPage":{"@id":"https:\/\/abc-office.eu\/cs\/#primaryimage"},"image":{"@id":"https:\/\/abc-office.eu\/cs\/#primaryimage"},"thumbnailUrl":"https:\/\/abc-office.eu\/wp-content\/uploads\/2025\/10\/6190976a-768x433-4.jpg","datePublished":"2017-02-16T08:13:19+00:00","dateModified":"2025-10-28T09:57:50+00:00","description":"ABC Translation | Legalizace | Nemovitosti | Expatrianti | Tlumo\u010den\u00ed | Not\u00e1\u0159 | Advok\u00e1tn\u00ed kancel\u00e1\u0159 | Relokace osob | Spole\u010dnost","breadcrumb":{"@id":"https:\/\/abc-office.eu\/cs\/#breadcrumb"},"inLanguage":"cs","potentialAction":[{"@type":"ReadAction","target":["https:\/\/abc-office.eu\/cs\/"]}]},{"@type":"ImageObject","inLanguage":"cs","@id":"https:\/\/abc-office.eu\/cs\/#primaryimage","url":"https:\/\/abc-office.eu\/wp-content\/uploads\/2025\/10\/6190976a-768x433-4.jpg","contentUrl":"https:\/\/abc-office.eu\/wp-content\/uploads\/2025\/10\/6190976a-768x433-4.jpg","width":768,"height":433},{"@type":"BreadcrumbList","@id":"https:\/\/abc-office.eu\/cs\/#breadcrumb","itemListElement":[{"@type":"ListItem","position":1,"name":"Accueil","item":"https:\/\/abc-office.eu\/cs\/"},{"@type":"ListItem","position":2,"name":"Dom\u016f"}]},{"@type":"WebSite","@id":"https:\/\/abc-office.eu\/cs\/#website","url":"https:\/\/abc-office.eu\/cs\/","name":"ABC Translation","description":"info@abc-office.eu","potentialAction":[{"@type":"SearchAction","target":{"@type":"EntryPoint","urlTemplate":"https:\/\/abc-office.eu\/cs\/?s={search_term_string}"},"query-input":{"@type":"PropertyValueSpecification","valueRequired":true,"valueName":"search_term_string"}}],"inLanguage":"cs"}]}},"_links":{"self":[{"href":"https:\/\/abc-office.eu\/cs\/wp-json\/wp\/v2\/pages\/227411","targetHints":{"allow":["GET"]}}],"collection":[{"href":"https:\/\/abc-office.eu\/cs\/wp-json\/wp\/v2\/pages"}],"about":[{"href":"https:\/\/abc-office.eu\/cs\/wp-json\/wp\/v2\/types\/page"}],"author":[{"embeddable":true,"href":"https:\/\/abc-office.eu\/cs\/wp-json\/wp\/v2\/users\/1"}],"replies":[{"embeddable":true,"href":"https:\/\/abc-office.eu\/cs\/wp-json\/wp\/v2\/comments?post=227411"}],"version-history":[{"count":3,"href":"https:\/\/abc-office.eu\/cs\/wp-json\/wp\/v2\/pages\/227411\/revisions"}],"predecessor-version":[{"id":232044,"href":"https:\/\/abc-office.eu\/cs\/wp-json\/wp\/v2\/pages\/227411\/revisions\/232044"}],"wp:featuredmedia":[{"embeddable":true,"href":"https:\/\/abc-office.eu\/cs\/wp-json\/wp\/v2\/media\/226869"}],"wp:attachment":[{"href":"https:\/\/abc-office.eu\/cs\/wp-json\/wp\/v2\/media?parent=227411"}],"curies":[{"name":"wp","href":"https:\/\/api.w.org\/{rel}","templated":true}]}}