{"id":231375,"date":"2025-01-27T17:00:28","date_gmt":"2025-01-27T16:00:28","guid":{"rendered":"https:\/\/abc-office.eu\/?page_id=231375"},"modified":"2025-10-26T15:20:49","modified_gmt":"2025-10-26T14:20:49","slug":"ovjereni-prevodilac-afrikans-sarajevo","status":"publish","type":"page","link":"https:\/\/abc-office.eu\/bs\/bosna-i-hercegovina\/ovjereni-prevod-bosna-i-hercegovina\/ovjereni-prevod-sarajevo\/ovjereni-prevodilac-afrikans-sarajevo\/","title":{"rendered":"Ovjereni prevodilac afrikans Sarajevo"},"content":{"rendered":"<h2 data-start=\"0\" data-end=\"46\"><strong data-start=\"0\" data-end=\"44\">Ovjereni prevodilac afrikans Sarajevo<\/strong><\/h2>\n<p style=\"text-align: justify;\" data-start=\"48\" data-end=\"429\">Na\u0161a prevodila\u010dka agencija specijalizovana je za ovjerene i sudske prevode sa i na afrikans jezik. Na\u0161i ovjereni prevodioci za afrikans sa sjedi\u0161tem u Sarajevu mogu brzo obraditi va\u0161 zahtjev. Potrebno je samo da dobijemo kopiju dokumenata koji trebaju biti prevedeni (svi formati su prihva\u0107eni). Originalni dokumenti vi\u0161e nisu potrebni (ovjereni prevodilac afrikans Sarajevo).<\/p>\n<ol>\n<li style=\"text-align: justify;\" data-start=\"48\" data-end=\"429\">Prvo, slobodno koristite na\u0161u e-mail adresu (<a class=\"decorated-link cursor-pointer\" href=\"mailto:info@abc-office.eu\" rel=\"noopener\" data-start=\"476\" data-end=\"494\">info@abc-office.eu<\/a>), kontakt formu ili na\u0161 WhatsApp link.<\/li>\n<li style=\"text-align: justify;\" data-start=\"48\" data-end=\"429\">Drugo, molimo vas da navedete jezik na koji \u017eelite da se izvr\u0161i prevod i da li \u017eelite da prevod bude legalizovan kod notara i\/ili apostiliran (Kancelarija).<\/li>\n<li style=\"text-align: justify;\" data-start=\"48\" data-end=\"429\">Tre\u0107e, jedan od na\u0161ih projekt menad\u017eera \u0107e vam brzo dostaviti ponudu sa navedenom cijenom i rokom realizacije projekta. Obi\u010dno odgovaramo u roku od 30 minuta. Me\u0111utim, molimo vas da nas pozovete ako ne dobijete odgovor u roku od jednog sata.<\/li>\n<li style=\"text-align: justify;\" data-start=\"48\" data-end=\"429\">\u010cetvrto i najva\u017enije, nakon \u0161to prihvatite ponudu, zapo\u010de\u0107emo proces prevo\u0111enja i posla\u0107emo vam ovjerene prevode po\u0161tom. Ako \u017eelite i elektronsku kopiju prevoda putem e-po\u0161te, obavijestite projekt menad\u017eera i mi \u0107emo vam je poslati prije slanja originala po\u0161tom.<\/li>\n<\/ol>\n<div class=\"flex max-w-full flex-col grow\">\n<div class=\"min-h-8 text-message relative flex w-full flex-col items-end gap-2 text-start break-words whitespace-normal [.text-message+&amp;]:mt-1\" dir=\"auto\" data-message-author-role=\"assistant\" data-message-id=\"9063c831-ed35-486d-84b4-fa4876b95097\" data-message-model-slug=\"gpt-5\">\n<div class=\"flex w-full flex-col gap-1 empty:hidden first:pt-[1px]\">\n<div class=\"markdown prose dark:prose-invert w-full break-words dark markdown-new-styling\">\n<p style=\"text-align: justify;\" data-start=\"1205\" data-end=\"1467\">\u0160to se ti\u010de rokova, ovjereni prevodi se \u0161alju po\u0161tom ili putem DHL-a i\/ili e-po\u0161tom u roku od 2\u20133 radna dana. Me\u0111utim, to zavisi od obima i slo\u017eenosti dokumenata. Na primjer, jedan dokument od jedne stranice obi\u010dno mo\u017eete primiti po\u0161tom u roku od 2 radna dana.<\/p>\n<h3 data-start=\"1469\" data-end=\"1520\"><strong data-start=\"1469\" data-end=\"1518\">Jezici koje mo\u017eemo kombinovati sa afrikansom:<\/strong><\/h3>\n<p style=\"text-align: justify;\" data-start=\"1522\" data-end=\"2419\">Albanski | Njema\u010dki | Ameri\u010dki | Amharski | Engleski | Arapski | Jermenski | Ajmara | Azerbejd\u017eanski | Baskijski | Bengalski | Bjeloruski | Burmanski | Bosanski | Brazilski | Bugarski | Kantonski | Katalonski | Sinhala | Kineski | Pojednostavljeni kineski | Tradicionalni kineski | Korejski | Hrvatski | Danski | Dari | Estonski | Ewe | Farsi | Finski | Gruzijski | Gr\u010dki | Gvarani | Hebrejski | Hindi | Ma\u0111arski | Indonezijski | Italijanski | Japanski | Kazahstanski | Kmerski | Kirgiski | Kurdski | Lao | Letonski | Lingala | Litvanski | Makedonski | Malezijski | Malajalam | Mandarinski | Moldavski | Mongolski | Crnogorski | Holandski | Norve\u0161ki | Urdu | Uzbekistanski | Pa\u0161to | Pand\u017eabi | Perzijski | Fula | Poljski | \u0160panski | Ke\u010dua | Rumunski | Ruski | Srpski | Slova\u010dki | Slovena\u010dki | \u0160vedski | Tamilski | \u010ce\u0161ki | Tajlandski | Turski | Turkmenski | Ukrajinski | Vijetnamski | Portugalski<\/p>\n<h3 data-start=\"2421\" data-end=\"2459\"><strong data-start=\"2421\" data-end=\"2457\">Evo nesa\u017eetog popisa dokumenata:<\/strong><\/h3>\n<p style=\"text-align: justify;\" data-start=\"2461\" data-end=\"2837\">Izvod iz mati\u010dne knjige ro\u0111enih | Vjen\u010dani list | Uvjerenje o bra\u010dnom statusu | Potvrda | Patent | Uvjerenje o neka\u017enjavanju | Sertifikat | Uvjerenje o ne\u017eenstvu | Smrtni list | Porodi\u010dni list | Potvrda o zaposlenju | Poreska prijava | Diploma | Paso\u0161 | Voza\u010dka dozvola | Testament | Viza | Ugovor | Ugovor o razvodu | Bra\u010dni ugovor | Presuda | Postupak | Punomo\u0107 | Zapisnik<\/p>\n<h3 data-start=\"2839\" data-end=\"2923\"><strong data-start=\"2839\" data-end=\"2921\">Naj\u010de\u0161\u0107e vrste ovjera\/legalizacija (ovjereni prevodilac afrikans Sarajevo):<\/strong><\/h3>\n<ul>\n<li style=\"text-align: justify;\" data-start=\"2926\" data-end=\"3005\"><strong data-start=\"2926\" data-end=\"2946\">Ovjereni prevod:<\/strong> prevod koji izdaje na\u0161 prevodilac sa pe\u010datom i potpisom.<\/li>\n<li style=\"text-align: justify;\" data-start=\"2926\" data-end=\"3005\"><strong>Ovjereni prevod: <\/strong>na\u0161 servis nudi ovjerene prevode koje izra\u0111uju stalni sudski tuma\u010di imenovani od strane Ministarstva pravde Bosne i Hercegovine. Ovjereni prevod je slu\u017ebeni prevod koji sadr\u017ei pe\u010dat i potpis sudskog tuma\u010da, \u010dime se potvr\u0111uje da je prevod vjeran i ta\u010dan originalnom dokumentu. Takvi prevodi su zakonski priznati i mogu se koristiti u Bosni i Hercegovini, kao i u inostranstvu uz odgovaraju\u0107u legalizaciju (notarsku ovjeru, apostil ili ovjeru ambasade\/konzulata). Na\u0161 tim sudskih tuma\u010da omogu\u0107ava brzu i ta\u010dnu izradu ovjerenih prevoda za sve vrste dokumenata \u2013 li\u010dne, pravne, obrazovne i poslovne.<\/li>\n<li style=\"text-align: justify;\" data-start=\"3008\" data-end=\"3081\"><strong data-start=\"3008\" data-end=\"3032\">Legalizovani prevod:<\/strong> notar legalizuje potpis prevodioca na prevodu.<\/li>\n<li style=\"text-align: justify;\" data-start=\"3084\" data-end=\"3148\"><strong data-start=\"3084\" data-end=\"3108\">Prevod sa apostilom:<\/strong> kancelarija legalizuje potpis notara.<\/li>\n<li style=\"text-align: justify;\" data-start=\"3151\" data-end=\"3273\"><strong data-start=\"3151\" data-end=\"3207\">Prevod legalizovan od strane ambasade ili konzulata:<\/strong> organizujemo zavr\u0161nu legalizaciju putem ambasade ili konzulata.<\/li>\n<\/ul>\n<p style=\"text-align: justify;\" data-start=\"3275\" data-end=\"3596\">Kao rezultat toga, i zahvaljuju\u0107i pravilnoj ovjeri, prevodi \u0107e biti prihva\u0107eni u Bosni i Hercegovini i u inostranstvu. Za sva pitanja u vezi sa vrstom ovjere koja vam je potrebna za va\u0161e dokumente, ne oklijevajte da kontaktirate na\u0161 tim. Mi \u0107emo vas voditi kroz cijeli proces (ovjereni prevodilac afrikans Sarajevo).<\/p>\n<p style=\"text-align: justify;\" data-start=\"3598\" data-end=\"3629\">Radujemo se saradnji sa vama.<\/p>\n<p style=\"text-align: justify;\" data-start=\"3631\" data-end=\"3654\" data-is-last-node=\"\" data-is-only-node=\"\"><a href=\"https:\/\/abc-office.eu\/bs\/\"><strong data-start=\"3631\" data-end=\"3654\" data-is-last-node=\"\">ABC Translation LLC<\/strong><\/a><\/p>\n<p data-start=\"3631\" data-end=\"3654\" data-is-last-node=\"\" data-is-only-node=\"\"><img loading=\"lazy\" decoding=\"async\" class=\"aligncenter wp-image-271\" src=\"https:\/\/abc-office.ch\/wp-content\/uploads\/2018\/06\/imageedit_1_6241191614.gif\" alt=\"Ovjereni prevodilac afrikans Sarajevo\" width=\"437\" height=\"437\" \/><\/p>\n<\/div>\n<\/div>\n<\/div>\n<\/div>\n<div class=\"z-0 flex min-h-[46px] justify-start\"><\/div>\n","protected":false},"excerpt":{"rendered":"<p>Ovjereni prevodilac afrikans Sarajevo Na\u0161a prevodila\u010dka agencija specijalizovana je za ovjerene i sudske prevode sa i na afrikans jezik. Na\u0161i ovjereni prevodioci za afrikans sa sjedi\u0161tem u Sarajevu mogu brzo obraditi va\u0161 zahtjev. Potrebno je samo da dobijemo kopiju dokumenata koji trebaju biti prevedeni (svi formati su prihva\u0107eni). Originalni dokumenti vi\u0161e nisu potrebni (ovjereni prevodilac&#8230;<\/p>\n","protected":false},"author":1,"featured_media":231376,"parent":231348,"menu_order":0,"comment_status":"closed","ping_status":"closed","template":"","meta":{"sfsi_plus_gutenberg_text_before_share":"","sfsi_plus_gutenberg_show_text_before_share":"","sfsi_plus_gutenberg_icon_type":"","sfsi_plus_gutenberg_icon_alignemt":"","sfsi_plus_gutenburg_max_per_row":"","footnotes":""},"class_list":["post-231375","page","type-page","status-publish","has-post-thumbnail","hentry"],"yoast_head":"<!-- This site is optimized with the Yoast SEO plugin v23.8 - https:\/\/yoast.com\/wordpress\/plugins\/seo\/ -->\n<title>Ovjereni prevodilac afrikans Sarajevo | Sudski tuma\u010d za afrikans<\/title>\n<meta name=\"description\" content=\"ABC Translation | Ovjereni prevodilac afrikans Sarajevo | Sudski tuma\u010d za afrikans Sarajevo | Slu\u017ebeni prevod na afrikans Sarajevo\" \/>\n<meta name=\"robots\" content=\"index, follow, max-snippet:-1, max-image-preview:large, max-video-preview:-1\" \/>\n<link rel=\"canonical\" href=\"https:\/\/abc-office.eu\/bs\/bosna-i-hercegovina\/ovjereni-prevod-bosna-i-hercegovina\/ovjereni-prevod-sarajevo\/ovjereni-prevodilac-afrikans-sarajevo\/\" \/>\n<meta property=\"og:locale\" content=\"bs_BA\" \/>\n<meta property=\"og:type\" content=\"article\" \/>\n<meta property=\"og:title\" content=\"Ovjereni prevodilac afrikans Sarajevo | Sudski tuma\u010d za afrikans\" \/>\n<meta property=\"og:description\" content=\"ABC Translation | Ovjereni prevodilac afrikans Sarajevo | Sudski tuma\u010d za afrikans Sarajevo | Slu\u017ebeni prevod na afrikans Sarajevo\" \/>\n<meta property=\"og:url\" content=\"https:\/\/abc-office.eu\/bs\/bosna-i-hercegovina\/ovjereni-prevod-bosna-i-hercegovina\/ovjereni-prevod-sarajevo\/ovjereni-prevodilac-afrikans-sarajevo\/\" \/>\n<meta property=\"og:site_name\" content=\"ABC Translation\" \/>\n<meta property=\"article:modified_time\" content=\"2025-10-26T14:20:49+00:00\" \/>\n<meta property=\"og:image\" content=\"https:\/\/abc-office.eu\/wp-content\/uploads\/2025\/10\/Afrikaans-12.jpg\" \/>\n\t<meta property=\"og:image:width\" content=\"669\" \/>\n\t<meta property=\"og:image:height\" content=\"491\" \/>\n\t<meta property=\"og:image:type\" content=\"image\/jpeg\" \/>\n<meta name=\"twitter:card\" content=\"summary_large_image\" \/>\n<meta name=\"twitter:label1\" content=\"Est. reading time\" \/>\n\t<meta name=\"twitter:data1\" content=\"4 minute\" \/>\n<script type=\"application\/ld+json\" class=\"yoast-schema-graph\">{\"@context\":\"https:\/\/schema.org\",\"@graph\":[{\"@type\":\"WebPage\",\"@id\":\"https:\/\/abc-office.eu\/bs\/bosna-i-hercegovina\/ovjereni-prevod-bosna-i-hercegovina\/ovjereni-prevod-sarajevo\/ovjereni-prevodilac-afrikans-sarajevo\/\",\"url\":\"https:\/\/abc-office.eu\/bs\/bosna-i-hercegovina\/ovjereni-prevod-bosna-i-hercegovina\/ovjereni-prevod-sarajevo\/ovjereni-prevodilac-afrikans-sarajevo\/\",\"name\":\"Ovjereni prevodilac afrikans Sarajevo | Sudski tuma\u010d za afrikans\",\"isPartOf\":{\"@id\":\"https:\/\/abc-office.eu\/bs\/#website\"},\"primaryImageOfPage\":{\"@id\":\"https:\/\/abc-office.eu\/bs\/bosna-i-hercegovina\/ovjereni-prevod-bosna-i-hercegovina\/ovjereni-prevod-sarajevo\/ovjereni-prevodilac-afrikans-sarajevo\/#primaryimage\"},\"image\":{\"@id\":\"https:\/\/abc-office.eu\/bs\/bosna-i-hercegovina\/ovjereni-prevod-bosna-i-hercegovina\/ovjereni-prevod-sarajevo\/ovjereni-prevodilac-afrikans-sarajevo\/#primaryimage\"},\"thumbnailUrl\":\"https:\/\/abc-office.eu\/wp-content\/uploads\/2025\/10\/Afrikaans-12.jpg\",\"datePublished\":\"2025-01-27T16:00:28+00:00\",\"dateModified\":\"2025-10-26T14:20:49+00:00\",\"description\":\"ABC Translation | Ovjereni prevodilac afrikans Sarajevo | Sudski tuma\u010d za afrikans Sarajevo | Slu\u017ebeni prevod na afrikans Sarajevo\",\"breadcrumb\":{\"@id\":\"https:\/\/abc-office.eu\/bs\/bosna-i-hercegovina\/ovjereni-prevod-bosna-i-hercegovina\/ovjereni-prevod-sarajevo\/ovjereni-prevodilac-afrikans-sarajevo\/#breadcrumb\"},\"inLanguage\":\"bs-BA\",\"potentialAction\":[{\"@type\":\"ReadAction\",\"target\":[\"https:\/\/abc-office.eu\/bs\/bosna-i-hercegovina\/ovjereni-prevod-bosna-i-hercegovina\/ovjereni-prevod-sarajevo\/ovjereni-prevodilac-afrikans-sarajevo\/\"]}]},{\"@type\":\"ImageObject\",\"inLanguage\":\"bs-BA\",\"@id\":\"https:\/\/abc-office.eu\/bs\/bosna-i-hercegovina\/ovjereni-prevod-bosna-i-hercegovina\/ovjereni-prevod-sarajevo\/ovjereni-prevodilac-afrikans-sarajevo\/#primaryimage\",\"url\":\"https:\/\/abc-office.eu\/wp-content\/uploads\/2025\/10\/Afrikaans-12.jpg\",\"contentUrl\":\"https:\/\/abc-office.eu\/wp-content\/uploads\/2025\/10\/Afrikaans-12.jpg\",\"width\":669,\"height\":491},{\"@type\":\"BreadcrumbList\",\"@id\":\"https:\/\/abc-office.eu\/bs\/bosna-i-hercegovina\/ovjereni-prevod-bosna-i-hercegovina\/ovjereni-prevod-sarajevo\/ovjereni-prevodilac-afrikans-sarajevo\/#breadcrumb\",\"itemListElement\":[{\"@type\":\"ListItem\",\"position\":1,\"name\":\"Accueil\",\"item\":\"https:\/\/abc-office.eu\/bs\/\"},{\"@type\":\"ListItem\",\"position\":2,\"name\":\"Bosna i Hercegovina\",\"item\":\"https:\/\/abc-office.eu\/bs\/bosna-i-hercegovina\/\"},{\"@type\":\"ListItem\",\"position\":3,\"name\":\"Ovjereni prevod Bosna i Hercegovina\",\"item\":\"https:\/\/abc-office.eu\/bs\/bosna-i-hercegovina\/ovjereni-prevod-bosna-i-hercegovina\/\"},{\"@type\":\"ListItem\",\"position\":4,\"name\":\"Ovjereni prevod Sarajevo\",\"item\":\"https:\/\/abc-office.eu\/bs\/bosna-i-hercegovina\/ovjereni-prevod-bosna-i-hercegovina\/ovjereni-prevod-sarajevo\/\"},{\"@type\":\"ListItem\",\"position\":5,\"name\":\"Ovjereni prevodilac afrikans Sarajevo\"}]},{\"@type\":\"WebSite\",\"@id\":\"https:\/\/abc-office.eu\/bs\/#website\",\"url\":\"https:\/\/abc-office.eu\/bs\/\",\"name\":\"ABC Translation\",\"description\":\"info@abc-office.eu\",\"potentialAction\":[{\"@type\":\"SearchAction\",\"target\":{\"@type\":\"EntryPoint\",\"urlTemplate\":\"https:\/\/abc-office.eu\/bs\/?s={search_term_string}\"},\"query-input\":{\"@type\":\"PropertyValueSpecification\",\"valueRequired\":true,\"valueName\":\"search_term_string\"}}],\"inLanguage\":\"bs-BA\"}]}<\/script>\n<!-- \/ Yoast SEO plugin. -->","yoast_head_json":{"title":"Ovjereni prevodilac afrikans Sarajevo | Sudski tuma\u010d za afrikans","description":"ABC Translation | Ovjereni prevodilac afrikans Sarajevo | Sudski tuma\u010d za afrikans Sarajevo | Slu\u017ebeni prevod na afrikans Sarajevo","robots":{"index":"index","follow":"follow","max-snippet":"max-snippet:-1","max-image-preview":"max-image-preview:large","max-video-preview":"max-video-preview:-1"},"canonical":"https:\/\/abc-office.eu\/bs\/bosna-i-hercegovina\/ovjereni-prevod-bosna-i-hercegovina\/ovjereni-prevod-sarajevo\/ovjereni-prevodilac-afrikans-sarajevo\/","og_locale":"bs_BA","og_type":"article","og_title":"Ovjereni prevodilac afrikans Sarajevo | Sudski tuma\u010d za afrikans","og_description":"ABC Translation | Ovjereni prevodilac afrikans Sarajevo | Sudski tuma\u010d za afrikans Sarajevo | Slu\u017ebeni prevod na afrikans Sarajevo","og_url":"https:\/\/abc-office.eu\/bs\/bosna-i-hercegovina\/ovjereni-prevod-bosna-i-hercegovina\/ovjereni-prevod-sarajevo\/ovjereni-prevodilac-afrikans-sarajevo\/","og_site_name":"ABC Translation","article_modified_time":"2025-10-26T14:20:49+00:00","og_image":[{"width":669,"height":491,"url":"https:\/\/abc-office.eu\/wp-content\/uploads\/2025\/10\/Afrikaans-12.jpg","type":"image\/jpeg"}],"twitter_card":"summary_large_image","twitter_misc":{"Est. reading time":"4 minute"},"schema":{"@context":"https:\/\/schema.org","@graph":[{"@type":"WebPage","@id":"https:\/\/abc-office.eu\/bs\/bosna-i-hercegovina\/ovjereni-prevod-bosna-i-hercegovina\/ovjereni-prevod-sarajevo\/ovjereni-prevodilac-afrikans-sarajevo\/","url":"https:\/\/abc-office.eu\/bs\/bosna-i-hercegovina\/ovjereni-prevod-bosna-i-hercegovina\/ovjereni-prevod-sarajevo\/ovjereni-prevodilac-afrikans-sarajevo\/","name":"Ovjereni prevodilac afrikans Sarajevo | Sudski tuma\u010d za afrikans","isPartOf":{"@id":"https:\/\/abc-office.eu\/bs\/#website"},"primaryImageOfPage":{"@id":"https:\/\/abc-office.eu\/bs\/bosna-i-hercegovina\/ovjereni-prevod-bosna-i-hercegovina\/ovjereni-prevod-sarajevo\/ovjereni-prevodilac-afrikans-sarajevo\/#primaryimage"},"image":{"@id":"https:\/\/abc-office.eu\/bs\/bosna-i-hercegovina\/ovjereni-prevod-bosna-i-hercegovina\/ovjereni-prevod-sarajevo\/ovjereni-prevodilac-afrikans-sarajevo\/#primaryimage"},"thumbnailUrl":"https:\/\/abc-office.eu\/wp-content\/uploads\/2025\/10\/Afrikaans-12.jpg","datePublished":"2025-01-27T16:00:28+00:00","dateModified":"2025-10-26T14:20:49+00:00","description":"ABC Translation | Ovjereni prevodilac afrikans Sarajevo | Sudski tuma\u010d za afrikans Sarajevo | Slu\u017ebeni prevod na afrikans Sarajevo","breadcrumb":{"@id":"https:\/\/abc-office.eu\/bs\/bosna-i-hercegovina\/ovjereni-prevod-bosna-i-hercegovina\/ovjereni-prevod-sarajevo\/ovjereni-prevodilac-afrikans-sarajevo\/#breadcrumb"},"inLanguage":"bs-BA","potentialAction":[{"@type":"ReadAction","target":["https:\/\/abc-office.eu\/bs\/bosna-i-hercegovina\/ovjereni-prevod-bosna-i-hercegovina\/ovjereni-prevod-sarajevo\/ovjereni-prevodilac-afrikans-sarajevo\/"]}]},{"@type":"ImageObject","inLanguage":"bs-BA","@id":"https:\/\/abc-office.eu\/bs\/bosna-i-hercegovina\/ovjereni-prevod-bosna-i-hercegovina\/ovjereni-prevod-sarajevo\/ovjereni-prevodilac-afrikans-sarajevo\/#primaryimage","url":"https:\/\/abc-office.eu\/wp-content\/uploads\/2025\/10\/Afrikaans-12.jpg","contentUrl":"https:\/\/abc-office.eu\/wp-content\/uploads\/2025\/10\/Afrikaans-12.jpg","width":669,"height":491},{"@type":"BreadcrumbList","@id":"https:\/\/abc-office.eu\/bs\/bosna-i-hercegovina\/ovjereni-prevod-bosna-i-hercegovina\/ovjereni-prevod-sarajevo\/ovjereni-prevodilac-afrikans-sarajevo\/#breadcrumb","itemListElement":[{"@type":"ListItem","position":1,"name":"Accueil","item":"https:\/\/abc-office.eu\/bs\/"},{"@type":"ListItem","position":2,"name":"Bosna i Hercegovina","item":"https:\/\/abc-office.eu\/bs\/bosna-i-hercegovina\/"},{"@type":"ListItem","position":3,"name":"Ovjereni prevod Bosna i Hercegovina","item":"https:\/\/abc-office.eu\/bs\/bosna-i-hercegovina\/ovjereni-prevod-bosna-i-hercegovina\/"},{"@type":"ListItem","position":4,"name":"Ovjereni prevod Sarajevo","item":"https:\/\/abc-office.eu\/bs\/bosna-i-hercegovina\/ovjereni-prevod-bosna-i-hercegovina\/ovjereni-prevod-sarajevo\/"},{"@type":"ListItem","position":5,"name":"Ovjereni prevodilac afrikans Sarajevo"}]},{"@type":"WebSite","@id":"https:\/\/abc-office.eu\/bs\/#website","url":"https:\/\/abc-office.eu\/bs\/","name":"ABC Translation","description":"info@abc-office.eu","potentialAction":[{"@type":"SearchAction","target":{"@type":"EntryPoint","urlTemplate":"https:\/\/abc-office.eu\/bs\/?s={search_term_string}"},"query-input":{"@type":"PropertyValueSpecification","valueRequired":true,"valueName":"search_term_string"}}],"inLanguage":"bs-BA"}]}},"_links":{"self":[{"href":"https:\/\/abc-office.eu\/bs\/wp-json\/wp\/v2\/pages\/231375","targetHints":{"allow":["GET"]}}],"collection":[{"href":"https:\/\/abc-office.eu\/bs\/wp-json\/wp\/v2\/pages"}],"about":[{"href":"https:\/\/abc-office.eu\/bs\/wp-json\/wp\/v2\/types\/page"}],"author":[{"embeddable":true,"href":"https:\/\/abc-office.eu\/bs\/wp-json\/wp\/v2\/users\/1"}],"replies":[{"embeddable":true,"href":"https:\/\/abc-office.eu\/bs\/wp-json\/wp\/v2\/comments?post=231375"}],"version-history":[{"count":1,"href":"https:\/\/abc-office.eu\/bs\/wp-json\/wp\/v2\/pages\/231375\/revisions"}],"predecessor-version":[{"id":231401,"href":"https:\/\/abc-office.eu\/bs\/wp-json\/wp\/v2\/pages\/231375\/revisions\/231401"}],"up":[{"embeddable":true,"href":"https:\/\/abc-office.eu\/bs\/wp-json\/wp\/v2\/pages\/231348"}],"wp:featuredmedia":[{"embeddable":true,"href":"https:\/\/abc-office.eu\/bs\/wp-json\/wp\/v2\/media\/231376"}],"wp:attachment":[{"href":"https:\/\/abc-office.eu\/bs\/wp-json\/wp\/v2\/media?parent=231375"}],"curies":[{"name":"wp","href":"https:\/\/api.w.org\/{rel}","templated":true}]}}