{"id":231348,"date":"2025-01-23T01:48:37","date_gmt":"2025-01-23T00:48:37","guid":{"rendered":"https:\/\/abc-office.eu\/?page_id=231348"},"modified":"2025-10-26T15:13:38","modified_gmt":"2025-10-26T14:13:38","slug":"ovjereni-prevod-sarajevo","status":"publish","type":"page","link":"https:\/\/abc-office.eu\/bs\/bosna-i-hercegovina\/ovjereni-prevod-bosna-i-hercegovina\/ovjereni-prevod-sarajevo\/","title":{"rendered":"Ovjereni prevod Sarajevo"},"content":{"rendered":"<h2 data-start=\"0\" data-end=\"30\"><strong data-start=\"0\" data-end=\"28\">Ovjereni prevod Sarajevo<\/strong><\/h2>\n<p style=\"text-align: justify;\" data-start=\"32\" data-end=\"366\">Na\u0161a prevodila\u010dka agencija specijalizovana je za ovjerene i sudske prevode na vi\u0161e od 80 jezika. Na\u0161 tim sa sjedi\u0161tem u Sarajevu mo\u017ee brzo obraditi va\u0161 zahtjev. Potrebno je samo da dobijemo kopiju dokumenata koji trebaju biti prevedeni (svi formati su prihva\u0107eni). Originalni dokumenti vi\u0161e nisu potrebni (ovjereni prevod Sarajevo).<\/p>\n<ol>\n<li style=\"text-align: justify;\" data-start=\"32\" data-end=\"366\">Prvo, slobodno koristite na\u0161u e-mail adresu (<a class=\"decorated-link cursor-pointer\" href=\"mailto:info@abc-office.eu\" rel=\"noopener\" data-start=\"413\" data-end=\"431\">info@abc-office.eu<\/a>), kontakt formu ili na\u0161 WhatsApp link.<\/li>\n<li style=\"text-align: justify;\" data-start=\"32\" data-end=\"366\">Drugo, molimo vas da navedete jezik na koji \u017eelite da se izvr\u0161i prevod i da li \u017eelite da prevod bude legalizovan kod notara i\/ili apostiliran (Kancelarija).<\/li>\n<li style=\"text-align: justify;\" data-start=\"32\" data-end=\"366\">Tre\u0107e, jedan od na\u0161ih projekt menad\u017eera \u0107e vam brzo dostaviti ponudu sa navedenom cijenom i rokom realizacije projekta. Obi\u010dno odgovaramo u roku od 30 minuta. Me\u0111utim, molimo vas da nas pozovete ako ne dobijete odgovor u roku od jednog sata.<\/li>\n<li style=\"text-align: justify;\" data-start=\"32\" data-end=\"366\">\u010cetvrto i najva\u017enije, nakon \u0161to prihvatite ponudu, zapo\u010de\u0107emo proces prevo\u0111enja i posla\u0107emo vam ovjerene prevode po\u0161tom. Ako \u017eelite i elektronsku kopiju prevoda putem e-po\u0161te, obavijestite projekt menad\u017eera i mi \u0107emo vam je poslati prije slanja originala po\u0161tom.<\/li>\n<\/ol>\n<p style=\"text-align: justify;\" data-start=\"1142\" data-end=\"1404\">\u0160to se ti\u010de rokova, ovjereni prevodi se \u0161alju po\u0161tom ili putem DHL-a i\/ili e-po\u0161tom u roku od 2\u20133 radna dana. Me\u0111utim, to zavisi od obima i slo\u017eenosti dokumenata. Na primjer, jedan dokument od jedne stranice obi\u010dno mo\u017eete primiti po\u0161tom u roku od 2 radna dana.<\/p>\n<h3 data-start=\"1406\" data-end=\"1443\"><strong data-start=\"1406\" data-end=\"1441\">Evo liste na\u0161ih glavnih jezika:<\/strong><\/h3>\n<p style=\"text-align: justify;\" data-start=\"1445\" data-end=\"2354\">Afrikaans | Albanski | Njema\u010dki | Ameri\u010dki | Amharski | Engleski | Arapski | Jermenski | Ajmara | Azerbejd\u017eanski | Baskijski | Bengalski | Bjeloruski | Burmanski | Bosanski | Brazilski | Bugarski | Kantonski | Katalonski | Sinhala | Kineski | Pojednostavljeni kineski | Tradicionalni kineski | Korejski | Hrvatski | Danski | Dari | \u0160panski | Estonski | Ewe | Farsi | Finski | Gruzijski | Gr\u010dki | Gvarani | Hebrejski | Hindi | Ma\u0111arski | Indonezijski | Italijanski | Japanski | Kazahstanski | Kmerski | Kirgiski | Kurdski | Lao | Letonski | Lingala | Litvanski | Makedonski | Malezijski | Malajalam | Mandarinski | Moldavski | Mongolski | Crnogorski | Holandski | Norve\u0161ki | Urdu | Uzbekistanski | Pa\u0161to | Pand\u017eabi | Perzijski | Fula | Poljski | Portugalski | Ke\u010dua | Rumunski | Ruski | Srpski | Slova\u010dki | Slovena\u010dki | \u0160vedski | Tamilski | \u010ce\u0161ki | Tajlandski | Turski | Turkmenski | Ukrajinski | Vijetnamski<\/p>\n<h3 data-start=\"2356\" data-end=\"2394\"><strong data-start=\"2356\" data-end=\"2392\">Evo nesa\u017eetog popisa dokumenata:<\/strong><\/h3>\n<p style=\"text-align: justify;\" data-start=\"2396\" data-end=\"2772\">Izvod iz mati\u010dne knjige ro\u0111enih | Vjen\u010dani list | Uvjerenje o bra\u010dnom statusu | Potvrda | Patent | Uvjerenje o neka\u017enjavanju | Sertifikat | Uvjerenje o ne\u017eenstvu | Smrtni list | Porodi\u010dni list | Potvrda o zaposlenju | Poreska prijava | Diploma | Paso\u0161 | Voza\u010dka dozvola | Testament | Viza | Ugovor | Ugovor o razvodu | Bra\u010dni ugovor | Presuda | Postupak | Punomo\u0107 | Zapisnik<\/p>\n<h3 data-start=\"2774\" data-end=\"2842\"><strong data-start=\"2774\" data-end=\"2840\">Naj\u010de\u0161\u0107e vrste ovjera\/legalizacija (ovjereni prevod Sarajevo):<\/strong><\/h3>\n<ul>\n<li style=\"text-align: justify;\" data-start=\"2845\" data-end=\"2924\"><strong data-start=\"2845\" data-end=\"2865\">Ovjereni prevod:<\/strong> prevod koji izdaje na\u0161 prevodilac sa pe\u010datom i potpisom.<\/li>\n<li style=\"text-align: justify;\" data-start=\"2845\" data-end=\"2924\"><strong>Ovjereni prevod: <\/strong>na\u0161 servis nudi ovjerene prevode koje izra\u0111uju stalni sudski tuma\u010di imenovani od strane Ministarstva pravde Bosne i Hercegovine. Ovjereni prevod je slu\u017ebeni prevod koji sadr\u017ei pe\u010dat i potpis sudskog tuma\u010da, \u010dime se potvr\u0111uje da je prevod vjeran i ta\u010dan originalnom dokumentu. Takvi prevodi su zakonski priznati i mogu se koristiti u Bosni i Hercegovini, kao i u inostranstvu uz odgovaraju\u0107u legalizaciju (notarsku ovjeru, apostil ili ovjeru ambasade\/konzulata). Na\u0161 tim sudskih tuma\u010da omogu\u0107ava brzu i ta\u010dnu izradu ovjerenih prevoda za sve vrste dokumenata \u2013 li\u010dne, pravne, obrazovne i poslovne.<\/li>\n<li style=\"text-align: justify;\" data-start=\"2927\" data-end=\"3000\"><strong data-start=\"2927\" data-end=\"2951\">Legalizovani prevod:<\/strong> notar legalizuje potpis prevodioca na prevodu.<\/li>\n<li style=\"text-align: justify;\" data-start=\"3003\" data-end=\"3067\"><strong data-start=\"3003\" data-end=\"3027\">Prevod sa apostilom:<\/strong> kancelarija legalizuje potpis notara.<\/li>\n<li style=\"text-align: justify;\" data-start=\"3262\" data-end=\"3388\"><strong data-start=\"3262\" data-end=\"3318\">Prevod legalizovan od strane ambasade ili konzulata:<\/strong> ambasada ili konzulat legalizuju prevod za upotrebu u inostranstvu.<\/li>\n<\/ul>\n<p style=\"text-align: justify;\" data-start=\"3069\" data-end=\"3374\">Kao rezultat toga, i zahvaljuju\u0107i pravilnoj ovjeri, prevodi \u0107e biti prihva\u0107eni u Bosni i Hercegovini i u inostranstvu. Za sva pitanja u vezi sa vrstom ovjere koja vam je potrebna za va\u0161e dokumente, ne oklijevajte da kontaktirate na\u0161 tim. Mi \u0107emo vas voditi kroz cijeli proces (ovjereni prevod Sarajevo).<\/p>\n<p style=\"text-align: justify;\" data-start=\"3376\" data-end=\"3407\">Radujemo se saradnji sa vama.<\/p>\n<p style=\"text-align: justify;\" data-start=\"3409\" data-end=\"3432\" data-is-last-node=\"\" data-is-only-node=\"\"><a href=\"https:\/\/abc-office.eu\/bs\/\"><strong data-start=\"3409\" data-end=\"3432\" data-is-last-node=\"\">ABC Translation LLC<\/strong><\/a><\/p>\n<p data-start=\"3409\" data-end=\"3432\" data-is-last-node=\"\" data-is-only-node=\"\"><img loading=\"lazy\" decoding=\"async\" class=\"aligncenter wp-image-271\" src=\"https:\/\/abc-office.ch\/wp-content\/uploads\/2018\/06\/imageedit_1_6241191614.gif\" alt=\"Ovjereni prevod Sarajevo\" width=\"437\" height=\"437\" \/><\/p>\n","protected":false},"excerpt":{"rendered":"<p>Ovjereni prevod Sarajevo Na\u0161a prevodila\u010dka agencija specijalizovana je za ovjerene i sudske prevode na vi\u0161e od 80 jezika. Na\u0161 tim sa sjedi\u0161tem u Sarajevu mo\u017ee brzo obraditi va\u0161 zahtjev. Potrebno je samo da dobijemo kopiju dokumenata koji trebaju biti prevedeni (svi formati su prihva\u0107eni). Originalni dokumenti vi\u0161e nisu potrebni (ovjereni prevod Sarajevo). Prvo, slobodno koristite&#8230;<\/p>\n","protected":false},"author":1,"featured_media":231349,"parent":231343,"menu_order":0,"comment_status":"closed","ping_status":"closed","template":"","meta":{"sfsi_plus_gutenberg_text_before_share":"","sfsi_plus_gutenberg_show_text_before_share":"","sfsi_plus_gutenberg_icon_type":"","sfsi_plus_gutenberg_icon_alignemt":"","sfsi_plus_gutenburg_max_per_row":"","footnotes":""},"class_list":["post-231348","page","type-page","status-publish","has-post-thumbnail","hentry"],"yoast_head":"<!-- This site is optimized with the Yoast SEO plugin v23.8 - https:\/\/yoast.com\/wordpress\/plugins\/seo\/ -->\n<title>Ovjereni prevod Sarajevo | Sudski tuma\u010d | Notar Sarajevo<\/title>\n<meta name=\"description\" content=\"ABC Translation | Ovjereni prevod Sarajevo | Sudski tuma\u010d | Slu\u017ebeni prevod Sarajevo | Notarska legalizacija Sarajevo\" \/>\n<meta name=\"robots\" content=\"index, follow, max-snippet:-1, max-image-preview:large, max-video-preview:-1\" \/>\n<link rel=\"canonical\" href=\"https:\/\/abc-office.eu\/bs\/bosna-i-hercegovina\/ovjereni-prevod-bosna-i-hercegovina\/ovjereni-prevod-sarajevo\/\" \/>\n<meta property=\"og:locale\" content=\"bs_BA\" \/>\n<meta property=\"og:type\" content=\"article\" \/>\n<meta property=\"og:title\" content=\"Ovjereni prevod Sarajevo | Sudski tuma\u010d | Notar Sarajevo\" \/>\n<meta property=\"og:description\" content=\"ABC Translation | Ovjereni prevod Sarajevo | Sudski tuma\u010d | Slu\u017ebeni prevod Sarajevo | Notarska legalizacija Sarajevo\" \/>\n<meta property=\"og:url\" content=\"https:\/\/abc-office.eu\/bs\/bosna-i-hercegovina\/ovjereni-prevod-bosna-i-hercegovina\/ovjereni-prevod-sarajevo\/\" \/>\n<meta property=\"og:site_name\" content=\"ABC Translation\" \/>\n<meta property=\"article:modified_time\" content=\"2025-10-26T14:13:38+00:00\" \/>\n<meta property=\"og:image\" content=\"https:\/\/abc-office.eu\/wp-content\/uploads\/2025\/10\/Sarajevo_City_Panorama-768x459-1.jpg\" \/>\n\t<meta property=\"og:image:width\" content=\"768\" \/>\n\t<meta property=\"og:image:height\" content=\"459\" \/>\n\t<meta property=\"og:image:type\" content=\"image\/jpeg\" \/>\n<meta name=\"twitter:card\" content=\"summary_large_image\" \/>\n<meta name=\"twitter:label1\" content=\"Est. reading time\" \/>\n\t<meta name=\"twitter:data1\" content=\"4 minute\" \/>\n<script type=\"application\/ld+json\" class=\"yoast-schema-graph\">{\"@context\":\"https:\/\/schema.org\",\"@graph\":[{\"@type\":\"WebPage\",\"@id\":\"https:\/\/abc-office.eu\/bs\/bosna-i-hercegovina\/ovjereni-prevod-bosna-i-hercegovina\/ovjereni-prevod-sarajevo\/\",\"url\":\"https:\/\/abc-office.eu\/bs\/bosna-i-hercegovina\/ovjereni-prevod-bosna-i-hercegovina\/ovjereni-prevod-sarajevo\/\",\"name\":\"Ovjereni prevod Sarajevo | Sudski tuma\u010d | Notar Sarajevo\",\"isPartOf\":{\"@id\":\"https:\/\/abc-office.eu\/bs\/#website\"},\"primaryImageOfPage\":{\"@id\":\"https:\/\/abc-office.eu\/bs\/bosna-i-hercegovina\/ovjereni-prevod-bosna-i-hercegovina\/ovjereni-prevod-sarajevo\/#primaryimage\"},\"image\":{\"@id\":\"https:\/\/abc-office.eu\/bs\/bosna-i-hercegovina\/ovjereni-prevod-bosna-i-hercegovina\/ovjereni-prevod-sarajevo\/#primaryimage\"},\"thumbnailUrl\":\"https:\/\/abc-office.eu\/wp-content\/uploads\/2025\/10\/Sarajevo_City_Panorama-768x459-1.jpg\",\"datePublished\":\"2025-01-23T00:48:37+00:00\",\"dateModified\":\"2025-10-26T14:13:38+00:00\",\"description\":\"ABC Translation | Ovjereni prevod Sarajevo | Sudski tuma\u010d | Slu\u017ebeni prevod Sarajevo | Notarska legalizacija Sarajevo\",\"breadcrumb\":{\"@id\":\"https:\/\/abc-office.eu\/bs\/bosna-i-hercegovina\/ovjereni-prevod-bosna-i-hercegovina\/ovjereni-prevod-sarajevo\/#breadcrumb\"},\"inLanguage\":\"bs-BA\",\"potentialAction\":[{\"@type\":\"ReadAction\",\"target\":[\"https:\/\/abc-office.eu\/bs\/bosna-i-hercegovina\/ovjereni-prevod-bosna-i-hercegovina\/ovjereni-prevod-sarajevo\/\"]}]},{\"@type\":\"ImageObject\",\"inLanguage\":\"bs-BA\",\"@id\":\"https:\/\/abc-office.eu\/bs\/bosna-i-hercegovina\/ovjereni-prevod-bosna-i-hercegovina\/ovjereni-prevod-sarajevo\/#primaryimage\",\"url\":\"https:\/\/abc-office.eu\/wp-content\/uploads\/2025\/10\/Sarajevo_City_Panorama-768x459-1.jpg\",\"contentUrl\":\"https:\/\/abc-office.eu\/wp-content\/uploads\/2025\/10\/Sarajevo_City_Panorama-768x459-1.jpg\",\"width\":768,\"height\":459},{\"@type\":\"BreadcrumbList\",\"@id\":\"https:\/\/abc-office.eu\/bs\/bosna-i-hercegovina\/ovjereni-prevod-bosna-i-hercegovina\/ovjereni-prevod-sarajevo\/#breadcrumb\",\"itemListElement\":[{\"@type\":\"ListItem\",\"position\":1,\"name\":\"Accueil\",\"item\":\"https:\/\/abc-office.eu\/bs\/\"},{\"@type\":\"ListItem\",\"position\":2,\"name\":\"Bosna i Hercegovina\",\"item\":\"https:\/\/abc-office.eu\/bs\/bosna-i-hercegovina\/\"},{\"@type\":\"ListItem\",\"position\":3,\"name\":\"Ovjereni prevod Bosna i Hercegovina\",\"item\":\"https:\/\/abc-office.eu\/bs\/bosna-i-hercegovina\/ovjereni-prevod-bosna-i-hercegovina\/\"},{\"@type\":\"ListItem\",\"position\":4,\"name\":\"Ovjereni prevod Sarajevo\"}]},{\"@type\":\"WebSite\",\"@id\":\"https:\/\/abc-office.eu\/bs\/#website\",\"url\":\"https:\/\/abc-office.eu\/bs\/\",\"name\":\"ABC Translation\",\"description\":\"info@abc-office.eu\",\"potentialAction\":[{\"@type\":\"SearchAction\",\"target\":{\"@type\":\"EntryPoint\",\"urlTemplate\":\"https:\/\/abc-office.eu\/bs\/?s={search_term_string}\"},\"query-input\":{\"@type\":\"PropertyValueSpecification\",\"valueRequired\":true,\"valueName\":\"search_term_string\"}}],\"inLanguage\":\"bs-BA\"}]}<\/script>\n<!-- \/ Yoast SEO plugin. -->","yoast_head_json":{"title":"Ovjereni prevod Sarajevo | Sudski tuma\u010d | Notar Sarajevo","description":"ABC Translation | Ovjereni prevod Sarajevo | Sudski tuma\u010d | Slu\u017ebeni prevod Sarajevo | Notarska legalizacija Sarajevo","robots":{"index":"index","follow":"follow","max-snippet":"max-snippet:-1","max-image-preview":"max-image-preview:large","max-video-preview":"max-video-preview:-1"},"canonical":"https:\/\/abc-office.eu\/bs\/bosna-i-hercegovina\/ovjereni-prevod-bosna-i-hercegovina\/ovjereni-prevod-sarajevo\/","og_locale":"bs_BA","og_type":"article","og_title":"Ovjereni prevod Sarajevo | Sudski tuma\u010d | Notar Sarajevo","og_description":"ABC Translation | Ovjereni prevod Sarajevo | Sudski tuma\u010d | Slu\u017ebeni prevod Sarajevo | Notarska legalizacija Sarajevo","og_url":"https:\/\/abc-office.eu\/bs\/bosna-i-hercegovina\/ovjereni-prevod-bosna-i-hercegovina\/ovjereni-prevod-sarajevo\/","og_site_name":"ABC Translation","article_modified_time":"2025-10-26T14:13:38+00:00","og_image":[{"width":768,"height":459,"url":"https:\/\/abc-office.eu\/wp-content\/uploads\/2025\/10\/Sarajevo_City_Panorama-768x459-1.jpg","type":"image\/jpeg"}],"twitter_card":"summary_large_image","twitter_misc":{"Est. reading time":"4 minute"},"schema":{"@context":"https:\/\/schema.org","@graph":[{"@type":"WebPage","@id":"https:\/\/abc-office.eu\/bs\/bosna-i-hercegovina\/ovjereni-prevod-bosna-i-hercegovina\/ovjereni-prevod-sarajevo\/","url":"https:\/\/abc-office.eu\/bs\/bosna-i-hercegovina\/ovjereni-prevod-bosna-i-hercegovina\/ovjereni-prevod-sarajevo\/","name":"Ovjereni prevod Sarajevo | Sudski tuma\u010d | Notar Sarajevo","isPartOf":{"@id":"https:\/\/abc-office.eu\/bs\/#website"},"primaryImageOfPage":{"@id":"https:\/\/abc-office.eu\/bs\/bosna-i-hercegovina\/ovjereni-prevod-bosna-i-hercegovina\/ovjereni-prevod-sarajevo\/#primaryimage"},"image":{"@id":"https:\/\/abc-office.eu\/bs\/bosna-i-hercegovina\/ovjereni-prevod-bosna-i-hercegovina\/ovjereni-prevod-sarajevo\/#primaryimage"},"thumbnailUrl":"https:\/\/abc-office.eu\/wp-content\/uploads\/2025\/10\/Sarajevo_City_Panorama-768x459-1.jpg","datePublished":"2025-01-23T00:48:37+00:00","dateModified":"2025-10-26T14:13:38+00:00","description":"ABC Translation | Ovjereni prevod Sarajevo | Sudski tuma\u010d | Slu\u017ebeni prevod Sarajevo | Notarska legalizacija Sarajevo","breadcrumb":{"@id":"https:\/\/abc-office.eu\/bs\/bosna-i-hercegovina\/ovjereni-prevod-bosna-i-hercegovina\/ovjereni-prevod-sarajevo\/#breadcrumb"},"inLanguage":"bs-BA","potentialAction":[{"@type":"ReadAction","target":["https:\/\/abc-office.eu\/bs\/bosna-i-hercegovina\/ovjereni-prevod-bosna-i-hercegovina\/ovjereni-prevod-sarajevo\/"]}]},{"@type":"ImageObject","inLanguage":"bs-BA","@id":"https:\/\/abc-office.eu\/bs\/bosna-i-hercegovina\/ovjereni-prevod-bosna-i-hercegovina\/ovjereni-prevod-sarajevo\/#primaryimage","url":"https:\/\/abc-office.eu\/wp-content\/uploads\/2025\/10\/Sarajevo_City_Panorama-768x459-1.jpg","contentUrl":"https:\/\/abc-office.eu\/wp-content\/uploads\/2025\/10\/Sarajevo_City_Panorama-768x459-1.jpg","width":768,"height":459},{"@type":"BreadcrumbList","@id":"https:\/\/abc-office.eu\/bs\/bosna-i-hercegovina\/ovjereni-prevod-bosna-i-hercegovina\/ovjereni-prevod-sarajevo\/#breadcrumb","itemListElement":[{"@type":"ListItem","position":1,"name":"Accueil","item":"https:\/\/abc-office.eu\/bs\/"},{"@type":"ListItem","position":2,"name":"Bosna i Hercegovina","item":"https:\/\/abc-office.eu\/bs\/bosna-i-hercegovina\/"},{"@type":"ListItem","position":3,"name":"Ovjereni prevod Bosna i Hercegovina","item":"https:\/\/abc-office.eu\/bs\/bosna-i-hercegovina\/ovjereni-prevod-bosna-i-hercegovina\/"},{"@type":"ListItem","position":4,"name":"Ovjereni prevod Sarajevo"}]},{"@type":"WebSite","@id":"https:\/\/abc-office.eu\/bs\/#website","url":"https:\/\/abc-office.eu\/bs\/","name":"ABC Translation","description":"info@abc-office.eu","potentialAction":[{"@type":"SearchAction","target":{"@type":"EntryPoint","urlTemplate":"https:\/\/abc-office.eu\/bs\/?s={search_term_string}"},"query-input":{"@type":"PropertyValueSpecification","valueRequired":true,"valueName":"search_term_string"}}],"inLanguage":"bs-BA"}]}},"_links":{"self":[{"href":"https:\/\/abc-office.eu\/bs\/wp-json\/wp\/v2\/pages\/231348","targetHints":{"allow":["GET"]}}],"collection":[{"href":"https:\/\/abc-office.eu\/bs\/wp-json\/wp\/v2\/pages"}],"about":[{"href":"https:\/\/abc-office.eu\/bs\/wp-json\/wp\/v2\/types\/page"}],"author":[{"embeddable":true,"href":"https:\/\/abc-office.eu\/bs\/wp-json\/wp\/v2\/users\/1"}],"replies":[{"embeddable":true,"href":"https:\/\/abc-office.eu\/bs\/wp-json\/wp\/v2\/comments?post=231348"}],"version-history":[{"count":1,"href":"https:\/\/abc-office.eu\/bs\/wp-json\/wp\/v2\/pages\/231348\/revisions"}],"predecessor-version":[{"id":231374,"href":"https:\/\/abc-office.eu\/bs\/wp-json\/wp\/v2\/pages\/231348\/revisions\/231374"}],"up":[{"embeddable":true,"href":"https:\/\/abc-office.eu\/bs\/wp-json\/wp\/v2\/pages\/231343"}],"wp:featuredmedia":[{"embeddable":true,"href":"https:\/\/abc-office.eu\/bs\/wp-json\/wp\/v2\/media\/231349"}],"wp:attachment":[{"href":"https:\/\/abc-office.eu\/bs\/wp-json\/wp\/v2\/media?parent=231348"}],"curies":[{"name":"wp","href":"https:\/\/api.w.org\/{rel}","templated":true}]}}