{"id":231343,"date":"2025-01-23T01:43:21","date_gmt":"2025-01-23T00:43:21","guid":{"rendered":"https:\/\/abc-office.eu\/?page_id=231343"},"modified":"2025-10-26T15:03:37","modified_gmt":"2025-10-26T14:03:37","slug":"ovjereni-prevod-bosna-i-hercegovina","status":"publish","type":"page","link":"https:\/\/abc-office.eu\/bs\/bosna-i-hercegovina\/ovjereni-prevod-bosna-i-hercegovina\/","title":{"rendered":"Ovjereni prevod Bosna i Hercegovina"},"content":{"rendered":"<h2 data-start=\"0\" data-end=\"41\"><strong data-start=\"0\" data-end=\"39\">Ovjereni prevod Bosna i Hercegovina<\/strong><\/h2>\n<p style=\"text-align: justify;\" data-start=\"43\" data-end=\"334\">Na\u0161a agencija, <strong data-start=\"58\" data-end=\"77\">ABC Translation<\/strong>, ve\u0107 dugi niz godina je specijalizovana u oblasti ovjerenog prevo\u0111enja. Mo\u017eemo vam pru\u017eiti sve usluge koje se odnose na ovu oblast, bilo da se radi o slu\u017ebenom prevodu, jednostavnom prevodu ili potrebi za tuma\u010denjem (ovjereni prevod Bosna i Hercegovina).<\/p>\n<p style=\"text-align: justify;\" data-start=\"336\" data-end=\"818\">Sa timom od preko 500 prevodilaca i tuma\u010da, znamo kako upravljati bilo kojom vrstom projekta u izuzetno kratkim rokovima. Kvalitet i brzina reakcije su na\u0161e klju\u010dne rije\u010di za rezultate koji su uvijek u skladu sa o\u010dekivanjima na\u0161ih klijenata. Prisustvujemo na cijeloj teritoriji Bosne i Hercegovine. Zahvaljuju\u0107i ovom prisustvu i na\u0161oj efikasnosti, uspjeli smo da se razvijemo i sada nudimo prevodila\u010dke usluge na vi\u0161e od 60 razli\u010ditih jezika (ovjereni prevod Bosna i Hercegovina).<\/p>\n<h3 data-start=\"820\" data-end=\"842\"><strong data-start=\"820\" data-end=\"840\">Slu\u017ebeni prevod:<\/strong><\/h3>\n<p style=\"text-align: justify;\" data-start=\"844\" data-end=\"1181\">Specijalizovani smo za ovjerene prevode kako bismo vam olak\u0161ali postupke po dolasku u Bosnu i Hercegovinu ili prilikom putovanja u inostranstvo. Prevodi se obi\u010dno ovjeravaju kod na\u0161eg notara, a zatim legalizuju u kancelariji sa apostilom ili legalizacijom u skladu sa konvencijama. Rokovi koje imaju na\u0161i klijenti \u010desto su vrlo kratki.<\/p>\n<p style=\"text-align: justify;\" data-start=\"1183\" data-end=\"1495\">Zbog toga smo uspostavili sistem koji omogu\u0107ava da se dokumenti prevedu, ovjere i apostiliraju u rekordnom roku. Na primjer, potrebna su nam dva dana da obavimo sve potrebne korake za dokument od manje od 5 stranica. Ovi prevodi se zatim mogu dodatno legalizovati u konzulatu zemlje odredi\u0161ta, ako je potrebno.<\/p>\n<p style=\"text-align: justify;\" data-start=\"1497\" data-end=\"1817\">Slu\u017ebeni prevodi za priznavanje va\u0161ih stranih diploma u Bosni i Hercegovini tako\u0111e su dio na\u0161e ponude. I u ovom slu\u010daju, mi prevodimo dokumente i zatim ih legalizujemo kod na\u0161eg notara, kako bi mogli biti prihva\u0107eni od strane nadle\u017enih tijela. Va\u0161 dosije \u0107e biti potpun za analizu od strane institucija za priznavanje.<\/p>\n<h3 data-start=\"1819\" data-end=\"1832\"><strong data-start=\"1819\" data-end=\"1830\">Jezici:<\/strong><\/h3>\n<p style=\"text-align: justify;\" data-start=\"1834\" data-end=\"2743\">Afrikaans | Albanski | Njema\u010dki | Ameri\u010dki | Amharski | Engleski | Arapski | Jermenski | Ajmara | Azerbejd\u017eanski | Baskijski | Bengalski | Bjeloruski | Burmanski | Bosanski | Brazilski | Bugarski | Kantonski | Katalonski | Sinhala | Kineski | Pojednostavljeni kineski | Tradicionalni kineski | Korejski | Hrvatski | Danski | Dari | \u0160panski | Estonski | Ewe | Farsi | Finski | Gruzijski | Gr\u010dki | Gvarani | Hebrejski | Hindi | Ma\u0111arski | Indonezijski | Italijanski | Japanski | Kazahstanski | Kmerski | Kirgiski | Kurdski | Lao | Letonski | Lingala | Litvanski | Makedonski | Malezijski | Malajalam | Mandarinski | Moldavski | Mongolski | Crnogorski | Holandski | Norve\u0161ki | Urdu | Uzbekistanski | Pa\u0161to | Pand\u017eabi | Perzijski | Fula | Poljski | Portugalski | Ke\u010dua | Rumunski | Ruski | Srpski | Slova\u010dki | Slovena\u010dki | \u0160vedski | Tamilski | \u010ce\u0161ki | Tajlandski | Turski | Turkmenski | Ukrajinski | Vijetnamski<\/p>\n<h3 data-start=\"2745\" data-end=\"2761\"><strong data-start=\"2745\" data-end=\"2759\">Dokumenti:<\/strong><\/h3>\n<p style=\"text-align: justify;\" data-start=\"2763\" data-end=\"3139\">Izvod iz mati\u010dne knjige ro\u0111enih | Vjen\u010dani list | Uvjerenje o bra\u010dnom statusu | Potvrda | Patent | Uvjerenje o neka\u017enjavanju | Sertifikat | Uvjerenje o ne\u017eenstvu | Smrtni list | Porodi\u010dni list | Potvrda o zaposlenju | Poreska prijava | Diploma | Paso\u0161 | Voza\u010dka dozvola | Testament | Viza | Ugovor | Ugovor o razvodu | Bra\u010dni ugovor | Presuda | Postupak | Punomo\u0107 | Zapisnik<\/p>\n<p style=\"text-align: justify;\" data-start=\"3141\" data-end=\"3192\" data-is-last-node=\"\" data-is-only-node=\"\">Za drugi jezik, ne oklijevajte da nas <a href=\"https:\/\/abc-office.eu\/bs\/\">kontaktirate<\/a>.<\/p>\n<p data-start=\"3141\" data-end=\"3192\" data-is-last-node=\"\" data-is-only-node=\"\"><img loading=\"lazy\" decoding=\"async\" class=\"aligncenter wp-image-26 size-medium\" src=\"https:\/\/abc-office.ch\/wp-content\/uploads\/2018\/06\/imageedit_1_6241191614-300x300.gif\" alt=\"Ovjereni prevod Bosna i Hercegovina\" width=\"300\" height=\"300\" \/><\/p>\n","protected":false},"excerpt":{"rendered":"<p>Ovjereni prevod Bosna i Hercegovina Na\u0161a agencija, ABC Translation, ve\u0107 dugi niz godina je specijalizovana u oblasti ovjerenog prevo\u0111enja. Mo\u017eemo vam pru\u017eiti sve usluge koje se odnose na ovu oblast, bilo da se radi o slu\u017ebenom prevodu, jednostavnom prevodu ili potrebi za tuma\u010denjem (ovjereni prevod Bosna i Hercegovina). Sa timom od preko 500 prevodilaca i&#8230;<\/p>\n","protected":false},"author":1,"featured_media":231316,"parent":231315,"menu_order":0,"comment_status":"closed","ping_status":"closed","template":"","meta":{"sfsi_plus_gutenberg_text_before_share":"","sfsi_plus_gutenberg_show_text_before_share":"","sfsi_plus_gutenberg_icon_type":"","sfsi_plus_gutenberg_icon_alignemt":"","sfsi_plus_gutenburg_max_per_row":"","footnotes":""},"class_list":["post-231343","page","type-page","status-publish","has-post-thumbnail","hentry"],"yoast_head":"<!-- This site is optimized with the Yoast SEO plugin v23.8 - https:\/\/yoast.com\/wordpress\/plugins\/seo\/ -->\n<title>Ovjereni prevod | Sudski tuma\u010d Bosna i Hercegovina<\/title>\n<meta name=\"description\" content=\"ABC Translation | Ovjereni prevod Bosna i Hercegovina | Sudski tuma\u010d Bosna i Hercegovina | Slu\u017ebeni prevod | Ovjereno\" \/>\n<meta name=\"robots\" content=\"index, follow, max-snippet:-1, max-image-preview:large, max-video-preview:-1\" \/>\n<link rel=\"canonical\" href=\"https:\/\/abc-office.eu\/bs\/bosna-i-hercegovina\/ovjereni-prevod-bosna-i-hercegovina\/\" \/>\n<meta property=\"og:locale\" content=\"bs_BA\" \/>\n<meta property=\"og:type\" content=\"article\" \/>\n<meta property=\"og:title\" content=\"Ovjereni prevod | Sudski tuma\u010d Bosna i Hercegovina\" \/>\n<meta property=\"og:description\" content=\"ABC Translation | Ovjereni prevod Bosna i Hercegovina | Sudski tuma\u010d Bosna i Hercegovina | Slu\u017ebeni prevod | Ovjereno\" \/>\n<meta property=\"og:url\" content=\"https:\/\/abc-office.eu\/bs\/bosna-i-hercegovina\/ovjereni-prevod-bosna-i-hercegovina\/\" \/>\n<meta property=\"og:site_name\" content=\"ABC Translation\" \/>\n<meta property=\"article:modified_time\" content=\"2025-10-26T14:03:37+00:00\" \/>\n<meta property=\"og:image\" content=\"https:\/\/abc-office.eu\/wp-content\/uploads\/2025\/10\/bosnia-768x433-1.webp\" \/>\n\t<meta property=\"og:image:width\" content=\"768\" \/>\n\t<meta property=\"og:image:height\" content=\"433\" \/>\n\t<meta property=\"og:image:type\" content=\"image\/webp\" \/>\n<meta name=\"twitter:card\" content=\"summary_large_image\" \/>\n<meta name=\"twitter:label1\" content=\"Est. reading time\" \/>\n\t<meta name=\"twitter:data1\" content=\"3 minute\" \/>\n<script type=\"application\/ld+json\" class=\"yoast-schema-graph\">{\"@context\":\"https:\/\/schema.org\",\"@graph\":[{\"@type\":\"WebPage\",\"@id\":\"https:\/\/abc-office.eu\/bs\/bosna-i-hercegovina\/ovjereni-prevod-bosna-i-hercegovina\/\",\"url\":\"https:\/\/abc-office.eu\/bs\/bosna-i-hercegovina\/ovjereni-prevod-bosna-i-hercegovina\/\",\"name\":\"Ovjereni prevod | Sudski tuma\u010d Bosna i Hercegovina\",\"isPartOf\":{\"@id\":\"https:\/\/abc-office.eu\/bs\/#website\"},\"primaryImageOfPage\":{\"@id\":\"https:\/\/abc-office.eu\/bs\/bosna-i-hercegovina\/ovjereni-prevod-bosna-i-hercegovina\/#primaryimage\"},\"image\":{\"@id\":\"https:\/\/abc-office.eu\/bs\/bosna-i-hercegovina\/ovjereni-prevod-bosna-i-hercegovina\/#primaryimage\"},\"thumbnailUrl\":\"https:\/\/abc-office.eu\/wp-content\/uploads\/2025\/10\/bosnia-768x433-1.webp\",\"datePublished\":\"2025-01-23T00:43:21+00:00\",\"dateModified\":\"2025-10-26T14:03:37+00:00\",\"description\":\"ABC Translation | Ovjereni prevod Bosna i Hercegovina | Sudski tuma\u010d Bosna i Hercegovina | Slu\u017ebeni prevod | Ovjereno\",\"breadcrumb\":{\"@id\":\"https:\/\/abc-office.eu\/bs\/bosna-i-hercegovina\/ovjereni-prevod-bosna-i-hercegovina\/#breadcrumb\"},\"inLanguage\":\"bs-BA\",\"potentialAction\":[{\"@type\":\"ReadAction\",\"target\":[\"https:\/\/abc-office.eu\/bs\/bosna-i-hercegovina\/ovjereni-prevod-bosna-i-hercegovina\/\"]}]},{\"@type\":\"ImageObject\",\"inLanguage\":\"bs-BA\",\"@id\":\"https:\/\/abc-office.eu\/bs\/bosna-i-hercegovina\/ovjereni-prevod-bosna-i-hercegovina\/#primaryimage\",\"url\":\"https:\/\/abc-office.eu\/wp-content\/uploads\/2025\/10\/bosnia-768x433-1.webp\",\"contentUrl\":\"https:\/\/abc-office.eu\/wp-content\/uploads\/2025\/10\/bosnia-768x433-1.webp\",\"width\":768,\"height\":433},{\"@type\":\"BreadcrumbList\",\"@id\":\"https:\/\/abc-office.eu\/bs\/bosna-i-hercegovina\/ovjereni-prevod-bosna-i-hercegovina\/#breadcrumb\",\"itemListElement\":[{\"@type\":\"ListItem\",\"position\":1,\"name\":\"Accueil\",\"item\":\"https:\/\/abc-office.eu\/bs\/\"},{\"@type\":\"ListItem\",\"position\":2,\"name\":\"Bosna i Hercegovina\",\"item\":\"https:\/\/abc-office.eu\/bs\/bosna-i-hercegovina\/\"},{\"@type\":\"ListItem\",\"position\":3,\"name\":\"Ovjereni prevod Bosna i Hercegovina\"}]},{\"@type\":\"WebSite\",\"@id\":\"https:\/\/abc-office.eu\/bs\/#website\",\"url\":\"https:\/\/abc-office.eu\/bs\/\",\"name\":\"ABC Translation\",\"description\":\"info@abc-office.eu\",\"potentialAction\":[{\"@type\":\"SearchAction\",\"target\":{\"@type\":\"EntryPoint\",\"urlTemplate\":\"https:\/\/abc-office.eu\/bs\/?s={search_term_string}\"},\"query-input\":{\"@type\":\"PropertyValueSpecification\",\"valueRequired\":true,\"valueName\":\"search_term_string\"}}],\"inLanguage\":\"bs-BA\"}]}<\/script>\n<!-- \/ Yoast SEO plugin. -->","yoast_head_json":{"title":"Ovjereni prevod | Sudski tuma\u010d Bosna i Hercegovina","description":"ABC Translation | Ovjereni prevod Bosna i Hercegovina | Sudski tuma\u010d Bosna i Hercegovina | Slu\u017ebeni prevod | Ovjereno","robots":{"index":"index","follow":"follow","max-snippet":"max-snippet:-1","max-image-preview":"max-image-preview:large","max-video-preview":"max-video-preview:-1"},"canonical":"https:\/\/abc-office.eu\/bs\/bosna-i-hercegovina\/ovjereni-prevod-bosna-i-hercegovina\/","og_locale":"bs_BA","og_type":"article","og_title":"Ovjereni prevod | Sudski tuma\u010d Bosna i Hercegovina","og_description":"ABC Translation | Ovjereni prevod Bosna i Hercegovina | Sudski tuma\u010d Bosna i Hercegovina | Slu\u017ebeni prevod | Ovjereno","og_url":"https:\/\/abc-office.eu\/bs\/bosna-i-hercegovina\/ovjereni-prevod-bosna-i-hercegovina\/","og_site_name":"ABC Translation","article_modified_time":"2025-10-26T14:03:37+00:00","og_image":[{"width":768,"height":433,"url":"https:\/\/abc-office.eu\/wp-content\/uploads\/2025\/10\/bosnia-768x433-1.webp","type":"image\/webp"}],"twitter_card":"summary_large_image","twitter_misc":{"Est. reading time":"3 minute"},"schema":{"@context":"https:\/\/schema.org","@graph":[{"@type":"WebPage","@id":"https:\/\/abc-office.eu\/bs\/bosna-i-hercegovina\/ovjereni-prevod-bosna-i-hercegovina\/","url":"https:\/\/abc-office.eu\/bs\/bosna-i-hercegovina\/ovjereni-prevod-bosna-i-hercegovina\/","name":"Ovjereni prevod | Sudski tuma\u010d Bosna i Hercegovina","isPartOf":{"@id":"https:\/\/abc-office.eu\/bs\/#website"},"primaryImageOfPage":{"@id":"https:\/\/abc-office.eu\/bs\/bosna-i-hercegovina\/ovjereni-prevod-bosna-i-hercegovina\/#primaryimage"},"image":{"@id":"https:\/\/abc-office.eu\/bs\/bosna-i-hercegovina\/ovjereni-prevod-bosna-i-hercegovina\/#primaryimage"},"thumbnailUrl":"https:\/\/abc-office.eu\/wp-content\/uploads\/2025\/10\/bosnia-768x433-1.webp","datePublished":"2025-01-23T00:43:21+00:00","dateModified":"2025-10-26T14:03:37+00:00","description":"ABC Translation | Ovjereni prevod Bosna i Hercegovina | Sudski tuma\u010d Bosna i Hercegovina | Slu\u017ebeni prevod | Ovjereno","breadcrumb":{"@id":"https:\/\/abc-office.eu\/bs\/bosna-i-hercegovina\/ovjereni-prevod-bosna-i-hercegovina\/#breadcrumb"},"inLanguage":"bs-BA","potentialAction":[{"@type":"ReadAction","target":["https:\/\/abc-office.eu\/bs\/bosna-i-hercegovina\/ovjereni-prevod-bosna-i-hercegovina\/"]}]},{"@type":"ImageObject","inLanguage":"bs-BA","@id":"https:\/\/abc-office.eu\/bs\/bosna-i-hercegovina\/ovjereni-prevod-bosna-i-hercegovina\/#primaryimage","url":"https:\/\/abc-office.eu\/wp-content\/uploads\/2025\/10\/bosnia-768x433-1.webp","contentUrl":"https:\/\/abc-office.eu\/wp-content\/uploads\/2025\/10\/bosnia-768x433-1.webp","width":768,"height":433},{"@type":"BreadcrumbList","@id":"https:\/\/abc-office.eu\/bs\/bosna-i-hercegovina\/ovjereni-prevod-bosna-i-hercegovina\/#breadcrumb","itemListElement":[{"@type":"ListItem","position":1,"name":"Accueil","item":"https:\/\/abc-office.eu\/bs\/"},{"@type":"ListItem","position":2,"name":"Bosna i Hercegovina","item":"https:\/\/abc-office.eu\/bs\/bosna-i-hercegovina\/"},{"@type":"ListItem","position":3,"name":"Ovjereni prevod Bosna i Hercegovina"}]},{"@type":"WebSite","@id":"https:\/\/abc-office.eu\/bs\/#website","url":"https:\/\/abc-office.eu\/bs\/","name":"ABC Translation","description":"info@abc-office.eu","potentialAction":[{"@type":"SearchAction","target":{"@type":"EntryPoint","urlTemplate":"https:\/\/abc-office.eu\/bs\/?s={search_term_string}"},"query-input":{"@type":"PropertyValueSpecification","valueRequired":true,"valueName":"search_term_string"}}],"inLanguage":"bs-BA"}]}},"_links":{"self":[{"href":"https:\/\/abc-office.eu\/bs\/wp-json\/wp\/v2\/pages\/231343","targetHints":{"allow":["GET"]}}],"collection":[{"href":"https:\/\/abc-office.eu\/bs\/wp-json\/wp\/v2\/pages"}],"about":[{"href":"https:\/\/abc-office.eu\/bs\/wp-json\/wp\/v2\/types\/page"}],"author":[{"embeddable":true,"href":"https:\/\/abc-office.eu\/bs\/wp-json\/wp\/v2\/users\/1"}],"replies":[{"embeddable":true,"href":"https:\/\/abc-office.eu\/bs\/wp-json\/wp\/v2\/comments?post=231343"}],"version-history":[{"count":1,"href":"https:\/\/abc-office.eu\/bs\/wp-json\/wp\/v2\/pages\/231343\/revisions"}],"predecessor-version":[{"id":231347,"href":"https:\/\/abc-office.eu\/bs\/wp-json\/wp\/v2\/pages\/231343\/revisions\/231347"}],"up":[{"embeddable":true,"href":"https:\/\/abc-office.eu\/bs\/wp-json\/wp\/v2\/pages\/231315"}],"wp:featuredmedia":[{"embeddable":true,"href":"https:\/\/abc-office.eu\/bs\/wp-json\/wp\/v2\/media\/231316"}],"wp:attachment":[{"href":"https:\/\/abc-office.eu\/bs\/wp-json\/wp\/v2\/media?parent=231343"}],"curies":[{"name":"wp","href":"https:\/\/api.w.org\/{rel}","templated":true}]}}