{"id":231315,"date":"2024-04-13T09:37:07","date_gmt":"2024-04-13T07:37:07","guid":{"rendered":"https:\/\/abc-office.eu\/?page_id=231315"},"modified":"2025-10-26T14:04:34","modified_gmt":"2025-10-26T13:04:34","slug":"bosna-i-hercegovina","status":"publish","type":"page","link":"https:\/\/abc-office.eu\/bs\/bosna-i-hercegovina\/","title":{"rendered":"Bosna i Hercegovina"},"content":{"rendered":"<h2 data-start=\"0\" data-end=\"25\"><strong data-start=\"0\" data-end=\"23\">Bosna i Hercegovina<\/strong><\/h2>\n<p style=\"text-align: justify;\" data-start=\"27\" data-end=\"406\">Na\u0161a agencija za prevo\u0111enje i legalizaciju specijalizovana je za ovjerene i sudske prevode na vi\u0161e od 80 jezika, kao i za legalizacije. Na\u0161 tim sa sjedi\u0161tem u Bosni i Hercegovini mo\u017ee brzo obraditi va\u0161 zahtjev. Potrebno je samo da dobijemo kopiju dokumenata koji trebaju biti prevedeni (svi formati su prihva\u0107eni). Originalni dokumenti vi\u0161e nisu potrebni (Bosna i Hercegovina).<\/p>\n<ol>\n<li data-start=\"408\" data-end=\"1307\">Prvo, slobodno koristite na\u0161u e-mail adresu (<a href=\"mailto:info@abc-office.eu\">info@abc-office.eu<\/a>), kontakt formu ili na\u0161 WhatsApp link.<\/li>\n<li data-start=\"408\" data-end=\"1307\"><a class=\"decorated-link cursor-pointer\" rel=\"noopener\" data-start=\"453\" data-end=\"471\">Drugo, molimo vas da navedete jezik na koji \u017eelite da se izvr\u0161i prevod i da li \u017eelite da prevod bude ovjeren kod notara i\/ili apostiliran (Kancelarija), te da li vam je potrebna legalizacija u ambasadi ili konzulatu.<\/a><\/li>\n<li data-start=\"408\" data-end=\"1307\"><a class=\"decorated-link cursor-pointer\" rel=\"noopener\" data-start=\"453\" data-end=\"471\">Tre\u0107e, jedan od na\u0161ih projekt menad\u017eera \u0107e vam zatim brzo dostaviti ponudu sa navedenom cijenom i rokom realizacije projekta. Obi\u010dno odgovaramo u roku od 30 minuta. Me\u0111utim, molimo vas da nas pozovete ako ne dobijete odgovor u roku od jednog sata.<\/a><\/li>\n<li data-start=\"408\" data-end=\"1307\"><a class=\"decorated-link cursor-pointer\" rel=\"noopener\" data-start=\"453\" data-end=\"471\">\u010cetvrto i najva\u017enije, nakon \u0161to prihvatite ponudu, zapo\u010de\u0107emo proces prevo\u0111enja ili legalizacije i posla\u0107emo vam ovjerene prevode i\/ili legalizovane dokumente po\u0161tom. Ako \u017eelite i elektronsku kopiju prevoda i legalizacije putem e-maila, obavijestite projekt menad\u017eera i mi \u0107emo vam je poslati prije slanja originala po\u0161tom.<\/a><\/li>\n<\/ol>\n<p style=\"text-align: justify;\" data-start=\"1309\" data-end=\"1590\">\u0160to se ti\u010de rokova, ovjereni prevodi i\/ili legalizacije se \u0161alju po\u0161tom ili putem DHL-a i\/ili e-mailom u roku od 2\u20133 radna dana. Me\u0111utim, to zavisi od obima i slo\u017eenosti dokumenata. Na primjer, jedan dokument od jedne stranice obi\u010dno mo\u017eete primiti po\u0161tom u roku od 2 radna dana.<\/p>\n<h3 data-start=\"1592\" data-end=\"1629\"><strong data-start=\"1592\" data-end=\"1627\">Evo liste na\u0161ih glavnih jezika:<\/strong><\/h3>\n<p style=\"text-align: justify;\" data-start=\"1631\" data-end=\"2540\">Afrikaans | Albanski | Njema\u010dki | Ameri\u010dki | Amharski | Engleski | Arapski | Jermenski | Ajmara | Azerbejd\u017eanski | Baskijski | Bengalski | Bjeloruski | Burmanski | Bosanski | Brazilski | Bugarski | Kantonski | Katalonski | Sinhala | Kineski | Pojednostavljeni kineski | Tradicionalni kineski | Korejski | Hrvatski | Danski | Dari | \u0160panski | Estonski | Ewe | Farsi | Finski | Gruzijski | Gr\u010dki | Gvarani | Hebrejski | Hindi | Ma\u0111arski | Indonezijski | Italijanski | Japanski | Kazahstanski | Kmerski | Kirgiski | Kurdski | Lao | Letonski | Lingala | Litvanski | Makedonski | Malezijski | Malajalam | Mandarinski | Moldavski | Mongolski | Crnogorski | Holandski | Norve\u0161ki | Urdu | Uzbekistanski | Pa\u0161to | Pand\u017eabi | Perzijski | Fula | Poljski | Portugalski | Ke\u010dua | Rumunski | Ruski | Srpski | Slova\u010dki | Slovena\u010dki | \u0160vedski | Tamilski | \u010ce\u0161ki | Tajlandski | Turski | Turkmenski | Ukrajinski | Vijetnamski<\/p>\n<h3 data-start=\"2542\" data-end=\"2580\"><strong data-start=\"2542\" data-end=\"2578\">Evo nesa\u017eetog popisa dokumenata:<\/strong><\/h3>\n<p style=\"text-align: justify;\" data-start=\"2582\" data-end=\"2958\">Izvod iz mati\u010dne knjige ro\u0111enih | Vjen\u010dani list | Uvjerenje o bra\u010dnom statusu | Potvrda | Patent | Uvjerenje o neka\u017enjavanju | Sertifikat | Uvjerenje o ne\u017eenstvu | Smrtni list | Porodi\u010dni list | Potvrda o zaposlenju | Poreska prijava | Diploma | Paso\u0161 | Voza\u010dka dozvola | Testament | Viza | Ugovor | Ugovor o razvodu | Bra\u010dni ugovor | Presuda | Postupak | Punomo\u0107 | Zapisnik<\/p>\n<h3 data-start=\"2960\" data-end=\"3034\"><strong data-start=\"2960\" data-end=\"3032\">Naj\u010de\u0161\u0107e vrste ovjera\/legalizacija za prevode (Bosna i Hercegovina):<\/strong><\/h3>\n<ul>\n<li style=\"text-align: justify;\" data-start=\"3037\" data-end=\"3116\"><strong data-start=\"3037\" data-end=\"3057\">Ovjereni prevod:<\/strong> prevod koji izdaje na\u0161 prevodilac sa pe\u010datom i potpisom.<\/li>\n<li style=\"text-align: justify;\" data-start=\"3037\" data-end=\"3116\"><strong>Ovjereni prevod: <\/strong>na\u0161 servis nudi ovjerene prevode koje izra\u0111uju stalni sudski tuma\u010di imenovani od strane Ministarstva pravde Bosne i Hercegovine. Ovjereni prevod je slu\u017ebeni prevod koji sadr\u017ei pe\u010dat i potpis sudskog tuma\u010da, \u010dime se potvr\u0111uje da je prevod vjeran i ta\u010dan originalnom dokumentu. Takvi prevodi su zakonski priznati i mogu se koristiti u Bosni i Hercegovini, kao i u inostranstvu uz odgovaraju\u0107u legalizaciju (notarsku ovjeru, apostil ili ovjeru ambasade\/konzulata). Na\u0161 tim sudskih tuma\u010da omogu\u0107ava brzu i ta\u010dnu izradu ovjerenih prevoda za sve vrste dokumenata \u2013 li\u010dne, pravne, obrazovne i poslovne.<\/li>\n<li style=\"text-align: justify;\" data-start=\"3119\" data-end=\"3192\"><strong data-start=\"3119\" data-end=\"3143\">Legalizovani prevod:<\/strong> notar legalizuje potpis prevodioca na prevodu.<\/li>\n<li style=\"text-align: justify;\" data-start=\"3195\" data-end=\"3259\"><strong data-start=\"3195\" data-end=\"3219\">Prevod sa apostilom:<\/strong> kancelarija legalizuje potpis notara.<\/li>\n<li style=\"text-align: justify;\" data-start=\"3262\" data-end=\"3388\"><strong data-start=\"3262\" data-end=\"3318\">Prevod legalizovan od strane ambasade ili konzulata:<\/strong> ambasada ili konzulat legalizuju prevod za upotrebu u inostranstvu.<\/li>\n<\/ul>\n<h3 data-start=\"3390\" data-end=\"3467\"><strong data-start=\"3390\" data-end=\"3465\">Naj\u010de\u0161\u0107e vrste legalizacija za zvani\u010dnu upotrebu (Bosna i Hercegovina):<\/strong><\/h3>\n<ul>\n<li data-start=\"3470\" data-end=\"3647\"><strong data-start=\"3470\" data-end=\"3497\">Legalizacija apostilom:<\/strong> zemlje potpisnice Ha\u0161ke konvencije priznaju vrijednost dokumenta bez vize konzulata ili ambasade, pod uslovom da dokument ima apostil legalizaciju.<\/li>\n<li data-start=\"3650\" data-end=\"3959\"><strong data-start=\"3650\" data-end=\"3700\">Legalizacija od strane ambasade ili konzulata:<\/strong> da bi dokumenti bili va\u017ee\u0107i u nekim zemljama, poput Kine, moraju biti legalizovani u ambasadi ili konzulatu. Svi dokumenti moraju prvo biti ovjereni kod notara i u Kancelariji\/Prefekturi prije nego \u0161to ambasada ili konzulat mogu staviti svoju legalizaciju.<\/li>\n<li data-start=\"3962\" data-end=\"4305\"><strong data-start=\"3962\" data-end=\"3982\">Ovjerena kopija:<\/strong> ovjerena kopija, poznata i kao <em data-start=\"4014\" data-end=\"4023\">Vidimus<\/em> ili <em data-start=\"4028\" data-end=\"4036\">Brevet<\/em>, je kopija \u010dija je uskla\u0111enost sa originalom potvr\u0111ena od strane notara. Kada su originalni dokumenti izdati od strane stranih vlasti, odre\u0111ene institucije zahtijevaju ovjerene kopije potvr\u0111ene od strane notara. Isto va\u017ei i za dokumente koji se \u0161alju u inostranstvo.<\/li>\n<li data-start=\"4308\" data-end=\"4446\"><strong data-start=\"4308\" data-end=\"4317\">Viza:<\/strong> viza je legalizacija koja se stavlja na kopiju originalnog dokumenta. Ako nemate original, i dalje mo\u017eemo legalizovati kopiju.<\/li>\n<li data-start=\"4449\" data-end=\"4684\"><strong data-start=\"4449\" data-end=\"4474\">Legalizacija potpisa:<\/strong> legalizacijom potpisa notar potvr\u0111uje njegovu autenti\u010dnost \u2013 potpis koji se nalazi na dnu dokumenta zaista pripada osobi koja tvrdi da ga je potpisala. Ova vrsta legalizacije se naj\u010de\u0161\u0107e koristi za punomo\u0107i.<\/li>\n<\/ul>\n<p style=\"text-align: justify;\" data-start=\"4686\" data-end=\"5018\">Kao rezultat toga, i zahvaljuju\u0107i pravilnoj ovjeri, prevodi i legalizacije \u0107e biti prihva\u0107eni u Bosni i Hercegovini i u inostranstvu. Za sva pitanja u vezi sa vrstom ovjere ili legalizacije koja vam je potrebna za va\u0161e dokumente, ne oklijevajte da kontaktirate na\u0161 tim. Mi \u0107emo vas voditi kroz cijeli proces (Bosna i Hercegovina).<\/p>\n<p style=\"text-align: justify;\" data-start=\"5020\" data-end=\"5051\">Radujemo se saradnji sa vama.<\/p>\n<p data-start=\"5053\" data-end=\"5076\" data-is-last-node=\"\" data-is-only-node=\"\"><a href=\"https:\/\/abc-office.eu\/bs\/\"><strong data-start=\"5053\" data-end=\"5076\" data-is-last-node=\"\">ABC Translation LLC<\/strong><\/a><\/p>\n<p data-start=\"5053\" data-end=\"5076\" data-is-last-node=\"\" data-is-only-node=\"\"><img loading=\"lazy\" decoding=\"async\" class=\"aligncenter wp-image-271\" src=\"https:\/\/abc-office.ch\/wp-content\/uploads\/2018\/06\/imageedit_1_6241191614.gif\" alt=\"Bosna i Hercegovina\" width=\"437\" height=\"437\" \/><\/p>\n","protected":false},"excerpt":{"rendered":"<p>Bosna i Hercegovina Na\u0161a agencija za prevo\u0111enje i legalizaciju specijalizovana je za ovjerene i sudske prevode na vi\u0161e od 80 jezika, kao i za legalizacije. Na\u0161 tim sa sjedi\u0161tem u Bosni i Hercegovini mo\u017ee brzo obraditi va\u0161 zahtjev. Potrebno je samo da dobijemo kopiju dokumenata koji trebaju biti prevedeni (svi formati su prihva\u0107eni). Originalni dokumenti&#8230;<\/p>\n","protected":false},"author":1,"featured_media":231316,"parent":0,"menu_order":0,"comment_status":"closed","ping_status":"closed","template":"","meta":{"sfsi_plus_gutenberg_text_before_share":"","sfsi_plus_gutenberg_show_text_before_share":"","sfsi_plus_gutenberg_icon_type":"","sfsi_plus_gutenberg_icon_alignemt":"","sfsi_plus_gutenburg_max_per_row":"","footnotes":""},"class_list":["post-231315","page","type-page","status-publish","has-post-thumbnail","hentry"],"yoast_head":"<!-- This site is optimized with the Yoast SEO plugin v23.8 - https:\/\/yoast.com\/wordpress\/plugins\/seo\/ -->\n<title>Ovjereni prevod Bosna i Hercegovina | Sudski tuma\u010d<\/title>\n<meta name=\"description\" content=\"ABC Translation | Ovjereni prevod Bosna i Hercegovina | Sudski tuma\u010d Bosna i Hercegovina | Legalizacija kod notara | Apostil\" \/>\n<meta name=\"robots\" content=\"index, follow, max-snippet:-1, max-image-preview:large, max-video-preview:-1\" \/>\n<link rel=\"canonical\" href=\"https:\/\/abc-office.eu\/bs\/bosna-i-hercegovina\/\" \/>\n<meta property=\"og:locale\" content=\"bs_BA\" \/>\n<meta property=\"og:type\" content=\"article\" \/>\n<meta property=\"og:title\" content=\"Ovjereni prevod Bosna i Hercegovina | Sudski tuma\u010d\" \/>\n<meta property=\"og:description\" content=\"ABC Translation | Ovjereni prevod Bosna i Hercegovina | Sudski tuma\u010d Bosna i Hercegovina | Legalizacija kod notara | Apostil\" \/>\n<meta property=\"og:url\" content=\"https:\/\/abc-office.eu\/bs\/bosna-i-hercegovina\/\" \/>\n<meta property=\"og:site_name\" content=\"ABC Translation\" \/>\n<meta property=\"article:modified_time\" content=\"2025-10-26T13:04:34+00:00\" \/>\n<meta property=\"og:image\" content=\"https:\/\/abc-office.eu\/wp-content\/uploads\/2025\/10\/bosnia-768x433-1.webp\" \/>\n\t<meta property=\"og:image:width\" content=\"768\" \/>\n\t<meta property=\"og:image:height\" content=\"433\" \/>\n\t<meta property=\"og:image:type\" content=\"image\/webp\" \/>\n<meta name=\"twitter:card\" content=\"summary_large_image\" \/>\n<meta name=\"twitter:label1\" content=\"Est. reading time\" \/>\n\t<meta name=\"twitter:data1\" content=\"5 minuta\" \/>\n<script type=\"application\/ld+json\" class=\"yoast-schema-graph\">{\"@context\":\"https:\/\/schema.org\",\"@graph\":[{\"@type\":\"WebPage\",\"@id\":\"https:\/\/abc-office.eu\/bs\/bosna-i-hercegovina\/\",\"url\":\"https:\/\/abc-office.eu\/bs\/bosna-i-hercegovina\/\",\"name\":\"Ovjereni prevod Bosna i Hercegovina | Sudski tuma\u010d\",\"isPartOf\":{\"@id\":\"https:\/\/abc-office.eu\/bs\/#website\"},\"primaryImageOfPage\":{\"@id\":\"https:\/\/abc-office.eu\/bs\/bosna-i-hercegovina\/#primaryimage\"},\"image\":{\"@id\":\"https:\/\/abc-office.eu\/bs\/bosna-i-hercegovina\/#primaryimage\"},\"thumbnailUrl\":\"https:\/\/abc-office.eu\/wp-content\/uploads\/2025\/10\/bosnia-768x433-1.webp\",\"datePublished\":\"2024-04-13T07:37:07+00:00\",\"dateModified\":\"2025-10-26T13:04:34+00:00\",\"description\":\"ABC Translation | Ovjereni prevod Bosna i Hercegovina | Sudski tuma\u010d Bosna i Hercegovina | Legalizacija kod notara | Apostil\",\"breadcrumb\":{\"@id\":\"https:\/\/abc-office.eu\/bs\/bosna-i-hercegovina\/#breadcrumb\"},\"inLanguage\":\"bs-BA\",\"potentialAction\":[{\"@type\":\"ReadAction\",\"target\":[\"https:\/\/abc-office.eu\/bs\/bosna-i-hercegovina\/\"]}]},{\"@type\":\"ImageObject\",\"inLanguage\":\"bs-BA\",\"@id\":\"https:\/\/abc-office.eu\/bs\/bosna-i-hercegovina\/#primaryimage\",\"url\":\"https:\/\/abc-office.eu\/wp-content\/uploads\/2025\/10\/bosnia-768x433-1.webp\",\"contentUrl\":\"https:\/\/abc-office.eu\/wp-content\/uploads\/2025\/10\/bosnia-768x433-1.webp\",\"width\":768,\"height\":433},{\"@type\":\"BreadcrumbList\",\"@id\":\"https:\/\/abc-office.eu\/bs\/bosna-i-hercegovina\/#breadcrumb\",\"itemListElement\":[{\"@type\":\"ListItem\",\"position\":1,\"name\":\"Accueil\",\"item\":\"https:\/\/abc-office.eu\/bs\/\"},{\"@type\":\"ListItem\",\"position\":2,\"name\":\"Bosna i Hercegovina\"}]},{\"@type\":\"WebSite\",\"@id\":\"https:\/\/abc-office.eu\/bs\/#website\",\"url\":\"https:\/\/abc-office.eu\/bs\/\",\"name\":\"ABC Translation\",\"description\":\"info@abc-office.eu\",\"potentialAction\":[{\"@type\":\"SearchAction\",\"target\":{\"@type\":\"EntryPoint\",\"urlTemplate\":\"https:\/\/abc-office.eu\/bs\/?s={search_term_string}\"},\"query-input\":{\"@type\":\"PropertyValueSpecification\",\"valueRequired\":true,\"valueName\":\"search_term_string\"}}],\"inLanguage\":\"bs-BA\"}]}<\/script>\n<!-- \/ Yoast SEO plugin. -->","yoast_head_json":{"title":"Ovjereni prevod Bosna i Hercegovina | Sudski tuma\u010d","description":"ABC Translation | Ovjereni prevod Bosna i Hercegovina | Sudski tuma\u010d Bosna i Hercegovina | Legalizacija kod notara | Apostil","robots":{"index":"index","follow":"follow","max-snippet":"max-snippet:-1","max-image-preview":"max-image-preview:large","max-video-preview":"max-video-preview:-1"},"canonical":"https:\/\/abc-office.eu\/bs\/bosna-i-hercegovina\/","og_locale":"bs_BA","og_type":"article","og_title":"Ovjereni prevod Bosna i Hercegovina | Sudski tuma\u010d","og_description":"ABC Translation | Ovjereni prevod Bosna i Hercegovina | Sudski tuma\u010d Bosna i Hercegovina | Legalizacija kod notara | Apostil","og_url":"https:\/\/abc-office.eu\/bs\/bosna-i-hercegovina\/","og_site_name":"ABC Translation","article_modified_time":"2025-10-26T13:04:34+00:00","og_image":[{"width":768,"height":433,"url":"https:\/\/abc-office.eu\/wp-content\/uploads\/2025\/10\/bosnia-768x433-1.webp","type":"image\/webp"}],"twitter_card":"summary_large_image","twitter_misc":{"Est. reading time":"5 minuta"},"schema":{"@context":"https:\/\/schema.org","@graph":[{"@type":"WebPage","@id":"https:\/\/abc-office.eu\/bs\/bosna-i-hercegovina\/","url":"https:\/\/abc-office.eu\/bs\/bosna-i-hercegovina\/","name":"Ovjereni prevod Bosna i Hercegovina | Sudski tuma\u010d","isPartOf":{"@id":"https:\/\/abc-office.eu\/bs\/#website"},"primaryImageOfPage":{"@id":"https:\/\/abc-office.eu\/bs\/bosna-i-hercegovina\/#primaryimage"},"image":{"@id":"https:\/\/abc-office.eu\/bs\/bosna-i-hercegovina\/#primaryimage"},"thumbnailUrl":"https:\/\/abc-office.eu\/wp-content\/uploads\/2025\/10\/bosnia-768x433-1.webp","datePublished":"2024-04-13T07:37:07+00:00","dateModified":"2025-10-26T13:04:34+00:00","description":"ABC Translation | Ovjereni prevod Bosna i Hercegovina | Sudski tuma\u010d Bosna i Hercegovina | Legalizacija kod notara | Apostil","breadcrumb":{"@id":"https:\/\/abc-office.eu\/bs\/bosna-i-hercegovina\/#breadcrumb"},"inLanguage":"bs-BA","potentialAction":[{"@type":"ReadAction","target":["https:\/\/abc-office.eu\/bs\/bosna-i-hercegovina\/"]}]},{"@type":"ImageObject","inLanguage":"bs-BA","@id":"https:\/\/abc-office.eu\/bs\/bosna-i-hercegovina\/#primaryimage","url":"https:\/\/abc-office.eu\/wp-content\/uploads\/2025\/10\/bosnia-768x433-1.webp","contentUrl":"https:\/\/abc-office.eu\/wp-content\/uploads\/2025\/10\/bosnia-768x433-1.webp","width":768,"height":433},{"@type":"BreadcrumbList","@id":"https:\/\/abc-office.eu\/bs\/bosna-i-hercegovina\/#breadcrumb","itemListElement":[{"@type":"ListItem","position":1,"name":"Accueil","item":"https:\/\/abc-office.eu\/bs\/"},{"@type":"ListItem","position":2,"name":"Bosna i Hercegovina"}]},{"@type":"WebSite","@id":"https:\/\/abc-office.eu\/bs\/#website","url":"https:\/\/abc-office.eu\/bs\/","name":"ABC Translation","description":"info@abc-office.eu","potentialAction":[{"@type":"SearchAction","target":{"@type":"EntryPoint","urlTemplate":"https:\/\/abc-office.eu\/bs\/?s={search_term_string}"},"query-input":{"@type":"PropertyValueSpecification","valueRequired":true,"valueName":"search_term_string"}}],"inLanguage":"bs-BA"}]}},"_links":{"self":[{"href":"https:\/\/abc-office.eu\/bs\/wp-json\/wp\/v2\/pages\/231315","targetHints":{"allow":["GET"]}}],"collection":[{"href":"https:\/\/abc-office.eu\/bs\/wp-json\/wp\/v2\/pages"}],"about":[{"href":"https:\/\/abc-office.eu\/bs\/wp-json\/wp\/v2\/types\/page"}],"author":[{"embeddable":true,"href":"https:\/\/abc-office.eu\/bs\/wp-json\/wp\/v2\/users\/1"}],"replies":[{"embeddable":true,"href":"https:\/\/abc-office.eu\/bs\/wp-json\/wp\/v2\/comments?post=231315"}],"version-history":[{"count":1,"href":"https:\/\/abc-office.eu\/bs\/wp-json\/wp\/v2\/pages\/231315\/revisions"}],"predecessor-version":[{"id":231341,"href":"https:\/\/abc-office.eu\/bs\/wp-json\/wp\/v2\/pages\/231315\/revisions\/231341"}],"wp:featuredmedia":[{"embeddable":true,"href":"https:\/\/abc-office.eu\/bs\/wp-json\/wp\/v2\/media\/231316"}],"wp:attachment":[{"href":"https:\/\/abc-office.eu\/bs\/wp-json\/wp\/v2\/media?parent=231315"}],"curies":[{"name":"wp","href":"https:\/\/api.w.org\/{rel}","templated":true}]}}