{"id":231279,"date":"2022-04-25T10:26:44","date_gmt":"2022-04-25T08:26:44","guid":{"rendered":"https:\/\/abc-office.eu\/?page_id=231279"},"modified":"2025-10-26T13:34:22","modified_gmt":"2025-10-26T12:34:22","slug":"kontakt","status":"publish","type":"page","link":"https:\/\/abc-office.eu\/bs\/kontakt\/","title":{"rendered":"Kontakt"},"content":{"rendered":"<h2><strong data-start=\"0\" data-end=\"58\">Kontakt \u2013 va\u0161e prevodila\u010dke agencije u Evropskoj uniji<\/strong><\/h2>\n<p><br data-start=\"58\" data-end=\"61\" \/>Email: <a class=\"decorated-link cursor-pointer\" href=\"mailto:info@abc-office.eu\" rel=\"noopener\" data-start=\"68\" data-end=\"86\">info@abc-office.eu<\/a><\/p>\n<h3 data-start=\"90\" data-end=\"111\"><strong data-start=\"90\" data-end=\"109\">ABC Translation<\/strong><\/h3>\n<p style=\"text-align: justify;\" data-start=\"113\" data-end=\"729\">Na\u0161i prevodioci i lektori, sa sjedi\u0161tem u Evropskoj uniji, svi imaju zavr\u0161en master iz oblasti prevo\u0111enja. Specijalizovani su u razli\u010ditim oblastima kao \u0161to su marketing, ekonomija, politika, pravo i medicina. Za brzi upit, molimo vas da popunite formular koji se nalazi s desne strane ekrana. Nakon toga, na\u0161 tim \u0107e vam poslati ponudu koja sadr\u017ei cijenu kao i rok za izradu prevoda. Na\u0161a ponuda uklju\u010duje prevo\u0111enje teksta, kao i lekturu koju obavlja drugi prevodilac kako bi se osigurao kvalitet prevoda. Kada je tekst preveden i lekturisan, \u0161aljemo ga nazad putem e-maila ili po\u0161tom u slu\u010daju ovjerenog prevoda.<\/p>\n<p style=\"text-align: justify;\" data-start=\"731\" data-end=\"1022\">Kvalitet rada mora biti savr\u0161en kada je rije\u010d o prevo\u0111enju. Zahvaljuju\u0107i na\u0161im glavnim prednostima \u2013 preciznosti, efikasnosti i ta\u010dnosti \u2013 svakodnevno sara\u0111ujemo sa velikim brojem kompanija i pojedinaca. Bavimo se prevo\u0111enjem web stranica, zvani\u010dnih dokumenata i specijalizovanih tekstova.<\/p>\n<p style=\"text-align: justify;\" data-start=\"1024\" data-end=\"1449\" data-is-last-node=\"\" data-is-only-node=\"\">Na\u0161 cjenovni raspon utvr\u0111en je prema ta\u010dnom sistemu Evropske unije. Ova asocijacija je osnovana s ciljem uspostavljanja sistema naplate koji uzima u obzir slo\u017eenost izvornog teksta. Cijena se mo\u017ee obra\u010dunavati prema broju rije\u010di ili po liniji od 55 znakova. Ovaj sistem omogu\u0107ava potpunu transparentnost prema klijentu i izradu ta\u010dnih i po\u0161tenih ponuda. Radimo sa kompanijama, kao i sa privatnim licima, \u0161irom Evropske <a href=\"https:\/\/abc-office.eu\/bs\/\">unije<\/a>.<\/p>\n<p data-start=\"1024\" data-end=\"1449\" data-is-last-node=\"\" data-is-only-node=\"\"><img loading=\"lazy\" decoding=\"async\" class=\"aligncenter wp-image-28719\" src=\"https:\/\/abc-office.eu\/wp-content\/uploads\/2017\/02\/second_image-300x200.jpg\" alt=\"Kontakt\" width=\"660\" height=\"440\" srcset=\"https:\/\/abc-office.eu\/wp-content\/uploads\/2017\/02\/second_image-300x200.jpg 300w, https:\/\/abc-office.eu\/wp-content\/uploads\/2017\/02\/second_image-1024x682.jpg 1024w, https:\/\/abc-office.eu\/wp-content\/uploads\/2017\/02\/second_image-768x512.jpg 768w, https:\/\/abc-office.eu\/wp-content\/uploads\/2017\/02\/second_image-1080x720.jpg 1080w, https:\/\/abc-office.eu\/wp-content\/uploads\/2017\/02\/second_image-1280x853.jpg 1280w, https:\/\/abc-office.eu\/wp-content\/uploads\/2017\/02\/second_image-980x653.jpg 980w, https:\/\/abc-office.eu\/wp-content\/uploads\/2017\/02\/second_image-480x320.jpg 480w, https:\/\/abc-office.eu\/wp-content\/uploads\/2017\/02\/second_image.jpg 1400w\" sizes=\"auto, (max-width: 660px) 100vw, 660px\" \/><\/p>\n","protected":false},"excerpt":{"rendered":"<p>Kontakt \u2013 va\u0161e prevodila\u010dke agencije u Evropskoj uniji Email: info@abc-office.eu ABC Translation Na\u0161i prevodioci i lektori, sa sjedi\u0161tem u Evropskoj uniji, svi imaju zavr\u0161en master iz oblasti prevo\u0111enja. Specijalizovani su u razli\u010ditim oblastima kao \u0161to su marketing, ekonomija, politika, pravo i medicina. Za brzi upit, molimo vas da popunite formular koji se nalazi s desne&#8230;<\/p>\n","protected":false},"author":1,"featured_media":231280,"parent":0,"menu_order":0,"comment_status":"closed","ping_status":"closed","template":"","meta":{"sfsi_plus_gutenberg_text_before_share":"","sfsi_plus_gutenberg_show_text_before_share":"","sfsi_plus_gutenberg_icon_type":"","sfsi_plus_gutenberg_icon_alignemt":"","sfsi_plus_gutenburg_max_per_row":"","footnotes":""},"class_list":["post-231279","page","type-page","status-publish","has-post-thumbnail","hentry"],"yoast_head":"<!-- This site is optimized with the Yoast SEO plugin v23.8 - https:\/\/yoast.com\/wordpress\/plugins\/seo\/ -->\n<title>Kontakt | Prevod | Prevodilac | Evropska unija | Ujedinjeno<\/title>\n<meta name=\"description\" content=\"ABC Translation: Kontakt | Prevod web stranica | Prevod zvani\u010dnih dokumenata | Specijalizovani prevod | Evropska unija\" \/>\n<meta name=\"robots\" content=\"index, follow, max-snippet:-1, max-image-preview:large, max-video-preview:-1\" \/>\n<link rel=\"canonical\" href=\"https:\/\/abc-office.eu\/bs\/kontakt\/\" \/>\n<meta property=\"og:locale\" content=\"bs_BA\" \/>\n<meta property=\"og:type\" content=\"article\" \/>\n<meta property=\"og:title\" content=\"Kontakt | Prevod | Prevodilac | Evropska unija | Ujedinjeno\" \/>\n<meta property=\"og:description\" content=\"ABC Translation: Kontakt | Prevod web stranica | Prevod zvani\u010dnih dokumenata | Specijalizovani prevod | Evropska unija\" \/>\n<meta property=\"og:url\" content=\"https:\/\/abc-office.eu\/bs\/kontakt\/\" \/>\n<meta property=\"og:site_name\" content=\"ABC Translation\" \/>\n<meta property=\"article:modified_time\" content=\"2025-10-26T12:34:22+00:00\" \/>\n<meta property=\"og:image\" content=\"https:\/\/abc-office.eu\/wp-content\/uploads\/2025\/10\/Flag_of_Europe-2-768x512-13.png\" \/>\n\t<meta property=\"og:image:width\" content=\"768\" \/>\n\t<meta property=\"og:image:height\" content=\"512\" \/>\n\t<meta property=\"og:image:type\" content=\"image\/png\" \/>\n<meta name=\"twitter:card\" content=\"summary_large_image\" \/>\n<meta name=\"twitter:label1\" content=\"Est. reading time\" \/>\n\t<meta name=\"twitter:data1\" content=\"2 minute\" \/>\n<script type=\"application\/ld+json\" class=\"yoast-schema-graph\">{\"@context\":\"https:\/\/schema.org\",\"@graph\":[{\"@type\":\"WebPage\",\"@id\":\"https:\/\/abc-office.eu\/bs\/kontakt\/\",\"url\":\"https:\/\/abc-office.eu\/bs\/kontakt\/\",\"name\":\"Kontakt | Prevod | Prevodilac | Evropska unija | Ujedinjeno\",\"isPartOf\":{\"@id\":\"https:\/\/abc-office.eu\/bs\/#website\"},\"primaryImageOfPage\":{\"@id\":\"https:\/\/abc-office.eu\/bs\/kontakt\/#primaryimage\"},\"image\":{\"@id\":\"https:\/\/abc-office.eu\/bs\/kontakt\/#primaryimage\"},\"thumbnailUrl\":\"https:\/\/abc-office.eu\/wp-content\/uploads\/2025\/10\/Flag_of_Europe-2-768x512-13.png\",\"datePublished\":\"2022-04-25T08:26:44+00:00\",\"dateModified\":\"2025-10-26T12:34:22+00:00\",\"description\":\"ABC Translation: Kontakt | Prevod web stranica | Prevod zvani\u010dnih dokumenata | Specijalizovani prevod | Evropska unija\",\"breadcrumb\":{\"@id\":\"https:\/\/abc-office.eu\/bs\/kontakt\/#breadcrumb\"},\"inLanguage\":\"bs-BA\",\"potentialAction\":[{\"@type\":\"ReadAction\",\"target\":[\"https:\/\/abc-office.eu\/bs\/kontakt\/\"]}]},{\"@type\":\"ImageObject\",\"inLanguage\":\"bs-BA\",\"@id\":\"https:\/\/abc-office.eu\/bs\/kontakt\/#primaryimage\",\"url\":\"https:\/\/abc-office.eu\/wp-content\/uploads\/2025\/10\/Flag_of_Europe-2-768x512-13.png\",\"contentUrl\":\"https:\/\/abc-office.eu\/wp-content\/uploads\/2025\/10\/Flag_of_Europe-2-768x512-13.png\",\"width\":768,\"height\":512},{\"@type\":\"BreadcrumbList\",\"@id\":\"https:\/\/abc-office.eu\/bs\/kontakt\/#breadcrumb\",\"itemListElement\":[{\"@type\":\"ListItem\",\"position\":1,\"name\":\"Accueil\",\"item\":\"https:\/\/abc-office.eu\/bs\/\"},{\"@type\":\"ListItem\",\"position\":2,\"name\":\"Kontakt\"}]},{\"@type\":\"WebSite\",\"@id\":\"https:\/\/abc-office.eu\/bs\/#website\",\"url\":\"https:\/\/abc-office.eu\/bs\/\",\"name\":\"ABC Translation\",\"description\":\"info@abc-office.eu\",\"potentialAction\":[{\"@type\":\"SearchAction\",\"target\":{\"@type\":\"EntryPoint\",\"urlTemplate\":\"https:\/\/abc-office.eu\/bs\/?s={search_term_string}\"},\"query-input\":{\"@type\":\"PropertyValueSpecification\",\"valueRequired\":true,\"valueName\":\"search_term_string\"}}],\"inLanguage\":\"bs-BA\"}]}<\/script>\n<!-- \/ Yoast SEO plugin. -->","yoast_head_json":{"title":"Kontakt | Prevod | Prevodilac | Evropska unija | Ujedinjeno","description":"ABC Translation: Kontakt | Prevod web stranica | Prevod zvani\u010dnih dokumenata | Specijalizovani prevod | Evropska unija","robots":{"index":"index","follow":"follow","max-snippet":"max-snippet:-1","max-image-preview":"max-image-preview:large","max-video-preview":"max-video-preview:-1"},"canonical":"https:\/\/abc-office.eu\/bs\/kontakt\/","og_locale":"bs_BA","og_type":"article","og_title":"Kontakt | Prevod | Prevodilac | Evropska unija | Ujedinjeno","og_description":"ABC Translation: Kontakt | Prevod web stranica | Prevod zvani\u010dnih dokumenata | Specijalizovani prevod | Evropska unija","og_url":"https:\/\/abc-office.eu\/bs\/kontakt\/","og_site_name":"ABC Translation","article_modified_time":"2025-10-26T12:34:22+00:00","og_image":[{"width":768,"height":512,"url":"https:\/\/abc-office.eu\/wp-content\/uploads\/2025\/10\/Flag_of_Europe-2-768x512-13.png","type":"image\/png"}],"twitter_card":"summary_large_image","twitter_misc":{"Est. reading time":"2 minute"},"schema":{"@context":"https:\/\/schema.org","@graph":[{"@type":"WebPage","@id":"https:\/\/abc-office.eu\/bs\/kontakt\/","url":"https:\/\/abc-office.eu\/bs\/kontakt\/","name":"Kontakt | Prevod | Prevodilac | Evropska unija | Ujedinjeno","isPartOf":{"@id":"https:\/\/abc-office.eu\/bs\/#website"},"primaryImageOfPage":{"@id":"https:\/\/abc-office.eu\/bs\/kontakt\/#primaryimage"},"image":{"@id":"https:\/\/abc-office.eu\/bs\/kontakt\/#primaryimage"},"thumbnailUrl":"https:\/\/abc-office.eu\/wp-content\/uploads\/2025\/10\/Flag_of_Europe-2-768x512-13.png","datePublished":"2022-04-25T08:26:44+00:00","dateModified":"2025-10-26T12:34:22+00:00","description":"ABC Translation: Kontakt | Prevod web stranica | Prevod zvani\u010dnih dokumenata | Specijalizovani prevod | Evropska unija","breadcrumb":{"@id":"https:\/\/abc-office.eu\/bs\/kontakt\/#breadcrumb"},"inLanguage":"bs-BA","potentialAction":[{"@type":"ReadAction","target":["https:\/\/abc-office.eu\/bs\/kontakt\/"]}]},{"@type":"ImageObject","inLanguage":"bs-BA","@id":"https:\/\/abc-office.eu\/bs\/kontakt\/#primaryimage","url":"https:\/\/abc-office.eu\/wp-content\/uploads\/2025\/10\/Flag_of_Europe-2-768x512-13.png","contentUrl":"https:\/\/abc-office.eu\/wp-content\/uploads\/2025\/10\/Flag_of_Europe-2-768x512-13.png","width":768,"height":512},{"@type":"BreadcrumbList","@id":"https:\/\/abc-office.eu\/bs\/kontakt\/#breadcrumb","itemListElement":[{"@type":"ListItem","position":1,"name":"Accueil","item":"https:\/\/abc-office.eu\/bs\/"},{"@type":"ListItem","position":2,"name":"Kontakt"}]},{"@type":"WebSite","@id":"https:\/\/abc-office.eu\/bs\/#website","url":"https:\/\/abc-office.eu\/bs\/","name":"ABC Translation","description":"info@abc-office.eu","potentialAction":[{"@type":"SearchAction","target":{"@type":"EntryPoint","urlTemplate":"https:\/\/abc-office.eu\/bs\/?s={search_term_string}"},"query-input":{"@type":"PropertyValueSpecification","valueRequired":true,"valueName":"search_term_string"}}],"inLanguage":"bs-BA"}]}},"_links":{"self":[{"href":"https:\/\/abc-office.eu\/bs\/wp-json\/wp\/v2\/pages\/231279","targetHints":{"allow":["GET"]}}],"collection":[{"href":"https:\/\/abc-office.eu\/bs\/wp-json\/wp\/v2\/pages"}],"about":[{"href":"https:\/\/abc-office.eu\/bs\/wp-json\/wp\/v2\/types\/page"}],"author":[{"embeddable":true,"href":"https:\/\/abc-office.eu\/bs\/wp-json\/wp\/v2\/users\/1"}],"replies":[{"embeddable":true,"href":"https:\/\/abc-office.eu\/bs\/wp-json\/wp\/v2\/comments?post=231279"}],"version-history":[{"count":1,"href":"https:\/\/abc-office.eu\/bs\/wp-json\/wp\/v2\/pages\/231279\/revisions"}],"predecessor-version":[{"id":231312,"href":"https:\/\/abc-office.eu\/bs\/wp-json\/wp\/v2\/pages\/231279\/revisions\/231312"}],"wp:featuredmedia":[{"embeddable":true,"href":"https:\/\/abc-office.eu\/bs\/wp-json\/wp\/v2\/media\/231280"}],"wp:attachment":[{"href":"https:\/\/abc-office.eu\/bs\/wp-json\/wp\/v2\/media?parent=231279"}],"curies":[{"name":"wp","href":"https:\/\/api.w.org\/{rel}","templated":true}]}}