{"id":231252,"date":"2022-04-25T09:58:57","date_gmt":"2022-04-25T07:58:57","guid":{"rendered":"https:\/\/abc-office.eu\/?page_id=231252"},"modified":"2025-10-26T13:28:09","modified_gmt":"2025-10-26T12:28:09","slug":"pravo","status":"publish","type":"page","link":"https:\/\/abc-office.eu\/bs\/pravo\/","title":{"rendered":"Pravo"},"content":{"rendered":"<h2 data-start=\"0\" data-end=\"11\"><strong data-start=\"0\" data-end=\"9\">Pravo<\/strong><\/h2>\n<p style=\"text-align: justify;\" data-start=\"13\" data-end=\"299\">Na\u0161a kompanija, <strong data-start=\"29\" data-end=\"48\">ABC Translation<\/strong>, specijalizovana je za nekoliko oblasti koje se vrlo \u010desto odnose na pravo Evropske unije i me\u0111unarodno pravo. Svakodnevno sara\u0111ujemo sa notarima, advokatima i pravnim savjetnicima. Mo\u017eemo odgovoriti na sve va\u0161e pravne potrebe \u0161irom Evropske unije.<\/p>\n<h3 data-start=\"301\" data-end=\"331\"><strong data-start=\"301\" data-end=\"329\">Javni bilje\u017enik (notar):<\/strong><\/h3>\n<p style=\"text-align: justify;\" data-start=\"333\" data-end=\"696\">Saradjujemo sa javnim bilje\u017enikom kako bismo vas savjetovali i ponudili kvalitetne usluge u vezi sa izradom i legalizacijom svih va\u0161ih dokumenata. Specijalizovani smo u veoma specifi\u010dnim oblastima kao \u0161to su porodi\u010dno i imovinsko pravo, upravljanje imovinom, privredno pravo, predmeti koji se odnose na me\u0111unarodne ili prekograni\u010dne klijente, punomo\u0107i i ovjere.<\/p>\n<h3 data-start=\"698\" data-end=\"727\"><strong data-start=\"698\" data-end=\"725\">Advokatska kancelarija:<\/strong><\/h3>\n<p style=\"text-align: justify;\" data-start=\"729\" data-end=\"1639\">Na\u0161a kancelarija okuplja advokate koji imaju iskustvo u bankama, multinacionalnim kompanijama, me\u0111unarodnim fondovima i pravnim firmama u Evropskoj uniji i inostranstvu. Oni su specijalizovani u sljede\u0107im oblastima: radno pravo, otkazi, zakup, tro\u0161kovi, revizije, odsustva, iseljenja, unutra\u0161nji i me\u0111unarodni ugovori, transakcije, distribucija, prodaja, fran\u0161iza, konkurencija, kompanije, prenos imovine, porodi\u010dno pravo, razvodi, naslje\u0111ivanje, testament, suvlasni\u0161tvo, dioba, ravnote\u017ea, nekretnine, zajedni\u010dka svojina, gra\u0111evinarstvo, vje\u0161ta\u010denja, spajanja i akvizicije (M&amp;A), garancija odgovornosti, krivi\u010dno pravo, privredno pravo, falsifikovanje, prevara, bankarski sektor, krediti, prigovori, osiguranje, naplata, izvr\u0161enje, od\u0161teta, depozit, zapljene, garancije na prvi zahtjev, IT pravo, internet, web stranice, licence, odgovornost, etika, profesije, firme u pote\u0161ko\u0107ama, likvidacija i javno pravo.<\/p>\n<h3 data-start=\"1641\" data-end=\"1676\"><strong data-start=\"1641\" data-end=\"1674\">Pravni savjetnik (solicitor):<\/strong><\/h3>\n<p style=\"text-align: justify;\" data-start=\"1678\" data-end=\"2172\">Pravni savjetnici iz na\u0161eg tima se svakodnevno konsultuju u vezi sa svim pitanjima iz oblasti prava (trgovinsko, poresko, ekolo\u0161ko i drugo). U preventivnoj fazi savjetuju, na primjer, prilikom sastavljanja i pregovaranja ugovora. U slu\u010daju spora, djeluju na \u201ekurativan\u201c na\u010din, iako ne zastupaju klijente pred sudom jer nisu \u010dlanovi advokatske komore. Na kraju, oni garantuju zakonitost razli\u010ditih postupaka dono\u0161enja odluka unutar kompanije, na primjer kroz pripremu sjednica upravnog odbora.<\/p>\n<h3 data-start=\"2174\" data-end=\"2195\"><strong data-start=\"2174\" data-end=\"2193\">Pravni savjeti:<\/strong><\/h3>\n<p style=\"text-align: justify;\" data-start=\"2197\" data-end=\"2428\" data-is-last-node=\"\" data-is-only-node=\"\">Pravni savjeti na\u0161e kancelarije omogu\u0107avaju svakoj osobi, bez obzira na prihode, da dobije savjet i informacije. Savjete pru\u017eaju advokati i pravni savjetnici iz na\u0161eg pravnog odjela, a oni su anonimni, povjerljivi i dostupni <a href=\"https:\/\/abc-office.eu\/bs\/\">svima<\/a>.<\/p>\n<p data-start=\"2197\" data-end=\"2428\" data-is-last-node=\"\" data-is-only-node=\"\"><img loading=\"lazy\" decoding=\"async\" class=\"aligncenter wp-image-141\" src=\"https:\/\/abc-office.ch\/wp-content\/uploads\/2018\/06\/Droit11-300x225.jpg\" alt=\"Pravo\" width=\"383\" height=\"287\" \/><\/p>\n","protected":false},"excerpt":{"rendered":"<p>Pravo Na\u0161a kompanija, ABC Translation, specijalizovana je za nekoliko oblasti koje se vrlo \u010desto odnose na pravo Evropske unije i me\u0111unarodno pravo. Svakodnevno sara\u0111ujemo sa notarima, advokatima i pravnim savjetnicima. Mo\u017eemo odgovoriti na sve va\u0161e pravne potrebe \u0161irom Evropske unije. Javni bilje\u017enik (notar): Saradjujemo sa javnim bilje\u017enikom kako bismo vas savjetovali i ponudili kvalitetne usluge&#8230;<\/p>\n","protected":false},"author":1,"featured_media":231253,"parent":0,"menu_order":0,"comment_status":"closed","ping_status":"closed","template":"","meta":{"sfsi_plus_gutenberg_text_before_share":"","sfsi_plus_gutenberg_show_text_before_share":"","sfsi_plus_gutenberg_icon_type":"","sfsi_plus_gutenberg_icon_alignemt":"","sfsi_plus_gutenburg_max_per_row":"","footnotes":""},"class_list":["post-231252","page","type-page","status-publish","has-post-thumbnail","hentry"],"yoast_head":"<!-- This site is optimized with the Yoast SEO plugin v23.8 - https:\/\/yoast.com\/wordpress\/plugins\/seo\/ -->\n<title>Pravo l ABC Translation l Javni bilje\u017enik l Advokatska kancelarija<\/title>\n<meta name=\"description\" content=\"ABC Translation l Pravo l Javni bilje\u017enik l Advokatska kancelarija l Pravni savjetnik l Pravni savjeti l Evropsko i me\u0111unarodno pravo\" \/>\n<meta name=\"robots\" content=\"index, follow, max-snippet:-1, max-image-preview:large, max-video-preview:-1\" \/>\n<link rel=\"canonical\" href=\"https:\/\/abc-office.eu\/bs\/pravo\/\" \/>\n<meta property=\"og:locale\" content=\"bs_BA\" \/>\n<meta property=\"og:type\" content=\"article\" \/>\n<meta property=\"og:title\" content=\"Pravo l ABC Translation l Javni bilje\u017enik l Advokatska kancelarija\" \/>\n<meta property=\"og:description\" content=\"ABC Translation l Pravo l Javni bilje\u017enik l Advokatska kancelarija l Pravni savjetnik l Pravni savjeti l Evropsko i me\u0111unarodno pravo\" \/>\n<meta property=\"og:url\" content=\"https:\/\/abc-office.eu\/bs\/pravo\/\" \/>\n<meta property=\"og:site_name\" content=\"ABC Translation\" \/>\n<meta property=\"article:modified_time\" content=\"2025-10-26T12:28:09+00:00\" \/>\n<meta property=\"og:image\" content=\"https:\/\/abc-office.eu\/wp-content\/uploads\/2025\/10\/Droit1-768x432-13.jpg\" \/>\n\t<meta property=\"og:image:width\" content=\"768\" \/>\n\t<meta property=\"og:image:height\" content=\"432\" \/>\n\t<meta property=\"og:image:type\" content=\"image\/jpeg\" \/>\n<meta name=\"twitter:card\" content=\"summary_large_image\" \/>\n<meta name=\"twitter:label1\" content=\"Est. reading time\" \/>\n\t<meta name=\"twitter:data1\" content=\"2 minute\" \/>\n<script type=\"application\/ld+json\" class=\"yoast-schema-graph\">{\"@context\":\"https:\/\/schema.org\",\"@graph\":[{\"@type\":\"WebPage\",\"@id\":\"https:\/\/abc-office.eu\/bs\/pravo\/\",\"url\":\"https:\/\/abc-office.eu\/bs\/pravo\/\",\"name\":\"Pravo l ABC Translation l Javni bilje\u017enik l Advokatska kancelarija\",\"isPartOf\":{\"@id\":\"https:\/\/abc-office.eu\/bs\/#website\"},\"primaryImageOfPage\":{\"@id\":\"https:\/\/abc-office.eu\/bs\/pravo\/#primaryimage\"},\"image\":{\"@id\":\"https:\/\/abc-office.eu\/bs\/pravo\/#primaryimage\"},\"thumbnailUrl\":\"https:\/\/abc-office.eu\/wp-content\/uploads\/2025\/10\/Droit1-768x432-13.jpg\",\"datePublished\":\"2022-04-25T07:58:57+00:00\",\"dateModified\":\"2025-10-26T12:28:09+00:00\",\"description\":\"ABC Translation l Pravo l Javni bilje\u017enik l Advokatska kancelarija l Pravni savjetnik l Pravni savjeti l Evropsko i me\u0111unarodno pravo\",\"breadcrumb\":{\"@id\":\"https:\/\/abc-office.eu\/bs\/pravo\/#breadcrumb\"},\"inLanguage\":\"bs-BA\",\"potentialAction\":[{\"@type\":\"ReadAction\",\"target\":[\"https:\/\/abc-office.eu\/bs\/pravo\/\"]}]},{\"@type\":\"ImageObject\",\"inLanguage\":\"bs-BA\",\"@id\":\"https:\/\/abc-office.eu\/bs\/pravo\/#primaryimage\",\"url\":\"https:\/\/abc-office.eu\/wp-content\/uploads\/2025\/10\/Droit1-768x432-13.jpg\",\"contentUrl\":\"https:\/\/abc-office.eu\/wp-content\/uploads\/2025\/10\/Droit1-768x432-13.jpg\",\"width\":768,\"height\":432},{\"@type\":\"BreadcrumbList\",\"@id\":\"https:\/\/abc-office.eu\/bs\/pravo\/#breadcrumb\",\"itemListElement\":[{\"@type\":\"ListItem\",\"position\":1,\"name\":\"Accueil\",\"item\":\"https:\/\/abc-office.eu\/bs\/\"},{\"@type\":\"ListItem\",\"position\":2,\"name\":\"Pravo\"}]},{\"@type\":\"WebSite\",\"@id\":\"https:\/\/abc-office.eu\/bs\/#website\",\"url\":\"https:\/\/abc-office.eu\/bs\/\",\"name\":\"ABC Translation\",\"description\":\"info@abc-office.eu\",\"potentialAction\":[{\"@type\":\"SearchAction\",\"target\":{\"@type\":\"EntryPoint\",\"urlTemplate\":\"https:\/\/abc-office.eu\/bs\/?s={search_term_string}\"},\"query-input\":{\"@type\":\"PropertyValueSpecification\",\"valueRequired\":true,\"valueName\":\"search_term_string\"}}],\"inLanguage\":\"bs-BA\"}]}<\/script>\n<!-- \/ Yoast SEO plugin. -->","yoast_head_json":{"title":"Pravo l ABC Translation l Javni bilje\u017enik l Advokatska kancelarija","description":"ABC Translation l Pravo l Javni bilje\u017enik l Advokatska kancelarija l Pravni savjetnik l Pravni savjeti l Evropsko i me\u0111unarodno pravo","robots":{"index":"index","follow":"follow","max-snippet":"max-snippet:-1","max-image-preview":"max-image-preview:large","max-video-preview":"max-video-preview:-1"},"canonical":"https:\/\/abc-office.eu\/bs\/pravo\/","og_locale":"bs_BA","og_type":"article","og_title":"Pravo l ABC Translation l Javni bilje\u017enik l Advokatska kancelarija","og_description":"ABC Translation l Pravo l Javni bilje\u017enik l Advokatska kancelarija l Pravni savjetnik l Pravni savjeti l Evropsko i me\u0111unarodno pravo","og_url":"https:\/\/abc-office.eu\/bs\/pravo\/","og_site_name":"ABC Translation","article_modified_time":"2025-10-26T12:28:09+00:00","og_image":[{"width":768,"height":432,"url":"https:\/\/abc-office.eu\/wp-content\/uploads\/2025\/10\/Droit1-768x432-13.jpg","type":"image\/jpeg"}],"twitter_card":"summary_large_image","twitter_misc":{"Est. reading time":"2 minute"},"schema":{"@context":"https:\/\/schema.org","@graph":[{"@type":"WebPage","@id":"https:\/\/abc-office.eu\/bs\/pravo\/","url":"https:\/\/abc-office.eu\/bs\/pravo\/","name":"Pravo l ABC Translation l Javni bilje\u017enik l Advokatska kancelarija","isPartOf":{"@id":"https:\/\/abc-office.eu\/bs\/#website"},"primaryImageOfPage":{"@id":"https:\/\/abc-office.eu\/bs\/pravo\/#primaryimage"},"image":{"@id":"https:\/\/abc-office.eu\/bs\/pravo\/#primaryimage"},"thumbnailUrl":"https:\/\/abc-office.eu\/wp-content\/uploads\/2025\/10\/Droit1-768x432-13.jpg","datePublished":"2022-04-25T07:58:57+00:00","dateModified":"2025-10-26T12:28:09+00:00","description":"ABC Translation l Pravo l Javni bilje\u017enik l Advokatska kancelarija l Pravni savjetnik l Pravni savjeti l Evropsko i me\u0111unarodno pravo","breadcrumb":{"@id":"https:\/\/abc-office.eu\/bs\/pravo\/#breadcrumb"},"inLanguage":"bs-BA","potentialAction":[{"@type":"ReadAction","target":["https:\/\/abc-office.eu\/bs\/pravo\/"]}]},{"@type":"ImageObject","inLanguage":"bs-BA","@id":"https:\/\/abc-office.eu\/bs\/pravo\/#primaryimage","url":"https:\/\/abc-office.eu\/wp-content\/uploads\/2025\/10\/Droit1-768x432-13.jpg","contentUrl":"https:\/\/abc-office.eu\/wp-content\/uploads\/2025\/10\/Droit1-768x432-13.jpg","width":768,"height":432},{"@type":"BreadcrumbList","@id":"https:\/\/abc-office.eu\/bs\/pravo\/#breadcrumb","itemListElement":[{"@type":"ListItem","position":1,"name":"Accueil","item":"https:\/\/abc-office.eu\/bs\/"},{"@type":"ListItem","position":2,"name":"Pravo"}]},{"@type":"WebSite","@id":"https:\/\/abc-office.eu\/bs\/#website","url":"https:\/\/abc-office.eu\/bs\/","name":"ABC Translation","description":"info@abc-office.eu","potentialAction":[{"@type":"SearchAction","target":{"@type":"EntryPoint","urlTemplate":"https:\/\/abc-office.eu\/bs\/?s={search_term_string}"},"query-input":{"@type":"PropertyValueSpecification","valueRequired":true,"valueName":"search_term_string"}}],"inLanguage":"bs-BA"}]}},"_links":{"self":[{"href":"https:\/\/abc-office.eu\/bs\/wp-json\/wp\/v2\/pages\/231252","targetHints":{"allow":["GET"]}}],"collection":[{"href":"https:\/\/abc-office.eu\/bs\/wp-json\/wp\/v2\/pages"}],"about":[{"href":"https:\/\/abc-office.eu\/bs\/wp-json\/wp\/v2\/types\/page"}],"author":[{"embeddable":true,"href":"https:\/\/abc-office.eu\/bs\/wp-json\/wp\/v2\/users\/1"}],"replies":[{"embeddable":true,"href":"https:\/\/abc-office.eu\/bs\/wp-json\/wp\/v2\/comments?post=231252"}],"version-history":[{"count":1,"href":"https:\/\/abc-office.eu\/bs\/wp-json\/wp\/v2\/pages\/231252\/revisions"}],"predecessor-version":[{"id":231278,"href":"https:\/\/abc-office.eu\/bs\/wp-json\/wp\/v2\/pages\/231252\/revisions\/231278"}],"wp:featuredmedia":[{"embeddable":true,"href":"https:\/\/abc-office.eu\/bs\/wp-json\/wp\/v2\/media\/231253"}],"wp:attachment":[{"href":"https:\/\/abc-office.eu\/bs\/wp-json\/wp\/v2\/media?parent=231252"}],"curies":[{"name":"wp","href":"https:\/\/api.w.org\/{rel}","templated":true}]}}