{"id":231225,"date":"2017-02-16T09:16:01","date_gmt":"2017-02-16T08:16:01","guid":{"rendered":"https:\/\/abc-office.eu\/?page_id=231225"},"modified":"2025-10-26T13:23:16","modified_gmt":"2025-10-26T12:23:16","slug":"nekretnine","status":"publish","type":"page","link":"https:\/\/abc-office.eu\/bs\/nekretnine\/","title":{"rendered":"Nekretnine"},"content":{"rendered":"<h2 data-start=\"0\" data-end=\"16\"><strong data-start=\"0\" data-end=\"14\">Nekretnine<\/strong><\/h2>\n<p style=\"text-align: justify;\" data-start=\"18\" data-end=\"421\">Na\u0161a agencija za nekretnine, <strong data-start=\"47\" data-end=\"66\">ABC Translation<\/strong>, zapo\u010dela je 2017. godine kupovinom stana od 5,5 soba u \u0160vicarskoj s ciljem da ga pretvori u me\u0111unarodnu studentsku rezidenciju. Zaista, zahvaljuju\u0107i blizini Univerziteta u Lozani i EPFL-a, rezidencija je postigla uspjeh odmah po otvaranju u septembru 2017. godine. \u010cetiri sobe su iznajmljene u roku od nekoliko dana i na\u0161 odjel za nekretnine je ro\u0111en.<\/p>\n<p style=\"text-align: justify;\" data-start=\"423\" data-end=\"617\">Od tog prvog iskustva, nastavili smo da rastemo i sada smo u mogu\u0107nosti da upravljamo kupovinom, prodajom, iznajmljivanjem i administracijom va\u0161e nekretnine u \u0160vicarskoj, ali i u inostranstvu.<\/p>\n<h3 data-start=\"619\" data-end=\"634\"><strong data-start=\"619\" data-end=\"632\">Kupovina:<\/strong><\/h3>\n<p style=\"text-align: justify;\" data-start=\"636\" data-end=\"1024\">Kupovina nekretnine je izuzetno va\u017ena odluka koja \u0107e uticati na va\u0161u budu\u0107nost tokom vi\u0161e godina. Takva odluka ne bi trebalo da se donosi olako. Zato je va\u017eno izabrati pravog partnera koji vas mo\u017ee savjetovati o nekoliko klju\u010dnih aspekata, kao \u0161to su stanje nekretnine, izra\u010dun hipoteke i dugoro\u010dna isplativost investicije. Dobra analiza situacije garantuje sigurno i stabilno ulaganje.<\/p>\n<h3 data-start=\"1026\" data-end=\"1040\"><strong data-start=\"1026\" data-end=\"1038\">Prodaja:<\/strong><\/h3>\n<p style=\"text-align: justify;\" data-start=\"1042\" data-end=\"1480\">Tr\u017ei\u0161te nekretnina u \u0160vicarskoj nastavlja da se razvija, a cijene stalno rastu. Do\u0161li smo do klju\u010dnog trenutka kada ponuda prema\u0161uje potra\u017enju i sada je postalo te\u0161ko prodati nekretninu s obzirom na koli\u010dinu dostupnih stanova na tr\u017ei\u0161tu. Anga\u017eovanjem stru\u010dnjaka, pove\u0107avate svoje \u0161anse da prodate nekretninu u kra\u0107em roku i po \u017eeljenoj cijeni. Iskoristite na\u0161u mre\u017eu \u0161irom \u0160vicarske i inostranstva kako biste pove\u0107ali mogu\u0107nost uspjeha.<\/p>\n<h3 data-start=\"1482\" data-end=\"1503\"><strong data-start=\"1482\" data-end=\"1501\">Iznajmljivanje:<\/strong><\/h3>\n<p style=\"text-align: justify;\" data-start=\"1505\" data-end=\"1956\">Iznajmljivanje va\u0161e nekretnine mo\u017ee se \u010diniti jednostavnim, ali postoji vi\u0161e zamki koje treba izbje\u0107i kada \u017eelite iznajmiti stan, ku\u0107u ili \u010dak sobu nekome. Potrebno je pripremiti kompletnu dokumentaciju prije nego \u0161to razmotrite potencijalnog stanara, uklju\u010duju\u0107i, na primjer, izvod iz sudskog registra i posljednje tri platne liste. Zatim, depozit mora biti upla\u0107en putem bankovnog transfera ili kroz garanciju za najam kod osiguravaju\u0107e kompanije.<\/p>\n<h3 data-start=\"1958\" data-end=\"1984\"><strong data-start=\"1958\" data-end=\"1982\">Studentski smje\u0161taj:<\/strong><\/h3>\n<p style=\"text-align: justify;\" data-start=\"1986\" data-end=\"2296\">Imamo vi\u0161e studentskih smje\u0161taja dostupnih za kra\u0107e ili du\u017ee periode. Ve\u0107ina na\u0161ih smje\u0161taja nalazi se u blizini Univerziteta u Lozani, EPFL-a, ECAL-a i EHL-a. Najtra\u017eeniji su zajedni\u010dke sobe i studiji. Potrebno je planirati unaprijed kako biste bili sigurni da \u0107ete imati smje\u0161taj na po\u010detku \u0161kolske godine.<\/p>\n<h3 data-start=\"2298\" data-end=\"2334\"><strong data-start=\"2298\" data-end=\"2332\">Lovac na stanove (nekretnine):<\/strong><\/h3>\n<p style=\"text-align: justify;\" data-start=\"2336\" data-end=\"2673\">Imate li pote\u0161ko\u0107a u pronala\u017eenju smje\u0161taja prema va\u0161im kriterijima ili problema s nala\u017eenjem stana za najam? Na\u0161i lovci na stanove su vam na raspolaganju da vam pomognu prona\u0107i nekretninu \u0161to je br\u017ee mogu\u0107e. Zahvaljuju\u0107i na\u0161oj mre\u017ei i profesionalnosti, prona\u0107i \u0107emo vam smje\u0161taj u najkra\u0107em mogu\u0107em roku i u skladu s va\u0161im zahtjevima.<\/p>\n<h3 data-start=\"2675\" data-end=\"2694\"><strong data-start=\"2675\" data-end=\"2692\">Home Staging:<\/strong><\/h3>\n<p style=\"text-align: justify;\" data-start=\"2696\" data-end=\"3051\">Imate li pote\u0161ko\u0107a s prodajom va\u0161e nekretnine? U tom slu\u010daju, mo\u017eete anga\u017eovati na\u0161 <strong data-start=\"2780\" data-end=\"2796\">Home Staging<\/strong> tim koji je specijalizovan za ure\u0111enje i pobolj\u0161anje izgleda stanova i ku\u0107a kako bi se olak\u0161ala njihova prodaja. Ovaj sistem se pokazao izuzetno efikasnim za nekretnine koje zahtijevaju brzu renovaciju ili manje prepravke kako bi se istakle na tr\u017ei\u0161tu.<\/p>\n<h3 data-start=\"3053\" data-end=\"3093\"><strong data-start=\"3053\" data-end=\"3091\">Procjena vrijednosti (nekretnine):<\/strong><\/h3>\n<p style=\"text-align: justify;\" data-start=\"3095\" data-end=\"3376\" data-is-last-node=\"\" data-is-only-node=\"\">Dobra procjena vrijednosti nekretnine u odnosu na tr\u017ei\u0161nu cijenu je klju\u010dna za uspje\u0161nu i ispravnu prodaju. Zahvaljuju\u0107i kriterijima kao \u0161to su godina izgradnje i lokacija, mo\u0107i \u0107emo procijeniti va\u0161u nekretninu \u0161to bli\u017ee njenoj stvarnoj vrijednosti na trenutnom tr\u017ei\u0161tu <a href=\"https:\/\/abc-office.eu\/bs\/\">nekretnina<\/a>.<\/p>\n<p data-start=\"3095\" data-end=\"3376\" data-is-last-node=\"\" data-is-only-node=\"\"><a href=\"https:\/\/www.instagram.com\/dr_immo\/?hl=fr\"><img loading=\"lazy\" decoding=\"async\" class=\"aligncenter wp-image-109\" src=\"https:\/\/abc-office.ch\/wp-content\/uploads\/2018\/06\/Dr_Immo.jpg\" alt=\"Nekretnine\" width=\"222\" height=\"222\" \/><\/a><\/p>\n","protected":false},"excerpt":{"rendered":"<p>Nekretnine Na\u0161a agencija za nekretnine, ABC Translation, zapo\u010dela je 2017. godine kupovinom stana od 5,5 soba u \u0160vicarskoj s ciljem da ga pretvori u me\u0111unarodnu studentsku rezidenciju. Zaista, zahvaljuju\u0107i blizini Univerziteta u Lozani i EPFL-a, rezidencija je postigla uspjeh odmah po otvaranju u septembru 2017. godine. \u010cetiri sobe su iznajmljene u roku od nekoliko dana&#8230;<\/p>\n","protected":false},"author":1,"featured_media":231226,"parent":0,"menu_order":0,"comment_status":"closed","ping_status":"closed","template":"","meta":{"sfsi_plus_gutenberg_text_before_share":"","sfsi_plus_gutenberg_show_text_before_share":"","sfsi_plus_gutenberg_icon_type":"","sfsi_plus_gutenberg_icon_alignemt":"","sfsi_plus_gutenburg_max_per_row":"","footnotes":""},"class_list":["post-231225","page","type-page","status-publish","has-post-thumbnail","hentry"],"yoast_head":"<!-- This site is optimized with the Yoast SEO plugin v23.8 - https:\/\/yoast.com\/wordpress\/plugins\/seo\/ -->\n<title>Nekretnine l ABC Translation l Kupovina l Prodaja l Iznajmljivanje<\/title>\n<meta name=\"description\" content=\"ABC Translation l Nekretnine l Kupovina l Prodaja l Iznajmljivanje l Davanje u najam l Studentski smje\u0161taj l Home Staging l Agencija za\" \/>\n<meta name=\"robots\" content=\"index, follow, max-snippet:-1, max-image-preview:large, max-video-preview:-1\" \/>\n<link rel=\"canonical\" href=\"https:\/\/abc-office.eu\/bs\/nekretnine\/\" \/>\n<meta property=\"og:locale\" content=\"bs_BA\" \/>\n<meta property=\"og:type\" content=\"article\" \/>\n<meta property=\"og:title\" content=\"Nekretnine l ABC Translation l Kupovina l Prodaja l Iznajmljivanje\" \/>\n<meta property=\"og:description\" content=\"ABC Translation l Nekretnine l Kupovina l Prodaja l Iznajmljivanje l Davanje u najam l Studentski smje\u0161taj l Home Staging l Agencija za\" \/>\n<meta property=\"og:url\" content=\"https:\/\/abc-office.eu\/bs\/nekretnine\/\" \/>\n<meta property=\"og:site_name\" content=\"ABC Translation\" \/>\n<meta property=\"article:modified_time\" content=\"2025-10-26T12:23:16+00:00\" \/>\n<meta property=\"og:image\" content=\"https:\/\/abc-office.eu\/wp-content\/uploads\/2025\/10\/Immo-768x513-13.jpg\" \/>\n\t<meta property=\"og:image:width\" content=\"768\" \/>\n\t<meta property=\"og:image:height\" content=\"513\" \/>\n\t<meta property=\"og:image:type\" content=\"image\/jpeg\" \/>\n<meta name=\"twitter:card\" content=\"summary_large_image\" \/>\n<meta name=\"twitter:label1\" content=\"Est. reading time\" \/>\n\t<meta name=\"twitter:data1\" content=\"3 minute\" \/>\n<script type=\"application\/ld+json\" class=\"yoast-schema-graph\">{\"@context\":\"https:\/\/schema.org\",\"@graph\":[{\"@type\":\"WebPage\",\"@id\":\"https:\/\/abc-office.eu\/bs\/nekretnine\/\",\"url\":\"https:\/\/abc-office.eu\/bs\/nekretnine\/\",\"name\":\"Nekretnine l ABC Translation l Kupovina l Prodaja l Iznajmljivanje\",\"isPartOf\":{\"@id\":\"https:\/\/abc-office.eu\/bs\/#website\"},\"primaryImageOfPage\":{\"@id\":\"https:\/\/abc-office.eu\/bs\/nekretnine\/#primaryimage\"},\"image\":{\"@id\":\"https:\/\/abc-office.eu\/bs\/nekretnine\/#primaryimage\"},\"thumbnailUrl\":\"https:\/\/abc-office.eu\/wp-content\/uploads\/2025\/10\/Immo-768x513-13.jpg\",\"datePublished\":\"2017-02-16T08:16:01+00:00\",\"dateModified\":\"2025-10-26T12:23:16+00:00\",\"description\":\"ABC Translation l Nekretnine l Kupovina l Prodaja l Iznajmljivanje l Davanje u najam l Studentski smje\u0161taj l Home Staging l Agencija za\",\"breadcrumb\":{\"@id\":\"https:\/\/abc-office.eu\/bs\/nekretnine\/#breadcrumb\"},\"inLanguage\":\"bs-BA\",\"potentialAction\":[{\"@type\":\"ReadAction\",\"target\":[\"https:\/\/abc-office.eu\/bs\/nekretnine\/\"]}]},{\"@type\":\"ImageObject\",\"inLanguage\":\"bs-BA\",\"@id\":\"https:\/\/abc-office.eu\/bs\/nekretnine\/#primaryimage\",\"url\":\"https:\/\/abc-office.eu\/wp-content\/uploads\/2025\/10\/Immo-768x513-13.jpg\",\"contentUrl\":\"https:\/\/abc-office.eu\/wp-content\/uploads\/2025\/10\/Immo-768x513-13.jpg\",\"width\":768,\"height\":513},{\"@type\":\"BreadcrumbList\",\"@id\":\"https:\/\/abc-office.eu\/bs\/nekretnine\/#breadcrumb\",\"itemListElement\":[{\"@type\":\"ListItem\",\"position\":1,\"name\":\"Accueil\",\"item\":\"https:\/\/abc-office.eu\/bs\/\"},{\"@type\":\"ListItem\",\"position\":2,\"name\":\"Nekretnine\"}]},{\"@type\":\"WebSite\",\"@id\":\"https:\/\/abc-office.eu\/bs\/#website\",\"url\":\"https:\/\/abc-office.eu\/bs\/\",\"name\":\"ABC Translation\",\"description\":\"info@abc-office.eu\",\"potentialAction\":[{\"@type\":\"SearchAction\",\"target\":{\"@type\":\"EntryPoint\",\"urlTemplate\":\"https:\/\/abc-office.eu\/bs\/?s={search_term_string}\"},\"query-input\":{\"@type\":\"PropertyValueSpecification\",\"valueRequired\":true,\"valueName\":\"search_term_string\"}}],\"inLanguage\":\"bs-BA\"}]}<\/script>\n<!-- \/ Yoast SEO plugin. -->","yoast_head_json":{"title":"Nekretnine l ABC Translation l Kupovina l Prodaja l Iznajmljivanje","description":"ABC Translation l Nekretnine l Kupovina l Prodaja l Iznajmljivanje l Davanje u najam l Studentski smje\u0161taj l Home Staging l Agencija za","robots":{"index":"index","follow":"follow","max-snippet":"max-snippet:-1","max-image-preview":"max-image-preview:large","max-video-preview":"max-video-preview:-1"},"canonical":"https:\/\/abc-office.eu\/bs\/nekretnine\/","og_locale":"bs_BA","og_type":"article","og_title":"Nekretnine l ABC Translation l Kupovina l Prodaja l Iznajmljivanje","og_description":"ABC Translation l Nekretnine l Kupovina l Prodaja l Iznajmljivanje l Davanje u najam l Studentski smje\u0161taj l Home Staging l Agencija za","og_url":"https:\/\/abc-office.eu\/bs\/nekretnine\/","og_site_name":"ABC Translation","article_modified_time":"2025-10-26T12:23:16+00:00","og_image":[{"width":768,"height":513,"url":"https:\/\/abc-office.eu\/wp-content\/uploads\/2025\/10\/Immo-768x513-13.jpg","type":"image\/jpeg"}],"twitter_card":"summary_large_image","twitter_misc":{"Est. reading time":"3 minute"},"schema":{"@context":"https:\/\/schema.org","@graph":[{"@type":"WebPage","@id":"https:\/\/abc-office.eu\/bs\/nekretnine\/","url":"https:\/\/abc-office.eu\/bs\/nekretnine\/","name":"Nekretnine l ABC Translation l Kupovina l Prodaja l Iznajmljivanje","isPartOf":{"@id":"https:\/\/abc-office.eu\/bs\/#website"},"primaryImageOfPage":{"@id":"https:\/\/abc-office.eu\/bs\/nekretnine\/#primaryimage"},"image":{"@id":"https:\/\/abc-office.eu\/bs\/nekretnine\/#primaryimage"},"thumbnailUrl":"https:\/\/abc-office.eu\/wp-content\/uploads\/2025\/10\/Immo-768x513-13.jpg","datePublished":"2017-02-16T08:16:01+00:00","dateModified":"2025-10-26T12:23:16+00:00","description":"ABC Translation l Nekretnine l Kupovina l Prodaja l Iznajmljivanje l Davanje u najam l Studentski smje\u0161taj l Home Staging l Agencija za","breadcrumb":{"@id":"https:\/\/abc-office.eu\/bs\/nekretnine\/#breadcrumb"},"inLanguage":"bs-BA","potentialAction":[{"@type":"ReadAction","target":["https:\/\/abc-office.eu\/bs\/nekretnine\/"]}]},{"@type":"ImageObject","inLanguage":"bs-BA","@id":"https:\/\/abc-office.eu\/bs\/nekretnine\/#primaryimage","url":"https:\/\/abc-office.eu\/wp-content\/uploads\/2025\/10\/Immo-768x513-13.jpg","contentUrl":"https:\/\/abc-office.eu\/wp-content\/uploads\/2025\/10\/Immo-768x513-13.jpg","width":768,"height":513},{"@type":"BreadcrumbList","@id":"https:\/\/abc-office.eu\/bs\/nekretnine\/#breadcrumb","itemListElement":[{"@type":"ListItem","position":1,"name":"Accueil","item":"https:\/\/abc-office.eu\/bs\/"},{"@type":"ListItem","position":2,"name":"Nekretnine"}]},{"@type":"WebSite","@id":"https:\/\/abc-office.eu\/bs\/#website","url":"https:\/\/abc-office.eu\/bs\/","name":"ABC Translation","description":"info@abc-office.eu","potentialAction":[{"@type":"SearchAction","target":{"@type":"EntryPoint","urlTemplate":"https:\/\/abc-office.eu\/bs\/?s={search_term_string}"},"query-input":{"@type":"PropertyValueSpecification","valueRequired":true,"valueName":"search_term_string"}}],"inLanguage":"bs-BA"}]}},"_links":{"self":[{"href":"https:\/\/abc-office.eu\/bs\/wp-json\/wp\/v2\/pages\/231225","targetHints":{"allow":["GET"]}}],"collection":[{"href":"https:\/\/abc-office.eu\/bs\/wp-json\/wp\/v2\/pages"}],"about":[{"href":"https:\/\/abc-office.eu\/bs\/wp-json\/wp\/v2\/types\/page"}],"author":[{"embeddable":true,"href":"https:\/\/abc-office.eu\/bs\/wp-json\/wp\/v2\/users\/1"}],"replies":[{"embeddable":true,"href":"https:\/\/abc-office.eu\/bs\/wp-json\/wp\/v2\/comments?post=231225"}],"version-history":[{"count":1,"href":"https:\/\/abc-office.eu\/bs\/wp-json\/wp\/v2\/pages\/231225\/revisions"}],"predecessor-version":[{"id":231251,"href":"https:\/\/abc-office.eu\/bs\/wp-json\/wp\/v2\/pages\/231225\/revisions\/231251"}],"wp:featuredmedia":[{"embeddable":true,"href":"https:\/\/abc-office.eu\/bs\/wp-json\/wp\/v2\/media\/231226"}],"wp:attachment":[{"href":"https:\/\/abc-office.eu\/bs\/wp-json\/wp\/v2\/media?parent=231225"}],"curies":[{"name":"wp","href":"https:\/\/api.w.org\/{rel}","templated":true}]}}