{"id":231166,"date":"2017-02-16T09:13:19","date_gmt":"2017-02-16T08:13:19","guid":{"rendered":"https:\/\/abc-office.eu\/?page_id=231166"},"modified":"2025-10-26T08:49:12","modified_gmt":"2025-10-26T07:49:12","slug":"po-etna","status":"publish","type":"page","link":"https:\/\/abc-office.eu\/bs\/","title":{"rendered":"Po\u010detna"},"content":{"rendered":"<h2 data-start=\"0\" data-end=\"17\">ABC Translation<\/h2>\n<p style=\"text-align: justify;\" data-start=\"19\" data-end=\"475\">ABC Translation je specijalizovan za nekoliko oblasti kao \u0161to su prevo\u0111enje, nekretnine, legalizacije, pravo i relokacija. Sa timom od preko 500 zaposlenih \u0161irom svijeta, ABC Translation je lider u ovim oblastima i mo\u017ee djelovati vrlo brzo zahvaljuju\u0107i velikom broju kvalifikovanih profesionalaca. Kompanija predstavlja 55 razli\u010ditih nacionalnosti i ima veze u vi\u0161e od 85 zemalja. Iskoristila je globalizaciju kako bi privukla sve zahtjevniju klijentelu.<\/p>\n<h3 data-start=\"477\" data-end=\"510\"><strong data-start=\"477\" data-end=\"508\">ABC Translation u brojkama:<\/strong><\/h3>\n<ul>\n<li data-start=\"512\" data-end=\"711\">500 zaposlenih \u0161irom svijeta<\/li>\n<li data-start=\"512\" data-end=\"711\">60 jezika koji se govore<\/li>\n<li data-start=\"512\" data-end=\"711\">4000 projekata godi\u0161nje<\/li>\n<li data-start=\"512\" data-end=\"711\">Preko 10 godina iskustva<\/li>\n<li data-start=\"512\" data-end=\"711\">Vi\u0161e od 1.000 redovnih poslovnih klijenata<\/li>\n<li data-start=\"512\" data-end=\"711\">Vi\u0161e od 2000 privatnih klijenata godi\u0161nje<\/li>\n<\/ul>\n<p style=\"text-align: justify;\" data-start=\"713\" data-end=\"1294\">Saradjujemo sa nekoliko notarskih kancelarija kako bismo mogli legalizovati razne dokumente \u0161to je br\u017ee mogu\u0107e. Za dokumente koji idu u inostranstvo, sara\u0111ujemo sa ambasadama, konzulatima i kancelarijama kancelarija. Ova saradnja izme\u0111u razli\u010ditih entiteta omogu\u0107ava nam da budemo veoma brzi kada je u pitanju prevo\u0111enje i legalizacija va\u0161ih dokumenata u rekordnom roku. Osim toga, na\u0161i kuriri na biciklima obezbje\u0111uju dostavu dokumenata razli\u010ditim kancelarijama uz po\u0161tovanje okoline. Zatim koristimo evropske po\u0161tanske slu\u017ebe i DHL za kona\u010dnu isporuku u Evropi i \u0161irom svijeta.<\/p>\n<p style=\"text-align: justify;\" data-start=\"1296\" data-end=\"1803\">Kvalitet i brzina na\u0161ih usluga napravili su razliku tokom godina. U ovoj oblasti, brzina reakcije je klju\u010d uspjeha. Na\u0161a infrastruktura je uspostavljena kako bi se moglo br\u017ee odgovoriti na zahtjeve klijenata. Za brzi kontakt, mo\u017eete nas kontaktirati putem telefona ili e-maila. Kontakt forma na desnoj strani ove stranice tako\u0111e se mo\u017ee koristiti, posebno za slanje dokumenata. Obi\u010dno \u0161aljemo ponudu izme\u0111u 10 i 20 minuta nakon prijema fajlova. Ona \u0107e sadr\u017eati ukupnu cijenu i rok za realizaciju projekta.<\/p>\n<p style=\"text-align: justify;\" data-start=\"1805\" data-end=\"1873\" data-is-last-node=\"\" data-is-only-node=\"\">Cijeli tim vam stoji na raspolaganju i radujemo se budu\u0107oj saradnji.<\/p>\n<p data-start=\"1805\" data-end=\"1873\" data-is-last-node=\"\" data-is-only-node=\"\"><img loading=\"lazy\" decoding=\"async\" class=\"wp-image-298 aligncenter\" src=\"https:\/\/abc-office.ch\/wp-content\/uploads\/2020\/03\/bim91-1024x682.jpg\" alt=\"ABC Translation\" width=\"596\" height=\"397\" \/><\/p>\n","protected":false},"excerpt":{"rendered":"<p>ABC Translation ABC Translation je specijalizovan za nekoliko oblasti kao \u0161to su prevo\u0111enje, nekretnine, legalizacije, pravo i relokacija. Sa timom od preko 500 zaposlenih \u0161irom svijeta, ABC Translation je lider u ovim oblastima i mo\u017ee djelovati vrlo brzo zahvaljuju\u0107i velikom broju kvalifikovanih profesionalaca. Kompanija predstavlja 55 razli\u010ditih nacionalnosti i ima veze u vi\u0161e od 85&#8230;<\/p>\n","protected":false},"author":1,"featured_media":231167,"parent":0,"menu_order":0,"comment_status":"closed","ping_status":"closed","template":"","meta":{"sfsi_plus_gutenberg_text_before_share":"","sfsi_plus_gutenberg_show_text_before_share":"","sfsi_plus_gutenberg_icon_type":"","sfsi_plus_gutenberg_icon_alignemt":"","sfsi_plus_gutenburg_max_per_row":"","footnotes":""},"class_list":["post-231166","page","type-page","status-publish","has-post-thumbnail","hentry"],"yoast_head":"<!-- This site is optimized with the Yoast SEO plugin v23.8 - https:\/\/yoast.com\/wordpress\/plugins\/seo\/ -->\n<title>ABC Translation l Prevod l Legalizacija l Nekretnine l Iseljenici<\/title>\n<meta name=\"description\" content=\"ABC Translation l Legalizacija l Nekretnine l Iseljenici l Tuma\u010denje l Javni bilje\u017enik l Advokatska kancelarija l Preseljenje osoba\" \/>\n<meta name=\"robots\" content=\"index, follow, max-snippet:-1, max-image-preview:large, max-video-preview:-1\" \/>\n<link rel=\"canonical\" href=\"https:\/\/abc-office.eu\/bs\/\" \/>\n<meta property=\"og:locale\" content=\"bs_BA\" \/>\n<meta property=\"og:type\" content=\"article\" \/>\n<meta property=\"og:title\" content=\"ABC Translation l Prevod l Legalizacija l Nekretnine l Iseljenici\" \/>\n<meta property=\"og:description\" content=\"ABC Translation l Legalizacija l Nekretnine l Iseljenici l Tuma\u010denje l Javni bilje\u017enik l Advokatska kancelarija l Preseljenje osoba\" \/>\n<meta property=\"og:url\" content=\"https:\/\/abc-office.eu\/bs\/\" \/>\n<meta property=\"og:site_name\" content=\"ABC Translation\" \/>\n<meta property=\"article:modified_time\" content=\"2025-10-26T07:49:12+00:00\" \/>\n<meta property=\"og:image\" content=\"https:\/\/abc-office.eu\/wp-content\/uploads\/2025\/10\/6190976a-768x433-13.jpg\" \/>\n\t<meta property=\"og:image:width\" content=\"768\" \/>\n\t<meta property=\"og:image:height\" content=\"433\" \/>\n\t<meta property=\"og:image:type\" content=\"image\/jpeg\" \/>\n<meta name=\"twitter:card\" content=\"summary_large_image\" \/>\n<meta name=\"twitter:label1\" content=\"Est. reading time\" \/>\n\t<meta name=\"twitter:data1\" content=\"2 minute\" \/>\n<script type=\"application\/ld+json\" class=\"yoast-schema-graph\">{\"@context\":\"https:\/\/schema.org\",\"@graph\":[{\"@type\":\"WebPage\",\"@id\":\"https:\/\/abc-office.eu\/bs\/\",\"url\":\"https:\/\/abc-office.eu\/bs\/\",\"name\":\"ABC Translation l Prevod l Legalizacija l Nekretnine l Iseljenici\",\"isPartOf\":{\"@id\":\"https:\/\/abc-office.eu\/bs\/#website\"},\"primaryImageOfPage\":{\"@id\":\"https:\/\/abc-office.eu\/bs\/#primaryimage\"},\"image\":{\"@id\":\"https:\/\/abc-office.eu\/bs\/#primaryimage\"},\"thumbnailUrl\":\"https:\/\/abc-office.eu\/wp-content\/uploads\/2025\/10\/6190976a-768x433-13.jpg\",\"datePublished\":\"2017-02-16T08:13:19+00:00\",\"dateModified\":\"2025-10-26T07:49:12+00:00\",\"description\":\"ABC Translation l Legalizacija l Nekretnine l Iseljenici l Tuma\u010denje l Javni bilje\u017enik l Advokatska kancelarija l Preseljenje osoba\",\"breadcrumb\":{\"@id\":\"https:\/\/abc-office.eu\/bs\/#breadcrumb\"},\"inLanguage\":\"bs-BA\",\"potentialAction\":[{\"@type\":\"ReadAction\",\"target\":[\"https:\/\/abc-office.eu\/bs\/\"]}]},{\"@type\":\"ImageObject\",\"inLanguage\":\"bs-BA\",\"@id\":\"https:\/\/abc-office.eu\/bs\/#primaryimage\",\"url\":\"https:\/\/abc-office.eu\/wp-content\/uploads\/2025\/10\/6190976a-768x433-13.jpg\",\"contentUrl\":\"https:\/\/abc-office.eu\/wp-content\/uploads\/2025\/10\/6190976a-768x433-13.jpg\",\"width\":768,\"height\":433},{\"@type\":\"BreadcrumbList\",\"@id\":\"https:\/\/abc-office.eu\/bs\/#breadcrumb\",\"itemListElement\":[{\"@type\":\"ListItem\",\"position\":1,\"name\":\"Accueil\",\"item\":\"https:\/\/abc-office.eu\/bs\/\"},{\"@type\":\"ListItem\",\"position\":2,\"name\":\"Po\u010detna\"}]},{\"@type\":\"WebSite\",\"@id\":\"https:\/\/abc-office.eu\/bs\/#website\",\"url\":\"https:\/\/abc-office.eu\/bs\/\",\"name\":\"ABC Translation\",\"description\":\"info@abc-office.eu\",\"potentialAction\":[{\"@type\":\"SearchAction\",\"target\":{\"@type\":\"EntryPoint\",\"urlTemplate\":\"https:\/\/abc-office.eu\/bs\/?s={search_term_string}\"},\"query-input\":{\"@type\":\"PropertyValueSpecification\",\"valueRequired\":true,\"valueName\":\"search_term_string\"}}],\"inLanguage\":\"bs-BA\"}]}<\/script>\n<!-- \/ Yoast SEO plugin. -->","yoast_head_json":{"title":"ABC Translation l Prevod l Legalizacija l Nekretnine l Iseljenici","description":"ABC Translation l Legalizacija l Nekretnine l Iseljenici l Tuma\u010denje l Javni bilje\u017enik l Advokatska kancelarija l Preseljenje osoba","robots":{"index":"index","follow":"follow","max-snippet":"max-snippet:-1","max-image-preview":"max-image-preview:large","max-video-preview":"max-video-preview:-1"},"canonical":"https:\/\/abc-office.eu\/bs\/","og_locale":"bs_BA","og_type":"article","og_title":"ABC Translation l Prevod l Legalizacija l Nekretnine l Iseljenici","og_description":"ABC Translation l Legalizacija l Nekretnine l Iseljenici l Tuma\u010denje l Javni bilje\u017enik l Advokatska kancelarija l Preseljenje osoba","og_url":"https:\/\/abc-office.eu\/bs\/","og_site_name":"ABC Translation","article_modified_time":"2025-10-26T07:49:12+00:00","og_image":[{"width":768,"height":433,"url":"https:\/\/abc-office.eu\/wp-content\/uploads\/2025\/10\/6190976a-768x433-13.jpg","type":"image\/jpeg"}],"twitter_card":"summary_large_image","twitter_misc":{"Est. reading time":"2 minute"},"schema":{"@context":"https:\/\/schema.org","@graph":[{"@type":"WebPage","@id":"https:\/\/abc-office.eu\/bs\/","url":"https:\/\/abc-office.eu\/bs\/","name":"ABC Translation l Prevod l Legalizacija l Nekretnine l Iseljenici","isPartOf":{"@id":"https:\/\/abc-office.eu\/bs\/#website"},"primaryImageOfPage":{"@id":"https:\/\/abc-office.eu\/bs\/#primaryimage"},"image":{"@id":"https:\/\/abc-office.eu\/bs\/#primaryimage"},"thumbnailUrl":"https:\/\/abc-office.eu\/wp-content\/uploads\/2025\/10\/6190976a-768x433-13.jpg","datePublished":"2017-02-16T08:13:19+00:00","dateModified":"2025-10-26T07:49:12+00:00","description":"ABC Translation l Legalizacija l Nekretnine l Iseljenici l Tuma\u010denje l Javni bilje\u017enik l Advokatska kancelarija l Preseljenje osoba","breadcrumb":{"@id":"https:\/\/abc-office.eu\/bs\/#breadcrumb"},"inLanguage":"bs-BA","potentialAction":[{"@type":"ReadAction","target":["https:\/\/abc-office.eu\/bs\/"]}]},{"@type":"ImageObject","inLanguage":"bs-BA","@id":"https:\/\/abc-office.eu\/bs\/#primaryimage","url":"https:\/\/abc-office.eu\/wp-content\/uploads\/2025\/10\/6190976a-768x433-13.jpg","contentUrl":"https:\/\/abc-office.eu\/wp-content\/uploads\/2025\/10\/6190976a-768x433-13.jpg","width":768,"height":433},{"@type":"BreadcrumbList","@id":"https:\/\/abc-office.eu\/bs\/#breadcrumb","itemListElement":[{"@type":"ListItem","position":1,"name":"Accueil","item":"https:\/\/abc-office.eu\/bs\/"},{"@type":"ListItem","position":2,"name":"Po\u010detna"}]},{"@type":"WebSite","@id":"https:\/\/abc-office.eu\/bs\/#website","url":"https:\/\/abc-office.eu\/bs\/","name":"ABC Translation","description":"info@abc-office.eu","potentialAction":[{"@type":"SearchAction","target":{"@type":"EntryPoint","urlTemplate":"https:\/\/abc-office.eu\/bs\/?s={search_term_string}"},"query-input":{"@type":"PropertyValueSpecification","valueRequired":true,"valueName":"search_term_string"}}],"inLanguage":"bs-BA"}]}},"_links":{"self":[{"href":"https:\/\/abc-office.eu\/bs\/wp-json\/wp\/v2\/pages\/231166","targetHints":{"allow":["GET"]}}],"collection":[{"href":"https:\/\/abc-office.eu\/bs\/wp-json\/wp\/v2\/pages"}],"about":[{"href":"https:\/\/abc-office.eu\/bs\/wp-json\/wp\/v2\/types\/page"}],"author":[{"embeddable":true,"href":"https:\/\/abc-office.eu\/bs\/wp-json\/wp\/v2\/users\/1"}],"replies":[{"embeddable":true,"href":"https:\/\/abc-office.eu\/bs\/wp-json\/wp\/v2\/comments?post=231166"}],"version-history":[{"count":1,"href":"https:\/\/abc-office.eu\/bs\/wp-json\/wp\/v2\/pages\/231166\/revisions"}],"predecessor-version":[{"id":231192,"href":"https:\/\/abc-office.eu\/bs\/wp-json\/wp\/v2\/pages\/231166\/revisions\/231192"}],"wp:featuredmedia":[{"embeddable":true,"href":"https:\/\/abc-office.eu\/bs\/wp-json\/wp\/v2\/media\/231167"}],"wp:attachment":[{"href":"https:\/\/abc-office.eu\/bs\/wp-json\/wp\/v2\/media?parent=231166"}],"curies":[{"name":"wp","href":"https:\/\/api.w.org\/{rel}","templated":true}]}}